{"id":1614711373,"date":"2022-07-12T11:05:48","date_gmt":"2022-07-12T09:05:48","guid":{"rendered":"https:\/\/www.diocesicuneofossano.it\/?page_id=1614711373"},"modified":"2022-07-12T11:10:47","modified_gmt":"2022-07-12T09:10:47","slug":"informazioni-tecniche","status":"publish","type":"page","link":"https:\/\/www.diocesicuneofossano.it\/old\/ufficio-per-i-pellegrinaggi-e-il-tempo-libero\/informazioni-tecniche\/","title":{"rendered":"Informazioni tecniche"},"content":{"rendered":"<div id=\"pl-1614711373\"  class=\"panel-layout\" ><div id=\"pg-1614711373-0\"  class=\"panel-grid panel-no-style\" ><div id=\"pgc-1614711373-0-0\"  class=\"panel-grid-cell\" ><div id=\"panel-1614711373-0-0-0\" class=\"so-panel widget widget_siteorigin-panels-post-content panel-first-child\" data-index=\"0\" ><h1 class=\"entry-title\">Informazioni tecniche<\/h1><\/div><div id=\"panel-1614711373-0-0-1\" class=\"so-panel widget widget_sow-editor panel-last-child\" data-index=\"1\" ><div\n\t\t\t\n\t\t\tclass=\"so-widget-sow-editor so-widget-sow-editor-base\"\n\t\t\t\n\t\t>\n<div class=\"siteorigin-widget-tinymce textwidget\">\n\t<p><strong><span class=\"titoloParagrafo\">Peculiarit\u00e0<br \/>\n<\/span><\/strong><span class=\"testo\">In tutti i pellegrinaggi e i viaggi \u00e8 previsto un accompagnamento tecnico e spirituale: un sacerdote sar\u00e0 a disposizione per le celebrazioni (S. Messa, Confessioni,\u2026 ) e per colloqui.<br \/>\nIl sacerdote potrebbe non essere presente nei pellegrinaggi di un giorno, ma viene sempre garantita un\u2019assistenza spirituale.<\/span><\/p>\n<div class=\"clear\"><\/div>\n<p><strong><span class=\"titoloParagrafo\">Iscrizioni<br \/>\n<\/span><\/strong><span class=\"testo\">Le iscrizioni devono essere fatte personalmente nei locali dell\u2019Ufficio Pellegrinaggi versando l\u2019acconto previsto.<br \/>\nIl saldo deve essere effettuato 45 giorni prima della partenza. La quota di partecipazione potr\u00e0 subire variazioni qualora, prima dell\u2019inizio del viaggio, si verificassero delle variazioni quali il costo del trasporto, del carburante, delle tasse aeroportuali\u2026<\/span><\/p>\n<div class=\"clear\"><\/div>\n<p><strong>Riduzioni<\/strong><strong><br \/>\n<\/strong>\u2013 Su tutti i viaggi i minori di 12 anni beneficiano di uno sconto del 10%.<br \/>\nAssicurazione &amp; annullamento viaggio:<br \/>\nL\u2019assicurazione Medico\/Bagaglio e l\u2019assicurazione Annullamento Viaggio sono\u00a0<strong>incluse<\/strong>\u00a0nella quota di partecipazione ed iscrizione di ogni pellegrinaggio proposto dall\u2019 Opera Diocesana Pellegrinaggi. Pu\u00f2 essere facoltativa per altre proposte di T.O. Si raccomandata quindi ai Partecipanti di leggere attentamente le condizioni di assicurazione riportate sui vari cataloghi presenti in ufficio.<\/p>\n<\/div>\n<\/div><\/div><\/div><\/div><\/div>","protected":false},"excerpt":{"rendered":"<p>Peculiarit\u00e0 In tutti i pellegrinaggi e i viaggi \u00e8 previsto un accompagnamento tecnico e spirituale: un sacerdote sar\u00e0 a disposizione per le celebrazioni (S. Messa, Confessioni,\u2026 ) e per colloqui. Il sacerdote potrebbe non essere presente nei pellegrinaggi di un giorno, ma viene sempre garantita un\u2019assistenza spirituale. Iscrizioni Le iscrizioni devono essere fatte personalmente nei locali dell\u2019Ufficio Pellegrinaggi versando l\u2019acconto previsto. Il saldo deve essere &hellip; <a href=\"https:\/\/www.diocesicuneofossano.it\/old\/ufficio-per-i-pellegrinaggi-e-il-tempo-libero\/informazioni-tecniche\/\" class=\"more-link\">Continua a leggere <span class=\"screen-reader-text\">Informazioni tecniche<\/span> <span class=\"meta-nav\">&raquo;<\/span><\/a><\/p>\n","protected":false},"author":8,"featured_media":0,"parent":1614711367,"menu_order":0,"comment_status":"closed","ping_status":"closed","template":"","meta":{"_acf_changed":false,"footnotes":""},"class_list":["post-1614711373","page","type-page","status-publish","hentry"],"acf":[],"yoast_head":"<!-- This site is optimized with the Yoast SEO plugin v25.3 - https:\/\/yoast.com\/wordpress\/plugins\/seo\/ -->\n<title>Informazioni tecniche - OLD - Diocesi di Cuneo e di Fossano<\/title>\n<meta name=\"robots\" content=\"noindex, follow, max-snippet:-1, max-image-preview:large, max-video-preview:-1\" \/>\n<meta property=\"og:locale\" content=\"it_IT\" \/>\n<meta property=\"og:type\" content=\"article\" \/>\n<meta property=\"og:title\" content=\"Informazioni tecniche - OLD - Diocesi di Cuneo e di Fossano\" \/>\n<meta property=\"og:description\" content=\"Peculiarit\u00e0 In tutti i pellegrinaggi e i viaggi \u00e8 previsto un accompagnamento tecnico e spirituale: un sacerdote sar\u00e0 a disposizione per le celebrazioni (S. Messa, Confessioni,\u2026 ) e per colloqui. Il sacerdote potrebbe non essere presente nei pellegrinaggi di un giorno, ma viene sempre garantita un\u2019assistenza spirituale. Iscrizioni Le iscrizioni devono essere fatte personalmente nei locali dell\u2019Ufficio Pellegrinaggi versando l\u2019acconto previsto. Il saldo deve essere &hellip; Continua a leggere Informazioni tecniche &raquo;\" \/>\n<meta property=\"og:url\" content=\"https:\/\/www.diocesicuneofossano.it\/old\/ufficio-per-i-pellegrinaggi-e-il-tempo-libero\/informazioni-tecniche\/\" \/>\n<meta property=\"og:site_name\" content=\"OLD - Diocesi di Cuneo e di Fossano\" \/>\n<meta property=\"article:modified_time\" content=\"2022-07-12T09:10:47+00:00\" \/>\n<meta name=\"twitter:card\" content=\"summary_large_image\" \/>\n<meta name=\"twitter:label1\" content=\"Tempo di lettura stimato\" \/>\n\t<meta name=\"twitter:data1\" content=\"1 minuto\" \/>\n<script type=\"application\/ld+json\" class=\"yoast-schema-graph\">{\"@context\":\"https:\/\/schema.org\",\"@graph\":[{\"@type\":\"WebPage\",\"@id\":\"https:\/\/www.diocesicuneofossano.it\/old\/ufficio-per-i-pellegrinaggi-e-il-tempo-libero\/informazioni-tecniche\/\",\"url\":\"https:\/\/www.diocesicuneofossano.it\/old\/ufficio-per-i-pellegrinaggi-e-il-tempo-libero\/informazioni-tecniche\/\",\"name\":\"Informazioni tecniche - OLD - Diocesi di Cuneo e di Fossano\",\"isPartOf\":{\"@id\":\"https:\/\/www.diocesicuneofossano.it\/old\/#website\"},\"datePublished\":\"2022-07-12T09:05:48+00:00\",\"dateModified\":\"2022-07-12T09:10:47+00:00\",\"breadcrumb\":{\"@id\":\"https:\/\/www.diocesicuneofossano.it\/old\/ufficio-per-i-pellegrinaggi-e-il-tempo-libero\/informazioni-tecniche\/#breadcrumb\"},\"inLanguage\":\"it-IT\",\"potentialAction\":[{\"@type\":\"ReadAction\",\"target\":[\"https:\/\/www.diocesicuneofossano.it\/old\/ufficio-per-i-pellegrinaggi-e-il-tempo-libero\/informazioni-tecniche\/\"]}]},{\"@type\":\"BreadcrumbList\",\"@id\":\"https:\/\/www.diocesicuneofossano.it\/old\/ufficio-per-i-pellegrinaggi-e-il-tempo-libero\/informazioni-tecniche\/#breadcrumb\",\"itemListElement\":[{\"@type\":\"ListItem\",\"position\":1,\"name\":\"Home\",\"item\":\"https:\/\/www.diocesicuneofossano.it\/old\/\"},{\"@type\":\"ListItem\",\"position\":2,\"name\":\"Ufficio per i pellegrinaggi e il tempo libero\",\"item\":\"https:\/\/www.diocesicuneofossano.it\/old\/ufficio-per-i-pellegrinaggi-e-il-tempo-libero\/\"},{\"@type\":\"ListItem\",\"position\":3,\"name\":\"Informazioni tecniche\"}]},{\"@type\":\"WebSite\",\"@id\":\"https:\/\/www.diocesicuneofossano.it\/old\/#website\",\"url\":\"https:\/\/www.diocesicuneofossano.it\/old\/\",\"name\":\"OLD - Diocesi di Cuneo e di Fossano\",\"description\":\"\",\"potentialAction\":[{\"@type\":\"SearchAction\",\"target\":{\"@type\":\"EntryPoint\",\"urlTemplate\":\"https:\/\/www.diocesicuneofossano.it\/old\/?s={search_term_string}\"},\"query-input\":{\"@type\":\"PropertyValueSpecification\",\"valueRequired\":true,\"valueName\":\"search_term_string\"}}],\"inLanguage\":\"it-IT\"}]}<\/script>\n<!-- \/ Yoast SEO plugin. -->","yoast_head_json":{"title":"Informazioni tecniche - OLD - Diocesi di Cuneo e di Fossano","robots":{"index":"noindex","follow":"follow","max-snippet":"max-snippet:-1","max-image-preview":"max-image-preview:large","max-video-preview":"max-video-preview:-1"},"og_locale":"it_IT","og_type":"article","og_title":"Informazioni tecniche - OLD - Diocesi di Cuneo e di Fossano","og_description":"Peculiarit\u00e0 In tutti i pellegrinaggi e i viaggi \u00e8 previsto un accompagnamento tecnico e spirituale: un sacerdote sar\u00e0 a disposizione per le celebrazioni (S. Messa, Confessioni,\u2026 ) e per colloqui. Il sacerdote potrebbe non essere presente nei pellegrinaggi di un giorno, ma viene sempre garantita un\u2019assistenza spirituale. Iscrizioni Le iscrizioni devono essere fatte personalmente nei locali dell\u2019Ufficio Pellegrinaggi versando l\u2019acconto previsto. Il saldo deve essere &hellip; Continua a leggere Informazioni tecniche &raquo;","og_url":"https:\/\/www.diocesicuneofossano.it\/old\/ufficio-per-i-pellegrinaggi-e-il-tempo-libero\/informazioni-tecniche\/","og_site_name":"OLD - Diocesi di Cuneo e di Fossano","article_modified_time":"2022-07-12T09:10:47+00:00","twitter_card":"summary_large_image","twitter_misc":{"Tempo di lettura stimato":"1 minuto"},"schema":{"@context":"https:\/\/schema.org","@graph":[{"@type":"WebPage","@id":"https:\/\/www.diocesicuneofossano.it\/old\/ufficio-per-i-pellegrinaggi-e-il-tempo-libero\/informazioni-tecniche\/","url":"https:\/\/www.diocesicuneofossano.it\/old\/ufficio-per-i-pellegrinaggi-e-il-tempo-libero\/informazioni-tecniche\/","name":"Informazioni tecniche - OLD - Diocesi di Cuneo e di Fossano","isPartOf":{"@id":"https:\/\/www.diocesicuneofossano.it\/old\/#website"},"datePublished":"2022-07-12T09:05:48+00:00","dateModified":"2022-07-12T09:10:47+00:00","breadcrumb":{"@id":"https:\/\/www.diocesicuneofossano.it\/old\/ufficio-per-i-pellegrinaggi-e-il-tempo-libero\/informazioni-tecniche\/#breadcrumb"},"inLanguage":"it-IT","potentialAction":[{"@type":"ReadAction","target":["https:\/\/www.diocesicuneofossano.it\/old\/ufficio-per-i-pellegrinaggi-e-il-tempo-libero\/informazioni-tecniche\/"]}]},{"@type":"BreadcrumbList","@id":"https:\/\/www.diocesicuneofossano.it\/old\/ufficio-per-i-pellegrinaggi-e-il-tempo-libero\/informazioni-tecniche\/#breadcrumb","itemListElement":[{"@type":"ListItem","position":1,"name":"Home","item":"https:\/\/www.diocesicuneofossano.it\/old\/"},{"@type":"ListItem","position":2,"name":"Ufficio per i pellegrinaggi e il tempo libero","item":"https:\/\/www.diocesicuneofossano.it\/old\/ufficio-per-i-pellegrinaggi-e-il-tempo-libero\/"},{"@type":"ListItem","position":3,"name":"Informazioni tecniche"}]},{"@type":"WebSite","@id":"https:\/\/www.diocesicuneofossano.it\/old\/#website","url":"https:\/\/www.diocesicuneofossano.it\/old\/","name":"OLD - Diocesi di Cuneo e di Fossano","description":"","potentialAction":[{"@type":"SearchAction","target":{"@type":"EntryPoint","urlTemplate":"https:\/\/www.diocesicuneofossano.it\/old\/?s={search_term_string}"},"query-input":{"@type":"PropertyValueSpecification","valueRequired":true,"valueName":"search_term_string"}}],"inLanguage":"it-IT"}]}},"_links":{"self":[{"href":"https:\/\/www.diocesicuneofossano.it\/old\/wp-json\/wp\/v2\/pages\/1614711373"}],"collection":[{"href":"https:\/\/www.diocesicuneofossano.it\/old\/wp-json\/wp\/v2\/pages"}],"about":[{"href":"https:\/\/www.diocesicuneofossano.it\/old\/wp-json\/wp\/v2\/types\/page"}],"author":[{"embeddable":true,"href":"https:\/\/www.diocesicuneofossano.it\/old\/wp-json\/wp\/v2\/users\/8"}],"replies":[{"embeddable":true,"href":"https:\/\/www.diocesicuneofossano.it\/old\/wp-json\/wp\/v2\/comments?post=1614711373"}],"version-history":[{"count":1,"href":"https:\/\/www.diocesicuneofossano.it\/old\/wp-json\/wp\/v2\/pages\/1614711373\/revisions"}],"predecessor-version":[{"id":1614711374,"href":"https:\/\/www.diocesicuneofossano.it\/old\/wp-json\/wp\/v2\/pages\/1614711373\/revisions\/1614711374"}],"up":[{"embeddable":true,"href":"https:\/\/www.diocesicuneofossano.it\/old\/wp-json\/wp\/v2\/pages\/1614711367"}],"wp:attachment":[{"href":"https:\/\/www.diocesicuneofossano.it\/old\/wp-json\/wp\/v2\/media?parent=1614711373"}],"curies":[{"name":"wp","href":"https:\/\/api.w.org\/{rel}","templated":true}]}}