{"id":1614707501,"date":"2022-03-25T09:34:33","date_gmt":"2022-03-25T08:34:33","guid":{"rendered":"https:\/\/www.diocesicuneofossano.it\/?page_id=1614707501"},"modified":"2022-03-25T09:42:12","modified_gmt":"2022-03-25T08:42:12","slug":"chi-siamo","status":"publish","type":"page","link":"https:\/\/www.diocesicuneofossano.it\/old\/caritas-cuneo\/chi-siamo\/","title":{"rendered":"Chi siamo"},"content":{"rendered":"<div id=\"pl-1614707501\"  class=\"panel-layout\" ><div id=\"pg-1614707501-0\"  class=\"panel-grid panel-no-style\" ><div id=\"pgc-1614707501-0-0\"  class=\"panel-grid-cell\" ><div id=\"panel-1614707501-0-0-0\" class=\"so-panel widget widget_siteorigin-panels-post-content panel-first-child\" data-index=\"0\" ><h1 class=\"entry-title\">Chi siamo<\/h1><\/div><div id=\"panel-1614707501-0-0-1\" class=\"so-panel widget widget_sow-editor panel-last-child\" data-index=\"1\" ><div\n\t\t\t\n\t\t\tclass=\"so-widget-sow-editor so-widget-sow-editor-base\"\n\t\t\t\n\t\t>\n<div class=\"siteorigin-widget-tinymce textwidget\">\n\t<p><a href=\"https:\/\/www.diocesicuneofossano.it\/wp-content\/uploads\/sites\/2\/2022\/03\/animazione.jpg\"><img loading=\"lazy\" decoding=\"async\" class=\"size-thumbnail wp-image-1614707505 alignleft\" src=\"https:\/\/www.diocesicuneofossano.it\/wp-content\/uploads\/sites\/2\/2022\/03\/animazione-150x150.jpg\" alt=\"\" width=\"150\" height=\"150\" \/><\/a>La Caritas diocesana \u00e8 l\u2019organismo pastorale istituito dal Vescovo al fine di promuovere la testimonianza della carit\u00e0 della comunit\u00e0 ecclesiale diocesana, in forme consone ai tempi e ai bisogni, in vista dello sviluppo integrale dell\u2019uomo, della giustizia sociale, della pace, con particolare attenzione agli ultimi e con prevalente funzione pedagogica.<\/p>\n<p>La Caritas Diocesana \u00e8 l\u2019organismo pastorale, espressione della Chiesa, con il compito di animare le comunit\u00e0 ecclesiali al senso di carit\u00e0 verso le persone e le comunit\u00e0 in situazione di difficolt\u00e0 e al dovere di tradurlo in interventi concreti con carattere promozionale e ove possibile preventivo.<\/p>\n<\/div>\n<\/div><\/div><\/div><\/div><\/div>","protected":false},"excerpt":{"rendered":"<p>La Caritas diocesana \u00e8 l\u2019organismo pastorale istituito dal Vescovo al fine di promuovere la testimonianza della carit\u00e0 della comunit\u00e0 ecclesiale diocesana, in forme consone ai tempi e ai bisogni, in vista dello sviluppo integrale dell\u2019uomo, della giustizia sociale, della pace, con particolare attenzione agli ultimi e con prevalente funzione pedagogica. La Caritas Diocesana \u00e8 l\u2019organismo pastorale, espressione della Chiesa, con il compito di animare le &hellip; <a href=\"https:\/\/www.diocesicuneofossano.it\/old\/caritas-cuneo\/chi-siamo\/\" class=\"more-link\">Continua a leggere <span class=\"screen-reader-text\">Chi siamo<\/span> <span class=\"meta-nav\">&raquo;<\/span><\/a><\/p>\n","protected":false},"author":8,"featured_media":0,"parent":1614704067,"menu_order":0,"comment_status":"closed","ping_status":"closed","template":"","meta":{"_acf_changed":false,"footnotes":""},"class_list":["post-1614707501","page","type-page","status-publish","hentry"],"acf":[],"yoast_head":"<!-- This site is optimized with the Yoast SEO plugin v25.3 - https:\/\/yoast.com\/wordpress\/plugins\/seo\/ -->\n<title>Chi siamo - OLD - Diocesi di Cuneo e di Fossano<\/title>\n<meta name=\"robots\" content=\"noindex, follow, max-snippet:-1, max-image-preview:large, max-video-preview:-1\" \/>\n<meta property=\"og:locale\" content=\"it_IT\" \/>\n<meta property=\"og:type\" content=\"article\" \/>\n<meta property=\"og:title\" content=\"Chi siamo - OLD - Diocesi di Cuneo e di Fossano\" \/>\n<meta property=\"og:description\" content=\"La Caritas diocesana \u00e8 l\u2019organismo pastorale istituito dal Vescovo al fine di promuovere la testimonianza della carit\u00e0 della comunit\u00e0 ecclesiale diocesana, in forme consone ai tempi e ai bisogni, in vista dello sviluppo integrale dell\u2019uomo, della giustizia sociale, della pace, con particolare attenzione agli ultimi e con prevalente funzione pedagogica. La Caritas Diocesana \u00e8 l\u2019organismo pastorale, espressione della Chiesa, con il compito di animare le &hellip; Continua a leggere Chi siamo &raquo;\" \/>\n<meta property=\"og:url\" content=\"https:\/\/www.diocesicuneofossano.it\/old\/caritas-cuneo\/chi-siamo\/\" \/>\n<meta property=\"og:site_name\" content=\"OLD - Diocesi di Cuneo e di Fossano\" \/>\n<meta property=\"article:modified_time\" content=\"2022-03-25T08:42:12+00:00\" \/>\n<meta property=\"og:image\" content=\"https:\/\/www.diocesicuneofossano.it\/wp-content\/uploads\/sites\/2\/2022\/03\/animazione-150x150.jpg\" \/>\n<meta name=\"twitter:card\" content=\"summary_large_image\" \/>\n<meta name=\"twitter:label1\" content=\"Tempo di lettura stimato\" \/>\n\t<meta name=\"twitter:data1\" content=\"1 minuto\" \/>\n<script type=\"application\/ld+json\" class=\"yoast-schema-graph\">{\"@context\":\"https:\/\/schema.org\",\"@graph\":[{\"@type\":\"WebPage\",\"@id\":\"https:\/\/www.diocesicuneofossano.it\/old\/caritas-cuneo\/chi-siamo\/\",\"url\":\"https:\/\/www.diocesicuneofossano.it\/old\/caritas-cuneo\/chi-siamo\/\",\"name\":\"Chi siamo - OLD - Diocesi di Cuneo e di Fossano\",\"isPartOf\":{\"@id\":\"https:\/\/www.diocesicuneofossano.it\/old\/#website\"},\"primaryImageOfPage\":{\"@id\":\"https:\/\/www.diocesicuneofossano.it\/old\/caritas-cuneo\/chi-siamo\/#primaryimage\"},\"image\":{\"@id\":\"https:\/\/www.diocesicuneofossano.it\/old\/caritas-cuneo\/chi-siamo\/#primaryimage\"},\"thumbnailUrl\":\"https:\/\/www.diocesicuneofossano.it\/wp-content\/uploads\/sites\/2\/2022\/03\/animazione-150x150.jpg\",\"datePublished\":\"2022-03-25T08:34:33+00:00\",\"dateModified\":\"2022-03-25T08:42:12+00:00\",\"breadcrumb\":{\"@id\":\"https:\/\/www.diocesicuneofossano.it\/old\/caritas-cuneo\/chi-siamo\/#breadcrumb\"},\"inLanguage\":\"it-IT\",\"potentialAction\":[{\"@type\":\"ReadAction\",\"target\":[\"https:\/\/www.diocesicuneofossano.it\/old\/caritas-cuneo\/chi-siamo\/\"]}]},{\"@type\":\"ImageObject\",\"inLanguage\":\"it-IT\",\"@id\":\"https:\/\/www.diocesicuneofossano.it\/old\/caritas-cuneo\/chi-siamo\/#primaryimage\",\"url\":\"https:\/\/www.diocesicuneofossano.it\/wp-content\/uploads\/sites\/2\/2022\/03\/animazione-150x150.jpg\",\"contentUrl\":\"https:\/\/www.diocesicuneofossano.it\/wp-content\/uploads\/sites\/2\/2022\/03\/animazione-150x150.jpg\"},{\"@type\":\"BreadcrumbList\",\"@id\":\"https:\/\/www.diocesicuneofossano.it\/old\/caritas-cuneo\/chi-siamo\/#breadcrumb\",\"itemListElement\":[{\"@type\":\"ListItem\",\"position\":1,\"name\":\"Home\",\"item\":\"https:\/\/www.diocesicuneofossano.it\/old\/\"},{\"@type\":\"ListItem\",\"position\":2,\"name\":\"Caritas Cuneo\",\"item\":\"https:\/\/www.diocesicuneofossano.it\/old\/caritas-cuneo\/\"},{\"@type\":\"ListItem\",\"position\":3,\"name\":\"Chi siamo\"}]},{\"@type\":\"WebSite\",\"@id\":\"https:\/\/www.diocesicuneofossano.it\/old\/#website\",\"url\":\"https:\/\/www.diocesicuneofossano.it\/old\/\",\"name\":\"OLD - Diocesi di Cuneo e di Fossano\",\"description\":\"\",\"potentialAction\":[{\"@type\":\"SearchAction\",\"target\":{\"@type\":\"EntryPoint\",\"urlTemplate\":\"https:\/\/www.diocesicuneofossano.it\/old\/?s={search_term_string}\"},\"query-input\":{\"@type\":\"PropertyValueSpecification\",\"valueRequired\":true,\"valueName\":\"search_term_string\"}}],\"inLanguage\":\"it-IT\"}]}<\/script>\n<!-- \/ Yoast SEO plugin. -->","yoast_head_json":{"title":"Chi siamo - OLD - Diocesi di Cuneo e di Fossano","robots":{"index":"noindex","follow":"follow","max-snippet":"max-snippet:-1","max-image-preview":"max-image-preview:large","max-video-preview":"max-video-preview:-1"},"og_locale":"it_IT","og_type":"article","og_title":"Chi siamo - OLD - Diocesi di Cuneo e di Fossano","og_description":"La Caritas diocesana \u00e8 l\u2019organismo pastorale istituito dal Vescovo al fine di promuovere la testimonianza della carit\u00e0 della comunit\u00e0 ecclesiale diocesana, in forme consone ai tempi e ai bisogni, in vista dello sviluppo integrale dell\u2019uomo, della giustizia sociale, della pace, con particolare attenzione agli ultimi e con prevalente funzione pedagogica. La Caritas Diocesana \u00e8 l\u2019organismo pastorale, espressione della Chiesa, con il compito di animare le &hellip; Continua a leggere Chi siamo &raquo;","og_url":"https:\/\/www.diocesicuneofossano.it\/old\/caritas-cuneo\/chi-siamo\/","og_site_name":"OLD - Diocesi di Cuneo e di Fossano","article_modified_time":"2022-03-25T08:42:12+00:00","og_image":[{"url":"https:\/\/www.diocesicuneofossano.it\/wp-content\/uploads\/sites\/2\/2022\/03\/animazione-150x150.jpg","type":"","width":"","height":""}],"twitter_card":"summary_large_image","twitter_misc":{"Tempo di lettura stimato":"1 minuto"},"schema":{"@context":"https:\/\/schema.org","@graph":[{"@type":"WebPage","@id":"https:\/\/www.diocesicuneofossano.it\/old\/caritas-cuneo\/chi-siamo\/","url":"https:\/\/www.diocesicuneofossano.it\/old\/caritas-cuneo\/chi-siamo\/","name":"Chi siamo - OLD - Diocesi di Cuneo e di Fossano","isPartOf":{"@id":"https:\/\/www.diocesicuneofossano.it\/old\/#website"},"primaryImageOfPage":{"@id":"https:\/\/www.diocesicuneofossano.it\/old\/caritas-cuneo\/chi-siamo\/#primaryimage"},"image":{"@id":"https:\/\/www.diocesicuneofossano.it\/old\/caritas-cuneo\/chi-siamo\/#primaryimage"},"thumbnailUrl":"https:\/\/www.diocesicuneofossano.it\/wp-content\/uploads\/sites\/2\/2022\/03\/animazione-150x150.jpg","datePublished":"2022-03-25T08:34:33+00:00","dateModified":"2022-03-25T08:42:12+00:00","breadcrumb":{"@id":"https:\/\/www.diocesicuneofossano.it\/old\/caritas-cuneo\/chi-siamo\/#breadcrumb"},"inLanguage":"it-IT","potentialAction":[{"@type":"ReadAction","target":["https:\/\/www.diocesicuneofossano.it\/old\/caritas-cuneo\/chi-siamo\/"]}]},{"@type":"ImageObject","inLanguage":"it-IT","@id":"https:\/\/www.diocesicuneofossano.it\/old\/caritas-cuneo\/chi-siamo\/#primaryimage","url":"https:\/\/www.diocesicuneofossano.it\/wp-content\/uploads\/sites\/2\/2022\/03\/animazione-150x150.jpg","contentUrl":"https:\/\/www.diocesicuneofossano.it\/wp-content\/uploads\/sites\/2\/2022\/03\/animazione-150x150.jpg"},{"@type":"BreadcrumbList","@id":"https:\/\/www.diocesicuneofossano.it\/old\/caritas-cuneo\/chi-siamo\/#breadcrumb","itemListElement":[{"@type":"ListItem","position":1,"name":"Home","item":"https:\/\/www.diocesicuneofossano.it\/old\/"},{"@type":"ListItem","position":2,"name":"Caritas Cuneo","item":"https:\/\/www.diocesicuneofossano.it\/old\/caritas-cuneo\/"},{"@type":"ListItem","position":3,"name":"Chi siamo"}]},{"@type":"WebSite","@id":"https:\/\/www.diocesicuneofossano.it\/old\/#website","url":"https:\/\/www.diocesicuneofossano.it\/old\/","name":"OLD - Diocesi di Cuneo e di Fossano","description":"","potentialAction":[{"@type":"SearchAction","target":{"@type":"EntryPoint","urlTemplate":"https:\/\/www.diocesicuneofossano.it\/old\/?s={search_term_string}"},"query-input":{"@type":"PropertyValueSpecification","valueRequired":true,"valueName":"search_term_string"}}],"inLanguage":"it-IT"}]}},"_links":{"self":[{"href":"https:\/\/www.diocesicuneofossano.it\/old\/wp-json\/wp\/v2\/pages\/1614707501"}],"collection":[{"href":"https:\/\/www.diocesicuneofossano.it\/old\/wp-json\/wp\/v2\/pages"}],"about":[{"href":"https:\/\/www.diocesicuneofossano.it\/old\/wp-json\/wp\/v2\/types\/page"}],"author":[{"embeddable":true,"href":"https:\/\/www.diocesicuneofossano.it\/old\/wp-json\/wp\/v2\/users\/8"}],"replies":[{"embeddable":true,"href":"https:\/\/www.diocesicuneofossano.it\/old\/wp-json\/wp\/v2\/comments?post=1614707501"}],"version-history":[{"count":2,"href":"https:\/\/www.diocesicuneofossano.it\/old\/wp-json\/wp\/v2\/pages\/1614707501\/revisions"}],"predecessor-version":[{"id":1614707506,"href":"https:\/\/www.diocesicuneofossano.it\/old\/wp-json\/wp\/v2\/pages\/1614707501\/revisions\/1614707506"}],"up":[{"embeddable":true,"href":"https:\/\/www.diocesicuneofossano.it\/old\/wp-json\/wp\/v2\/pages\/1614704067"}],"wp:attachment":[{"href":"https:\/\/www.diocesicuneofossano.it\/old\/wp-json\/wp\/v2\/media?parent=1614707501"}],"curies":[{"name":"wp","href":"https:\/\/api.w.org\/{rel}","templated":true}]}}