{"id":1614706993,"date":"2022-03-16T16:39:51","date_gmt":"2022-03-16T15:39:51","guid":{"rendered":"https:\/\/www.diocesicuneofossano.it\/?page_id=1614706993"},"modified":"2022-03-17T10:10:31","modified_gmt":"2022-03-17T09:10:31","slug":"commissione-giustizia-e-pace","status":"publish","type":"page","link":"https:\/\/www.diocesicuneofossano.it\/old\/pastorale-sociale-e-del-lavoro\/commissione-giustizia-e-pace\/","title":{"rendered":"Commissione Giustizia e Pace"},"content":{"rendered":"<div id=\"pl-1614706993\"  class=\"panel-layout\" ><div id=\"pg-1614706993-0\"  class=\"panel-grid panel-no-style\" ><div id=\"pgc-1614706993-0-0\"  class=\"panel-grid-cell\" ><div id=\"panel-1614706993-0-0-0\" class=\"so-panel widget widget_siteorigin-panels-post-content panel-first-child\" data-index=\"0\" ><h1 class=\"entry-title\">Commissione Giustizia e Pace<\/h1><\/div><div id=\"panel-1614706993-0-0-1\" class=\"so-panel widget widget_sow-editor\" data-index=\"1\" ><div\n\t\t\t\n\t\t\tclass=\"so-widget-sow-editor so-widget-sow-editor-base\"\n\t\t\t\n\t\t>\n<div class=\"siteorigin-widget-tinymce textwidget\">\n\t<p>\u201cLa Chiesa che \u00e8 in Italia si sente oggi urgentemente impegnata a promuovere la giustizia e la pace, per la responsabilit\u00e0 che ha verso il nostro Paese e per la solidariet\u00e0 con ogni persona ed ogni popolo\u201d.<\/p>\n<p>Si apre cos\u00ec il preambolo dello Statuto della Commissione Diocesana Giustizia e Pace che trova le sue radici nel Motu proprio \u201cJustitiam et pacem\u201d del 10 dicembre 1976.<br \/>Da allora cos\u00ec come oggi la Commissione si adopera per:<br \/>\u2013 educare la comunit\u00e0 ai valori della giustizia e della pace;<br \/>\u2013 tutelare i diritti delle persone e delle comunit\u00e0;<br \/>\u2013 salvaguardare l\u2019ambiente di vita degli esseri umani;<br \/>\u2013 sviluppare l\u2019attenzione alla mondialit\u00e0;<br \/>\u2013 studiare quindi i problemi connessi alle finalit\u00e0 della Commissione;<br \/>\u2013 individuare e denunciare le ingiustizie, le violazioni e le negazioni dei diritti umani;<br \/>\u2013 promuovere iniziative di sensibilizzazione delle comunit\u00e0 e dei cristiani sui problemi della giustizia e della pace.<\/p>\n<p>Tra le pi\u00f9 importanti iniziative promosse dalla Commissione Giustizia e Pace vi \u00e8 Parole Fra Continenti e la Carovana della Pace.<\/p>\n<\/div>\n<\/div><\/div><div id=\"panel-1614706993-0-0-2\" class=\"so-panel widget widget_ink-blog panel-last-child\" data-index=\"2\" ><div\n\t\t\t\n\t\t\tclass=\"so-widget-ink-blog so-widget-ink-blog-thumb-left-4ce76575a498-1614706993\"\n\t\t\t\n\t\t>\n\n\n\t<div class=\"iw-so-blog\">\n\n\t\t<div id=\"my-ajax-blog-widget\">\n\n\t\t\t<div class=\"iw-so-blog-container iw-so-blog-equal-height\">\n\n\t\t\t\t\n\t\t\t\t\t<div class=\"iw-so-article iw-so-thumb-left iw-so-blog-one-column iw-so-last-col\">\n\n\t\t\t\t\t\t\n\t\t\t\t\t\t\t<div class=\"iw-so-article-thumb iw-so-blog-article-responsive\">\n\n\t\t\t\t\t\t\t\t\n\t\t\t\t\t\t\t\t\t<a href=\"https:\/\/www.diocesicuneofossano.it\/old\/2022\/04\/22\/per-vivere-la-festa-del-lavoro-alla-luce-del-vangelo\/\">\n\t\t\t\t\t\t\t\t\t\t<center><a href=\"https:\/\/www.diocesicuneofossano.it\/old\/2022\/04\/22\/per-vivere-la-festa-del-lavoro-alla-luce-del-vangelo\/\" title=\"Per vivere la festa del lavoro alla luce del Vangelo\"><img loading=\"lazy\" decoding=\"async\" width=\"300\" height=\"148\" src=\"https:\/\/www.diocesicuneofossano.it\/old\/wp-content\/uploads\/sites\/2\/2019\/05\/EDV15-CUSSANIO-300x148.jpg\" class=\"attachment-medium size-medium wp-post-image\" alt=\"\" srcset=\"https:\/\/www.diocesicuneofossano.it\/old\/wp-content\/uploads\/sites\/2\/2019\/05\/EDV15-CUSSANIO-300x148.jpg 300w, https:\/\/www.diocesicuneofossano.it\/old\/wp-content\/uploads\/sites\/2\/2019\/05\/EDV15-CUSSANIO-768x380.jpg 768w, https:\/\/www.diocesicuneofossano.it\/old\/wp-content\/uploads\/sites\/2\/2019\/05\/EDV15-CUSSANIO-800x396.jpg 800w, https:\/\/www.diocesicuneofossano.it\/old\/wp-content\/uploads\/sites\/2\/2019\/05\/EDV15-CUSSANIO.jpg 990w\" sizes=\"(max-width: 300px) 100vw, 300px\" \/><\/a><\/center>\n\t\t\t\t\t\t\t\t\t\t\t\t\t\t\t\t\t\t\t<\/a>\n\n\t\t\t\t\t\t\t\t\n\t\t\t\t\t\t\t<\/div>\n\n\t\t\t\t\t\t\n\t\t\t\t\t\t<div class=\"iw-so-article-content iw-so-blog-article-responsive\">\n\n\t\t\t\t\t\t\t\n\t\t\t\t\t\t\t<h6 class=\"iw-so-article-title iw-text-left\">\n\t\t\t\t\t\t\t\t<a href=\"https:\/\/www.diocesicuneofossano.it\/old\/2022\/04\/22\/per-vivere-la-festa-del-lavoro-alla-luce-del-vangelo\/\">\t\t\t\t\t\t\t\t\tPer vivere la festa del lavoro alla luce del Vangelo\t\t\t\t\t\t\t\t<\/a>\t\t\t\t\t\t\t<\/h6>\n\n\t\t\t\t\t\t\t\n\t\t\t\t\t\t\t\n\t\t\t\t\t\t\t\t<p class=\"iw-so-article-excerpt iw-text-left\">\n\t\t\t\t\t\t\t\t\t\t\t\t\t\t\t\t\t\t\t<a href=\"https:\/\/www.diocesicuneofossano.it\/old\/2022\/04\/22\/per-vivere-la-festa-del-lavoro-alla-luce-del-vangelo\/\">\n\t\t\t\t\t\t\t\t\t\t\t&#8220;La vera ricchezza sono le persone: senza di esse non c\u2019\u00e8 comunit\u00e0 di lavoro, non c\u2019\u00e8 impresa, non c\u2019\u00e8 economia. La sicurezza dei luoghi di lavoro significa custodia delle...\t\t\t\t\t\t\t\t\t\t<\/a>\n\t\t\t\t\t\t\t\t\t\t\t\t\t\t\t\t\t<\/p>\n\n\t\t\t\t\t\t\t\n\t\t\t\t\t\t\t\n\t\t\t\t\t\t\t\n\t\t\t\t\t\t<\/div>\n\n\t\t\t\t\t<\/div>\n\n\t\t\t\t\t\n\t\t\t\t\n\t\t\t\t\t<div class=\"iw-so-article iw-so-thumb-left iw-so-blog-one-column iw-so-last-col\">\n\n\t\t\t\t\t\t\n\t\t\t\t\t\t\t<div class=\"iw-so-article-thumb iw-so-blog-article-responsive\">\n\n\t\t\t\t\t\t\t\t\n\t\t\t\t\t\t\t\t\t<a href=\"https:\/\/www.diocesicuneofossano.it\/old\/2022\/03\/15\/inalberiamoci-ciclo-di-incontri-e-di-riflessioni-spirituali-sul-creato\/\">\n\t\t\t\t\t\t\t\t\t\t<center><a href=\"https:\/\/www.diocesicuneofossano.it\/old\/2022\/03\/15\/inalberiamoci-ciclo-di-incontri-e-di-riflessioni-spirituali-sul-creato\/\" title=\"Inalberiamoci: ciclo di incontri e di riflessioni spirituali sul creato\"><img loading=\"lazy\" decoding=\"async\" width=\"225\" height=\"300\" src=\"https:\/\/www.diocesicuneofossano.it\/old\/wp-content\/uploads\/sites\/2\/2022\/03\/IMG_1569-225x300.jpg\" class=\"attachment-medium size-medium wp-post-image\" alt=\"\" srcset=\"https:\/\/www.diocesicuneofossano.it\/old\/wp-content\/uploads\/sites\/2\/2022\/03\/IMG_1569-225x300.jpg 225w, https:\/\/www.diocesicuneofossano.it\/old\/wp-content\/uploads\/sites\/2\/2022\/03\/IMG_1569-768x1024.jpg 768w, https:\/\/www.diocesicuneofossano.it\/old\/wp-content\/uploads\/sites\/2\/2022\/03\/IMG_1569-1152x1536.jpg 1152w, https:\/\/www.diocesicuneofossano.it\/old\/wp-content\/uploads\/sites\/2\/2022\/03\/IMG_1569-1536x2048.jpg 1536w, https:\/\/www.diocesicuneofossano.it\/old\/wp-content\/uploads\/sites\/2\/2022\/03\/IMG_1569-600x800.jpg 600w, https:\/\/www.diocesicuneofossano.it\/old\/wp-content\/uploads\/sites\/2\/2022\/03\/IMG_1569-1200x1600.jpg 1200w, https:\/\/www.diocesicuneofossano.it\/old\/wp-content\/uploads\/sites\/2\/2022\/03\/IMG_1569-800x1067.jpg 800w, https:\/\/www.diocesicuneofossano.it\/old\/wp-content\/uploads\/sites\/2\/2022\/03\/IMG_1569-1320x1760.jpg 1320w, https:\/\/www.diocesicuneofossano.it\/old\/wp-content\/uploads\/sites\/2\/2022\/03\/IMG_1569-scaled.jpg 1920w\" sizes=\"(max-width: 225px) 100vw, 225px\" \/><\/a><\/center>\n\t\t\t\t\t\t\t\t\t\t\t\t\t\t\t\t\t\t\t<\/a>\n\n\t\t\t\t\t\t\t\t\n\t\t\t\t\t\t\t<\/div>\n\n\t\t\t\t\t\t\n\t\t\t\t\t\t<div class=\"iw-so-article-content iw-so-blog-article-responsive\">\n\n\t\t\t\t\t\t\t\n\t\t\t\t\t\t\t<h6 class=\"iw-so-article-title iw-text-left\">\n\t\t\t\t\t\t\t\t<a href=\"https:\/\/www.diocesicuneofossano.it\/old\/2022\/03\/15\/inalberiamoci-ciclo-di-incontri-e-di-riflessioni-spirituali-sul-creato\/\">\t\t\t\t\t\t\t\t\tInalberiamoci: ciclo di incontri e di riflessioni spirituali sul creato\t\t\t\t\t\t\t\t<\/a>\t\t\t\t\t\t\t<\/h6>\n\n\t\t\t\t\t\t\t\n\t\t\t\t\t\t\t\n\t\t\t\t\t\t\t\t<p class=\"iw-so-article-excerpt iw-text-left\">\n\t\t\t\t\t\t\t\t\t\t\t\t\t\t\t\t\t\t\t<a href=\"https:\/\/www.diocesicuneofossano.it\/old\/2022\/03\/15\/inalberiamoci-ciclo-di-incontri-e-di-riflessioni-spirituali-sul-creato\/\">\n\t\t\t\t\t\t\t\t\t\t\tIn questi tempi cos\u00ec bui parlare di biodiversit\u00e0 e di alberi? Direi proprio che ha un suo senso profondo. Ormai abbiamo capito che \u201ctutto \u00e8 connesso\u201d e che viviamo...\t\t\t\t\t\t\t\t\t\t<\/a>\n\t\t\t\t\t\t\t\t\t\t\t\t\t\t\t\t\t<\/p>\n\n\t\t\t\t\t\t\t\n\t\t\t\t\t\t\t\n\t\t\t\t\t\t\t\n\t\t\t\t\t\t<\/div>\n\n\t\t\t\t\t<\/div>\n\n\t\t\t\t\t\n\t\t\t\t\n\t\t\t\t\t<div class=\"iw-so-article iw-so-thumb-left iw-so-blog-one-column iw-so-last-col\">\n\n\t\t\t\t\t\t\n\t\t\t\t\t\t\t<div class=\"iw-so-article-thumb iw-so-blog-article-responsive\">\n\n\t\t\t\t\t\t\t\t\n\t\t\t\t\t\t\t\t\t<a href=\"https:\/\/www.diocesicuneofossano.it\/old\/2021\/09\/03\/corso-ecologia-integrale\/\">\n\t\t\t\t\t\t\t\t\t\t<center><a href=\"https:\/\/www.diocesicuneofossano.it\/old\/2021\/09\/03\/corso-ecologia-integrale\/\" title=\"Corso per vivere l&#8217;ecologia integrale\"><img loading=\"lazy\" decoding=\"async\" width=\"300\" height=\"281\" src=\"https:\/\/www.diocesicuneofossano.it\/old\/wp-content\/uploads\/sites\/2\/2021\/08\/ecologia-integrale-300x281.jpg\" class=\"attachment-medium size-medium wp-post-image\" alt=\"\" srcset=\"https:\/\/www.diocesicuneofossano.it\/old\/wp-content\/uploads\/sites\/2\/2021\/08\/ecologia-integrale-300x281.jpg 300w, https:\/\/www.diocesicuneofossano.it\/old\/wp-content\/uploads\/sites\/2\/2021\/08\/ecologia-integrale-768x719.jpg 768w, https:\/\/www.diocesicuneofossano.it\/old\/wp-content\/uploads\/sites\/2\/2021\/08\/ecologia-integrale-600x562.jpg 600w, https:\/\/www.diocesicuneofossano.it\/old\/wp-content\/uploads\/sites\/2\/2021\/08\/ecologia-integrale-800x749.jpg 800w, https:\/\/www.diocesicuneofossano.it\/old\/wp-content\/uploads\/sites\/2\/2021\/08\/ecologia-integrale.jpg 886w\" sizes=\"(max-width: 300px) 100vw, 300px\" \/><\/a><\/center>\n\t\t\t\t\t\t\t\t\t\t\t\t\t\t\t\t\t\t\t<\/a>\n\n\t\t\t\t\t\t\t\t\n\t\t\t\t\t\t\t<\/div>\n\n\t\t\t\t\t\t\n\t\t\t\t\t\t<div class=\"iw-so-article-content iw-so-blog-article-responsive\">\n\n\t\t\t\t\t\t\t\n\t\t\t\t\t\t\t<h6 class=\"iw-so-article-title iw-text-left\">\n\t\t\t\t\t\t\t\t<a href=\"https:\/\/www.diocesicuneofossano.it\/old\/2021\/09\/03\/corso-ecologia-integrale\/\">\t\t\t\t\t\t\t\t\tCorso per vivere l&#8217;ecologia integrale\t\t\t\t\t\t\t\t<\/a>\t\t\t\t\t\t\t<\/h6>\n\n\t\t\t\t\t\t\t\n\t\t\t\t\t\t\t\n\t\t\t\t\t\t\t\t<p class=\"iw-so-article-excerpt iw-text-left\">\n\t\t\t\t\t\t\t\t\t\t\t\t\t\t\t\t\t\t\t<a href=\"https:\/\/www.diocesicuneofossano.it\/old\/2021\/09\/03\/corso-ecologia-integrale\/\">\n\t\t\t\t\t\t\t\t\t\t\tDal 13 settembre al 22 novembre si terr\u00e0 on-line il corso \u201cVivere l\u2019ecologia integrale\u201d.\u00a0\u00c8 un corso di formazione organizzato da Caritas Italiana, dalla Focsiv e dalla Fondazione Lanza. Prevede...\t\t\t\t\t\t\t\t\t\t<\/a>\n\t\t\t\t\t\t\t\t\t\t\t\t\t\t\t\t\t<\/p>\n\n\t\t\t\t\t\t\t\n\t\t\t\t\t\t\t\n\t\t\t\t\t\t\t\n\t\t\t\t\t\t<\/div>\n\n\t\t\t\t\t<\/div>\n\n\t\t\t\t\t\n\t\t\t\t\n\t\t\t<\/div>\n\n\t\t\t\n\t\t\t\t\n\t\t\t\t\t<h3 class=\"screen-reader-text\">Posts Navigation<\/h3>\n\t\t\t<nav id='iw-so-blog-pagination' class=\"iw-so-blog-pagination iw-so-blog-prev-next iw-so-navi-btn iw-so-navi-btn-hover iw-so-navi-btn-click\" role=\"navigation\">\n\t\t\t\t<ul>\n\t\t\t\t\t<li class=\"iw-so-blog-previous\"><\/li>\n\t\t\t\t\t<li class=\"iw-so-blog-next\"><a href=\"https:\/\/www.diocesicuneofossano.it\/old\/wp-json\/wp\/v2\/pages\/1614706993\/page\/2\/\" >Older Posts <\/a><\/li>\n\t\t\t\t<\/ul>\n\t\t\t<\/nav>\n\t\t\n\t\t\n\t\n\t\t\t\n\t\t<\/div>\n\n\t<\/div>\n\n\n<\/div><\/div><\/div><\/div><\/div><hr class=\"wpba_attachment_hr\"><div id='wpba_attachment_list' class='wpba wpba-wrap'>\n<ul class='wpba-attachment-list unstyled'><li id='wpba_attachment_list_1614703348' class='wpba-list-item pull-left'><img src='https:\/\/www.diocesicuneofossano.it\/old\/wp-content\/themes\/wp-starter-so\/icons\/document.png' width='16' height='20' class='wpba-icon pull-left'><a href='https:\/\/www.diocesicuneofossano.it\/old\/wp-content\/uploads\/sites\/2\/2021\/08\/Brochure-corso-ecologia-integrale-13.07.2021.pdf' title='Volantino corso \"Vivere l'ecologia integrale\"' class='wpba-link pull-left' target=\"_blank\">Volantino corso \"Vivere l'ecologia integrale\"<\/a><\/li>\n<\/ul><\/div>\n","protected":false},"excerpt":{"rendered":"<p>\u201cLa Chiesa che \u00e8 in Italia si sente oggi urgentemente impegnata a promuovere la giustizia e la pace, per la responsabilit\u00e0 che ha verso il nostro Paese e per la solidariet\u00e0 con ogni persona ed ogni popolo\u201d. Si apre cos\u00ec il preambolo dello Statuto della Commissione Diocesana Giustizia e Pace che trova le sue radici nel Motu proprio \u201cJustitiam et pacem\u201d del 10 dicembre 1976.Da &hellip; <a href=\"https:\/\/www.diocesicuneofossano.it\/old\/2021\/09\/03\/corso-ecologia-integrale\/\" class=\"more-link\">Continua a leggere <span class=\"screen-reader-text\">Corso per vivere l&#8217;ecologia integrale<\/span> <span class=\"meta-nav\">&raquo;<\/span><\/a><\/p>\n","protected":false},"author":8,"featured_media":1614706994,"parent":1614704180,"menu_order":0,"comment_status":"closed","ping_status":"closed","template":"","meta":{"_acf_changed":false,"footnotes":""},"class_list":["post-1614706993","page","type-page","status-publish","has-post-thumbnail","hentry"],"acf":[],"yoast_head":"<!-- This site is optimized with the Yoast SEO plugin v25.3 - https:\/\/yoast.com\/wordpress\/plugins\/seo\/ -->\n<title>Commissione Giustizia e Pace - OLD - Diocesi di Cuneo e di Fossano<\/title>\n<meta name=\"robots\" content=\"noindex, follow, max-snippet:-1, max-image-preview:large, max-video-preview:-1\" \/>\n<meta property=\"og:locale\" content=\"it_IT\" \/>\n<meta property=\"og:type\" content=\"article\" \/>\n<meta property=\"og:title\" content=\"Commissione Giustizia e Pace - OLD - Diocesi di Cuneo e di Fossano\" \/>\n<meta property=\"og:description\" content=\"\u201cLa Chiesa che \u00e8 in Italia si sente oggi urgentemente impegnata a promuovere la giustizia e la pace, per la responsabilit\u00e0 che ha verso il nostro Paese e per la solidariet\u00e0 con ogni persona ed ogni popolo\u201d. Si apre cos\u00ec il preambolo dello Statuto della Commissione Diocesana Giustizia e Pace che trova le sue radici nel Motu proprio \u201cJustitiam et pacem\u201d del 10 dicembre 1976.Da &hellip; Continua a leggere Corso per vivere l&#8217;ecologia integrale &raquo;\" \/>\n<meta property=\"og:url\" content=\"https:\/\/www.diocesicuneofossano.it\/old\/pastorale-sociale-e-del-lavoro\/commissione-giustizia-e-pace\/\" \/>\n<meta property=\"og:site_name\" content=\"OLD - Diocesi di Cuneo e di Fossano\" \/>\n<meta property=\"article:modified_time\" content=\"2022-03-17T09:10:31+00:00\" \/>\n<meta property=\"og:image\" content=\"https:\/\/www.diocesicuneofossano.it\/old\/wp-content\/uploads\/sites\/2\/2022\/03\/m_23c80a58c3.jpg\" \/>\n\t<meta property=\"og:image:width\" content=\"200\" \/>\n\t<meta property=\"og:image:height\" content=\"300\" \/>\n\t<meta property=\"og:image:type\" content=\"image\/jpeg\" \/>\n<meta name=\"twitter:card\" content=\"summary_large_image\" \/>\n<meta name=\"twitter:label1\" content=\"Tempo di lettura stimato\" \/>\n\t<meta name=\"twitter:data1\" content=\"1 minuto\" \/>\n<script type=\"application\/ld+json\" class=\"yoast-schema-graph\">{\"@context\":\"https:\/\/schema.org\",\"@graph\":[{\"@type\":\"WebPage\",\"@id\":\"https:\/\/www.diocesicuneofossano.it\/old\/pastorale-sociale-e-del-lavoro\/commissione-giustizia-e-pace\/\",\"url\":\"https:\/\/www.diocesicuneofossano.it\/old\/pastorale-sociale-e-del-lavoro\/commissione-giustizia-e-pace\/\",\"name\":\"Commissione Giustizia e Pace - OLD - Diocesi di Cuneo e di Fossano\",\"isPartOf\":{\"@id\":\"https:\/\/www.diocesicuneofossano.it\/old\/#website\"},\"primaryImageOfPage\":{\"@id\":\"https:\/\/www.diocesicuneofossano.it\/old\/pastorale-sociale-e-del-lavoro\/commissione-giustizia-e-pace\/#primaryimage\"},\"image\":{\"@id\":\"https:\/\/www.diocesicuneofossano.it\/old\/pastorale-sociale-e-del-lavoro\/commissione-giustizia-e-pace\/#primaryimage\"},\"thumbnailUrl\":\"https:\/\/www.diocesicuneofossano.it\/old\/wp-content\/uploads\/sites\/2\/2022\/03\/m_23c80a58c3.jpg\",\"datePublished\":\"2022-03-16T15:39:51+00:00\",\"dateModified\":\"2022-03-17T09:10:31+00:00\",\"breadcrumb\":{\"@id\":\"https:\/\/www.diocesicuneofossano.it\/old\/pastorale-sociale-e-del-lavoro\/commissione-giustizia-e-pace\/#breadcrumb\"},\"inLanguage\":\"it-IT\",\"potentialAction\":[{\"@type\":\"ReadAction\",\"target\":[\"https:\/\/www.diocesicuneofossano.it\/old\/pastorale-sociale-e-del-lavoro\/commissione-giustizia-e-pace\/\"]}]},{\"@type\":\"ImageObject\",\"inLanguage\":\"it-IT\",\"@id\":\"https:\/\/www.diocesicuneofossano.it\/old\/pastorale-sociale-e-del-lavoro\/commissione-giustizia-e-pace\/#primaryimage\",\"url\":\"https:\/\/www.diocesicuneofossano.it\/old\/wp-content\/uploads\/sites\/2\/2022\/03\/m_23c80a58c3.jpg\",\"contentUrl\":\"https:\/\/www.diocesicuneofossano.it\/old\/wp-content\/uploads\/sites\/2\/2022\/03\/m_23c80a58c3.jpg\",\"width\":200,\"height\":300},{\"@type\":\"BreadcrumbList\",\"@id\":\"https:\/\/www.diocesicuneofossano.it\/old\/pastorale-sociale-e-del-lavoro\/commissione-giustizia-e-pace\/#breadcrumb\",\"itemListElement\":[{\"@type\":\"ListItem\",\"position\":1,\"name\":\"Home\",\"item\":\"https:\/\/www.diocesicuneofossano.it\/old\/\"},{\"@type\":\"ListItem\",\"position\":2,\"name\":\"Pastorale sociale e del lavoro\",\"item\":\"https:\/\/www.diocesicuneofossano.it\/old\/pastorale-sociale-e-del-lavoro\/\"},{\"@type\":\"ListItem\",\"position\":3,\"name\":\"Commissione Giustizia e Pace\"}]},{\"@type\":\"WebSite\",\"@id\":\"https:\/\/www.diocesicuneofossano.it\/old\/#website\",\"url\":\"https:\/\/www.diocesicuneofossano.it\/old\/\",\"name\":\"OLD - Diocesi di Cuneo e di Fossano\",\"description\":\"\",\"potentialAction\":[{\"@type\":\"SearchAction\",\"target\":{\"@type\":\"EntryPoint\",\"urlTemplate\":\"https:\/\/www.diocesicuneofossano.it\/old\/?s={search_term_string}\"},\"query-input\":{\"@type\":\"PropertyValueSpecification\",\"valueRequired\":true,\"valueName\":\"search_term_string\"}}],\"inLanguage\":\"it-IT\"}]}<\/script>\n<!-- \/ Yoast SEO plugin. -->","yoast_head_json":{"title":"Commissione Giustizia e Pace - OLD - Diocesi di Cuneo e di Fossano","robots":{"index":"noindex","follow":"follow","max-snippet":"max-snippet:-1","max-image-preview":"max-image-preview:large","max-video-preview":"max-video-preview:-1"},"og_locale":"it_IT","og_type":"article","og_title":"Commissione Giustizia e Pace - OLD - Diocesi di Cuneo e di Fossano","og_description":"\u201cLa Chiesa che \u00e8 in Italia si sente oggi urgentemente impegnata a promuovere la giustizia e la pace, per la responsabilit\u00e0 che ha verso il nostro Paese e per la solidariet\u00e0 con ogni persona ed ogni popolo\u201d. Si apre cos\u00ec il preambolo dello Statuto della Commissione Diocesana Giustizia e Pace che trova le sue radici nel Motu proprio \u201cJustitiam et pacem\u201d del 10 dicembre 1976.Da &hellip; Continua a leggere Corso per vivere l&#8217;ecologia integrale &raquo;","og_url":"https:\/\/www.diocesicuneofossano.it\/old\/pastorale-sociale-e-del-lavoro\/commissione-giustizia-e-pace\/","og_site_name":"OLD - Diocesi di Cuneo e di Fossano","article_modified_time":"2022-03-17T09:10:31+00:00","og_image":[{"width":200,"height":300,"url":"https:\/\/www.diocesicuneofossano.it\/old\/wp-content\/uploads\/sites\/2\/2022\/03\/m_23c80a58c3.jpg","type":"image\/jpeg"}],"twitter_card":"summary_large_image","twitter_misc":{"Tempo di lettura stimato":"1 minuto"},"schema":{"@context":"https:\/\/schema.org","@graph":[{"@type":"WebPage","@id":"https:\/\/www.diocesicuneofossano.it\/old\/pastorale-sociale-e-del-lavoro\/commissione-giustizia-e-pace\/","url":"https:\/\/www.diocesicuneofossano.it\/old\/pastorale-sociale-e-del-lavoro\/commissione-giustizia-e-pace\/","name":"Commissione Giustizia e Pace - OLD - Diocesi di Cuneo e di Fossano","isPartOf":{"@id":"https:\/\/www.diocesicuneofossano.it\/old\/#website"},"primaryImageOfPage":{"@id":"https:\/\/www.diocesicuneofossano.it\/old\/pastorale-sociale-e-del-lavoro\/commissione-giustizia-e-pace\/#primaryimage"},"image":{"@id":"https:\/\/www.diocesicuneofossano.it\/old\/pastorale-sociale-e-del-lavoro\/commissione-giustizia-e-pace\/#primaryimage"},"thumbnailUrl":"https:\/\/www.diocesicuneofossano.it\/old\/wp-content\/uploads\/sites\/2\/2022\/03\/m_23c80a58c3.jpg","datePublished":"2022-03-16T15:39:51+00:00","dateModified":"2022-03-17T09:10:31+00:00","breadcrumb":{"@id":"https:\/\/www.diocesicuneofossano.it\/old\/pastorale-sociale-e-del-lavoro\/commissione-giustizia-e-pace\/#breadcrumb"},"inLanguage":"it-IT","potentialAction":[{"@type":"ReadAction","target":["https:\/\/www.diocesicuneofossano.it\/old\/pastorale-sociale-e-del-lavoro\/commissione-giustizia-e-pace\/"]}]},{"@type":"ImageObject","inLanguage":"it-IT","@id":"https:\/\/www.diocesicuneofossano.it\/old\/pastorale-sociale-e-del-lavoro\/commissione-giustizia-e-pace\/#primaryimage","url":"https:\/\/www.diocesicuneofossano.it\/old\/wp-content\/uploads\/sites\/2\/2022\/03\/m_23c80a58c3.jpg","contentUrl":"https:\/\/www.diocesicuneofossano.it\/old\/wp-content\/uploads\/sites\/2\/2022\/03\/m_23c80a58c3.jpg","width":200,"height":300},{"@type":"BreadcrumbList","@id":"https:\/\/www.diocesicuneofossano.it\/old\/pastorale-sociale-e-del-lavoro\/commissione-giustizia-e-pace\/#breadcrumb","itemListElement":[{"@type":"ListItem","position":1,"name":"Home","item":"https:\/\/www.diocesicuneofossano.it\/old\/"},{"@type":"ListItem","position":2,"name":"Pastorale sociale e del lavoro","item":"https:\/\/www.diocesicuneofossano.it\/old\/pastorale-sociale-e-del-lavoro\/"},{"@type":"ListItem","position":3,"name":"Commissione Giustizia e Pace"}]},{"@type":"WebSite","@id":"https:\/\/www.diocesicuneofossano.it\/old\/#website","url":"https:\/\/www.diocesicuneofossano.it\/old\/","name":"OLD - Diocesi di Cuneo e di Fossano","description":"","potentialAction":[{"@type":"SearchAction","target":{"@type":"EntryPoint","urlTemplate":"https:\/\/www.diocesicuneofossano.it\/old\/?s={search_term_string}"},"query-input":{"@type":"PropertyValueSpecification","valueRequired":true,"valueName":"search_term_string"}}],"inLanguage":"it-IT"}]}},"_links":{"self":[{"href":"https:\/\/www.diocesicuneofossano.it\/old\/wp-json\/wp\/v2\/pages\/1614706993"}],"collection":[{"href":"https:\/\/www.diocesicuneofossano.it\/old\/wp-json\/wp\/v2\/pages"}],"about":[{"href":"https:\/\/www.diocesicuneofossano.it\/old\/wp-json\/wp\/v2\/types\/page"}],"author":[{"embeddable":true,"href":"https:\/\/www.diocesicuneofossano.it\/old\/wp-json\/wp\/v2\/users\/8"}],"replies":[{"embeddable":true,"href":"https:\/\/www.diocesicuneofossano.it\/old\/wp-json\/wp\/v2\/comments?post=1614706993"}],"version-history":[{"count":3,"href":"https:\/\/www.diocesicuneofossano.it\/old\/wp-json\/wp\/v2\/pages\/1614706993\/revisions"}],"predecessor-version":[{"id":1614707021,"href":"https:\/\/www.diocesicuneofossano.it\/old\/wp-json\/wp\/v2\/pages\/1614706993\/revisions\/1614707021"}],"up":[{"embeddable":true,"href":"https:\/\/www.diocesicuneofossano.it\/old\/wp-json\/wp\/v2\/pages\/1614704180"}],"wp:featuredmedia":[{"embeddable":true,"href":"https:\/\/www.diocesicuneofossano.it\/old\/wp-json\/wp\/v2\/media\/1614706994"}],"wp:attachment":[{"href":"https:\/\/www.diocesicuneofossano.it\/old\/wp-json\/wp\/v2\/media?parent=1614706993"}],"curies":[{"name":"wp","href":"https:\/\/api.w.org\/{rel}","templated":true}]}}