{"id":1614704916,"date":"2021-12-21T16:15:41","date_gmt":"2021-12-21T15:15:41","guid":{"rendered":"https:\/\/www.diocesicuneofossano.it\/?page_id=1614704916"},"modified":"2022-01-11T09:54:33","modified_gmt":"2022-01-11T08:54:33","slug":"chi-siamo","status":"publish","type":"page","link":"https:\/\/www.diocesicuneofossano.it\/old\/ufficio-per-la-famiglia\/chi-siamo\/","title":{"rendered":"Chi siamo"},"content":{"rendered":"<div id=\"pl-1614704916\"  class=\"panel-layout\" ><div id=\"pg-1614704916-0\"  class=\"panel-grid panel-no-style\" ><div id=\"pgc-1614704916-0-0\"  class=\"panel-grid-cell\" ><div id=\"panel-1614704916-0-0-0\" class=\"so-panel widget widget_siteorigin-panels-post-content panel-first-child\" data-index=\"0\" ><h1 class=\"entry-title\">Chi siamo<\/h1><\/div><div id=\"panel-1614704916-0-0-1\" class=\"so-panel widget widget_sow-editor panel-last-child\" data-index=\"1\" ><div\n\t\t\t\n\t\t\tclass=\"so-widget-sow-editor so-widget-sow-editor-base\"\n\t\t\t\n\t\t>\n<div class=\"siteorigin-widget-tinymce textwidget\">\n\t<p><strong>Identit\u00e0 \u2013 Che cos\u00e8<\/strong><br \/>\nL\u2019Ufficio Diocesano per la Pastorale della Famiglia (=UDF) fa parte degli Uffici Pastorali della Diocesi di Cuneo ed \u00e8 una struttura di servizio istituita nel 1991 dal vescovo Monsignor Carlo Aliprandi per contribuire alla promozione della pastorale familiare.<\/p>\n<p><strong>Finalit\u00e0 \u2013 a cosa serve<\/strong><br \/>\nL\u2019UDF persegue i seguenti scopi:<br \/>\n-promuovere ed approfondire la conoscenza del mistero dell\u2019amore sponsale e familiare alla luce della Rivelazione e del Magistero ecclesiale, in ordine alla crescita nella fede delle famiglie appartenenti alla comunit\u00e0 Diocesana o che ad essa in qualche modo fanno riferimento;<\/p>\n<p>\u2013 adoperarsi perch\u00e9 la pastorale diocesana e parrocchiale facciano riferimento costante alla famiglia e perch\u00e9 si maturi da parte di tutti \u2013 sacerdoti, religiosi e laici \u2013 una mentalit\u00e0 di attenzione alla centralit\u00e0 di questa realt\u00e0 fondamentale della vita sociale ed ecclesiale;<\/p>\n<p>\u2013 studiare e porre in atto iniziative di formazione e di sostegno nel campo della pastorale famigliare \u2013 in particolare in rapporto alla preparazione dei giovani al matrimonio ed alle situazioni di difficolt\u00e0 in cui molte famiglie si trovano \u2013 raccordandole con quelle degli altri Uffici Pastorali diocesani, della Commissione Regionale per la pastorale famigliare e dell\u2019Ufficio Nazionale per la Pastorale della Famiglia della CEI;<\/p>\n<p>\u2013 animare la pastorale famigliare delle parrocchie, sollecitando la costituzione in ognuna di esse di \u201cgruppi-famiglia\u201c ed offrendo gli strumenti adatti per la formazione dei loro animatori;<\/p>\n<p>\u2013 coordinare a livello diocesano le iniziative che associazioni, gruppi e movimenti \u2013 soprattutto quelli che hanno la famiglia come finalit\u00e0 diretta della loro attivit\u00e0 istituzionale \u2013 gi\u00e0 attuano o intendono attuare in questo campo, curandone l\u2019armonizzazione con le linee della pastorale diocesana, nel pieno rispetto dei loro specifici scopi.<\/p>\n<\/div>\n<\/div><\/div><\/div><\/div><\/div><hr class=\"wpba_attachment_hr\"><div id='wpba_attachment_list' class='wpba wpba-wrap'>\n<ul class='wpba-attachment-list unstyled'><li id='wpba_attachment_list_1614704917' class='wpba-list-item pull-left'><img src='https:\/\/www.diocesicuneofossano.it\/old\/wp-content\/themes\/wp-starter-so\/icons\/document.png' width='16' height='20' class='wpba-icon pull-left'><a href='https:\/\/www.diocesicuneofossano.it\/old\/wp-content\/uploads\/sites\/2\/2021\/12\/statuto-UDF.pdf' title='Statuto dell'Ufficio per la famiglia' class='wpba-link pull-left' target=\"_blank\">Statuto dell'Ufficio per la famiglia<\/a><\/li>\n<\/ul><\/div>\n","protected":false},"excerpt":{"rendered":"<p>Identit\u00e0 \u2013 Che cos\u00e8 L\u2019Ufficio Diocesano per la Pastorale della Famiglia (=UDF) fa parte degli Uffici Pastorali della Diocesi di Cuneo ed \u00e8 una struttura di servizio istituita nel 1991 dal vescovo Monsignor Carlo Aliprandi per contribuire alla promozione della pastorale familiare. Finalit\u00e0 \u2013 a cosa serve L\u2019UDF persegue i seguenti scopi: -promuovere ed approfondire la conoscenza del mistero dell\u2019amore sponsale e familiare alla luce &hellip; <a href=\"https:\/\/www.diocesicuneofossano.it\/old\/ufficio-per-la-famiglia\/chi-siamo\/\" class=\"more-link\">Continua a leggere <span class=\"screen-reader-text\">Chi siamo<\/span> <span class=\"meta-nav\">&raquo;<\/span><\/a><\/p>\n","protected":false},"author":8,"featured_media":0,"parent":1614703645,"menu_order":0,"comment_status":"closed","ping_status":"closed","template":"","meta":{"_acf_changed":false,"footnotes":""},"class_list":["post-1614704916","page","type-page","status-publish","hentry"],"acf":[],"yoast_head":"<!-- This site is optimized with the Yoast SEO plugin v25.3 - https:\/\/yoast.com\/wordpress\/plugins\/seo\/ -->\n<title>Chi siamo - OLD - Diocesi di Cuneo e di Fossano<\/title>\n<meta name=\"robots\" content=\"noindex, follow, max-snippet:-1, max-image-preview:large, max-video-preview:-1\" \/>\n<meta property=\"og:locale\" content=\"it_IT\" \/>\n<meta property=\"og:type\" content=\"article\" \/>\n<meta property=\"og:title\" content=\"Chi siamo - OLD - Diocesi di Cuneo e di Fossano\" \/>\n<meta property=\"og:description\" content=\"Identit\u00e0 \u2013 Che cos\u00e8 L\u2019Ufficio Diocesano per la Pastorale della Famiglia (=UDF) fa parte degli Uffici Pastorali della Diocesi di Cuneo ed \u00e8 una struttura di servizio istituita nel 1991 dal vescovo Monsignor Carlo Aliprandi per contribuire alla promozione della pastorale familiare. Finalit\u00e0 \u2013 a cosa serve L\u2019UDF persegue i seguenti scopi: -promuovere ed approfondire la conoscenza del mistero dell\u2019amore sponsale e familiare alla luce &hellip; Continua a leggere Chi siamo &raquo;\" \/>\n<meta property=\"og:url\" content=\"https:\/\/www.diocesicuneofossano.it\/old\/ufficio-per-la-famiglia\/chi-siamo\/\" \/>\n<meta property=\"og:site_name\" content=\"OLD - Diocesi di Cuneo e di Fossano\" \/>\n<meta property=\"article:modified_time\" content=\"2022-01-11T08:54:33+00:00\" \/>\n<meta name=\"twitter:card\" content=\"summary_large_image\" \/>\n<meta name=\"twitter:label1\" content=\"Tempo di lettura stimato\" \/>\n\t<meta name=\"twitter:data1\" content=\"1 minuto\" \/>\n<script type=\"application\/ld+json\" class=\"yoast-schema-graph\">{\"@context\":\"https:\/\/schema.org\",\"@graph\":[{\"@type\":\"WebPage\",\"@id\":\"https:\/\/www.diocesicuneofossano.it\/old\/ufficio-per-la-famiglia\/chi-siamo\/\",\"url\":\"https:\/\/www.diocesicuneofossano.it\/old\/ufficio-per-la-famiglia\/chi-siamo\/\",\"name\":\"Chi siamo - OLD - Diocesi di Cuneo e di Fossano\",\"isPartOf\":{\"@id\":\"https:\/\/www.diocesicuneofossano.it\/old\/#website\"},\"datePublished\":\"2021-12-21T15:15:41+00:00\",\"dateModified\":\"2022-01-11T08:54:33+00:00\",\"breadcrumb\":{\"@id\":\"https:\/\/www.diocesicuneofossano.it\/old\/ufficio-per-la-famiglia\/chi-siamo\/#breadcrumb\"},\"inLanguage\":\"it-IT\",\"potentialAction\":[{\"@type\":\"ReadAction\",\"target\":[\"https:\/\/www.diocesicuneofossano.it\/old\/ufficio-per-la-famiglia\/chi-siamo\/\"]}]},{\"@type\":\"BreadcrumbList\",\"@id\":\"https:\/\/www.diocesicuneofossano.it\/old\/ufficio-per-la-famiglia\/chi-siamo\/#breadcrumb\",\"itemListElement\":[{\"@type\":\"ListItem\",\"position\":1,\"name\":\"Home\",\"item\":\"https:\/\/www.diocesicuneofossano.it\/old\/\"},{\"@type\":\"ListItem\",\"position\":2,\"name\":\"Ufficio per la Pastorale della famiglia\",\"item\":\"https:\/\/www.diocesicuneofossano.it\/old\/ufficio-per-la-famiglia\/\"},{\"@type\":\"ListItem\",\"position\":3,\"name\":\"Chi siamo\"}]},{\"@type\":\"WebSite\",\"@id\":\"https:\/\/www.diocesicuneofossano.it\/old\/#website\",\"url\":\"https:\/\/www.diocesicuneofossano.it\/old\/\",\"name\":\"OLD - Diocesi di Cuneo e di Fossano\",\"description\":\"\",\"potentialAction\":[{\"@type\":\"SearchAction\",\"target\":{\"@type\":\"EntryPoint\",\"urlTemplate\":\"https:\/\/www.diocesicuneofossano.it\/old\/?s={search_term_string}\"},\"query-input\":{\"@type\":\"PropertyValueSpecification\",\"valueRequired\":true,\"valueName\":\"search_term_string\"}}],\"inLanguage\":\"it-IT\"}]}<\/script>\n<!-- \/ Yoast SEO plugin. -->","yoast_head_json":{"title":"Chi siamo - OLD - Diocesi di Cuneo e di Fossano","robots":{"index":"noindex","follow":"follow","max-snippet":"max-snippet:-1","max-image-preview":"max-image-preview:large","max-video-preview":"max-video-preview:-1"},"og_locale":"it_IT","og_type":"article","og_title":"Chi siamo - OLD - Diocesi di Cuneo e di Fossano","og_description":"Identit\u00e0 \u2013 Che cos\u00e8 L\u2019Ufficio Diocesano per la Pastorale della Famiglia (=UDF) fa parte degli Uffici Pastorali della Diocesi di Cuneo ed \u00e8 una struttura di servizio istituita nel 1991 dal vescovo Monsignor Carlo Aliprandi per contribuire alla promozione della pastorale familiare. Finalit\u00e0 \u2013 a cosa serve L\u2019UDF persegue i seguenti scopi: -promuovere ed approfondire la conoscenza del mistero dell\u2019amore sponsale e familiare alla luce &hellip; Continua a leggere Chi siamo &raquo;","og_url":"https:\/\/www.diocesicuneofossano.it\/old\/ufficio-per-la-famiglia\/chi-siamo\/","og_site_name":"OLD - Diocesi di Cuneo e di Fossano","article_modified_time":"2022-01-11T08:54:33+00:00","twitter_card":"summary_large_image","twitter_misc":{"Tempo di lettura stimato":"1 minuto"},"schema":{"@context":"https:\/\/schema.org","@graph":[{"@type":"WebPage","@id":"https:\/\/www.diocesicuneofossano.it\/old\/ufficio-per-la-famiglia\/chi-siamo\/","url":"https:\/\/www.diocesicuneofossano.it\/old\/ufficio-per-la-famiglia\/chi-siamo\/","name":"Chi siamo - OLD - Diocesi di Cuneo e di Fossano","isPartOf":{"@id":"https:\/\/www.diocesicuneofossano.it\/old\/#website"},"datePublished":"2021-12-21T15:15:41+00:00","dateModified":"2022-01-11T08:54:33+00:00","breadcrumb":{"@id":"https:\/\/www.diocesicuneofossano.it\/old\/ufficio-per-la-famiglia\/chi-siamo\/#breadcrumb"},"inLanguage":"it-IT","potentialAction":[{"@type":"ReadAction","target":["https:\/\/www.diocesicuneofossano.it\/old\/ufficio-per-la-famiglia\/chi-siamo\/"]}]},{"@type":"BreadcrumbList","@id":"https:\/\/www.diocesicuneofossano.it\/old\/ufficio-per-la-famiglia\/chi-siamo\/#breadcrumb","itemListElement":[{"@type":"ListItem","position":1,"name":"Home","item":"https:\/\/www.diocesicuneofossano.it\/old\/"},{"@type":"ListItem","position":2,"name":"Ufficio per la Pastorale della famiglia","item":"https:\/\/www.diocesicuneofossano.it\/old\/ufficio-per-la-famiglia\/"},{"@type":"ListItem","position":3,"name":"Chi siamo"}]},{"@type":"WebSite","@id":"https:\/\/www.diocesicuneofossano.it\/old\/#website","url":"https:\/\/www.diocesicuneofossano.it\/old\/","name":"OLD - Diocesi di Cuneo e di Fossano","description":"","potentialAction":[{"@type":"SearchAction","target":{"@type":"EntryPoint","urlTemplate":"https:\/\/www.diocesicuneofossano.it\/old\/?s={search_term_string}"},"query-input":{"@type":"PropertyValueSpecification","valueRequired":true,"valueName":"search_term_string"}}],"inLanguage":"it-IT"}]}},"_links":{"self":[{"href":"https:\/\/www.diocesicuneofossano.it\/old\/wp-json\/wp\/v2\/pages\/1614704916"}],"collection":[{"href":"https:\/\/www.diocesicuneofossano.it\/old\/wp-json\/wp\/v2\/pages"}],"about":[{"href":"https:\/\/www.diocesicuneofossano.it\/old\/wp-json\/wp\/v2\/types\/page"}],"author":[{"embeddable":true,"href":"https:\/\/www.diocesicuneofossano.it\/old\/wp-json\/wp\/v2\/users\/8"}],"replies":[{"embeddable":true,"href":"https:\/\/www.diocesicuneofossano.it\/old\/wp-json\/wp\/v2\/comments?post=1614704916"}],"version-history":[{"count":1,"href":"https:\/\/www.diocesicuneofossano.it\/old\/wp-json\/wp\/v2\/pages\/1614704916\/revisions"}],"predecessor-version":[{"id":1614704918,"href":"https:\/\/www.diocesicuneofossano.it\/old\/wp-json\/wp\/v2\/pages\/1614704916\/revisions\/1614704918"}],"up":[{"embeddable":true,"href":"https:\/\/www.diocesicuneofossano.it\/old\/wp-json\/wp\/v2\/pages\/1614703645"}],"wp:attachment":[{"href":"https:\/\/www.diocesicuneofossano.it\/old\/wp-json\/wp\/v2\/media?parent=1614704916"}],"curies":[{"name":"wp","href":"https:\/\/api.w.org\/{rel}","templated":true}]}}