{"id":1614704406,"date":"2021-10-27T10:05:02","date_gmt":"2021-10-27T08:05:02","guid":{"rendered":"https:\/\/www.diocesicuneofossano.it\/?page_id=1614704406"},"modified":"2021-10-27T10:05:02","modified_gmt":"2021-10-27T08:05:02","slug":"il-seminario","status":"publish","type":"page","link":"https:\/\/www.diocesicuneofossano.it\/old\/biblioteca-diocesana\/il-seminario\/","title":{"rendered":"Il Seminario"},"content":{"rendered":"<div id=\"pl-1614704406\"  class=\"panel-layout\" ><div id=\"pg-1614704406-0\"  class=\"panel-grid panel-no-style\" ><div id=\"pgc-1614704406-0-0\"  class=\"panel-grid-cell\" ><div id=\"panel-1614704406-0-0-0\" class=\"so-panel widget widget_siteorigin-panels-post-content panel-first-child\" data-index=\"0\" ><h1 class=\"entry-title\">Il Seminario<\/h1><\/div><div id=\"panel-1614704406-0-0-1\" class=\"so-panel widget widget_sow-editor panel-last-child\" data-index=\"1\" ><div\n\t\t\t\n\t\t\tclass=\"so-widget-sow-editor so-widget-sow-editor-base\"\n\t\t\t\n\t\t>\n<div class=\"siteorigin-widget-tinymce textwidget\">\n\t<p>Il primo Seminario venne aperto a Cuneo nel 1757 sotto il Vescovo monregalese mons. Michele Casati su istanza dei delegati del Comune di Cuneo conti De Morri di Castelmagno e Alessandro Mellano di Fiano e Monasterolo; Carlo Emanuele III il 5 maggio 1758 autorizza ad erigere in citt\u00e0 un Seminario; il conte Mellano offre una sua casa tra la contrada dell\u2019Olmo (ora via Peveragno) e la contrada dei Calderai (oggi via Ramorino); consistente in una costruzione a 4 piani, con alloggio per 40\/50 chierici.<\/p>\n<p>Esso fu soppresso il 10 aprile 1801 e destinato a scuola cittadina, passandone i locali e redditi al Municipio per istituire il \u201cCollegio nazionale\u201d.<\/p>\n<p>Con la formazione della diocesi di Cuneo nel 1817 si riapr\u00ec il Seminario nell\u2019ex monastero di S. Chiara.<\/p>\n<div id=\"attachment_1614704407\" style=\"width: 262px\" class=\"wp-caption alignleft\"><a href=\"https:\/\/www.diocesicuneofossano.it\/wp-content\/uploads\/sites\/2\/2021\/10\/seminario-1.jpg\"><img aria-describedby=\"caption-attachment-1614704407\" loading=\"lazy\" decoding=\"async\" class=\" wp-image-1614704407\" src=\"https:\/\/www.diocesicuneofossano.it\/wp-content\/uploads\/sites\/2\/2021\/10\/seminario-1-150x150.jpg\" alt=\"\" width=\"252\" height=\"222\" \/><\/a><p id=\"caption-attachment-1614704407\" class=\"wp-caption-text\">Questo magnifico edificio neoclassico, che dal 1845 ha ospitato i seminaristi, accoglie ora anche gli uffici diocesani impegnati nella formazione degli operatori pastorali e la Curia diocesana, continuando la sua funzione di cuore pulsante della pastorale diocesana e della Chiesa di Cuneo<\/p><\/div>\n<p>Nel 1839 il Capitolo dei Canonici deliber\u00f2 la costruzione di un nuovo seminario progettato dall\u2019architetto Grato Perno.<\/p>\n<p>I lavori iniziarono il 5 marzo 1839 ma si costruirono solo le ali a Nord e a Ovest, inaugurate il 28 ottobre 1845. Il 1853 si apr\u00ec ai ragazzi il \u201cginnasio\u201d inferiore in cui vennero chiamati ad insegnare alcuni padri Gesuiti.<\/p>\n<p>Nel 1885, per interessamento del Vescovo mons. Valfr\u00e8 di Bonzo e sotto la direzione dell\u2019architetto Carlo Ponzo, si ripresero i lavori di completamento dell\u2019ala verso piazza Seminario e di quella centrale, in cui trov\u00f2 posto la biblioteca al primo piano. Queste parti vennero inaugurate nel 1889.<\/p>\n<p>Le vocazioni crebbero: infatti nel 1885 i seminaristi erano 75 e i chierici 48, nel 1890 se ne contavano 133 e 68.<\/p>\n<p>Nel 1964 mons. Rosso abbell\u00ec il Seminario e, a sue spese, restaur\u00f2 la Cappella.<\/p>\n<p>Nel 1980 venne totalmente rifatta l\u2019ala minore, quella ospitante la biblioteca, su progetto di Albino Arnaud, con la formazione di un salone-teatro nel seminterrato, dei refettori e cucina al pian terreno, di appartamenti per i superiori e gli insegnanti nei piani soprastanti. Tuttavia si faceva sentire il forte calo vocazionale, per cui fu avviata la collaborazione interdiocesana per lo studio teologico nel 1972. Nel 2002 anche la comunit\u00e0 dei seminaristi venne trasferita a Fossano.<\/p>\n<p>L\u2019edificio rimasto quindi libero, \u00e8 stato adattato per ricevere nel suo interno una rinnovata attivit\u00e0 formativa a servizio della comunit\u00e0 diocesana e dell\u2019evangelizzazione.<\/p>\n<p>&nbsp;<\/p>\n<p>Bibliografia:<\/p>\n<p>Alfonso Maria Riberi<\/p>\n<\/div>\n<\/div><\/div><\/div><\/div><\/div>","protected":false},"excerpt":{"rendered":"<p>Il primo Seminario venne aperto a Cuneo nel 1757 sotto il Vescovo monregalese mons. Michele Casati su istanza dei delegati del Comune di Cuneo conti De Morri di Castelmagno e Alessandro Mellano di Fiano e Monasterolo; Carlo Emanuele III il 5 maggio 1758 autorizza ad erigere in citt\u00e0 un Seminario; il conte Mellano offre una sua casa tra la contrada dell\u2019Olmo (ora via Peveragno) e &hellip; <a href=\"https:\/\/www.diocesicuneofossano.it\/old\/biblioteca-diocesana\/il-seminario\/\" class=\"more-link\">Continua a leggere <span class=\"screen-reader-text\">Il Seminario<\/span> <span class=\"meta-nav\">&raquo;<\/span><\/a><\/p>\n","protected":false},"author":8,"featured_media":0,"parent":1614704297,"menu_order":0,"comment_status":"closed","ping_status":"closed","template":"","meta":{"_acf_changed":false,"footnotes":""},"class_list":["post-1614704406","page","type-page","status-publish","hentry"],"acf":[],"yoast_head":"<!-- This site is optimized with the Yoast SEO plugin v25.3 - https:\/\/yoast.com\/wordpress\/plugins\/seo\/ -->\n<title>Il Seminario - OLD - Diocesi di Cuneo e di Fossano<\/title>\n<meta name=\"robots\" content=\"noindex, follow, max-snippet:-1, max-image-preview:large, max-video-preview:-1\" \/>\n<meta property=\"og:locale\" content=\"it_IT\" \/>\n<meta property=\"og:type\" content=\"article\" \/>\n<meta property=\"og:title\" content=\"Il Seminario - OLD - Diocesi di Cuneo e di Fossano\" \/>\n<meta property=\"og:description\" content=\"Il primo Seminario venne aperto a Cuneo nel 1757 sotto il Vescovo monregalese mons. Michele Casati su istanza dei delegati del Comune di Cuneo conti De Morri di Castelmagno e Alessandro Mellano di Fiano e Monasterolo; Carlo Emanuele III il 5 maggio 1758 autorizza ad erigere in citt\u00e0 un Seminario; il conte Mellano offre una sua casa tra la contrada dell\u2019Olmo (ora via Peveragno) e &hellip; Continua a leggere Il Seminario &raquo;\" \/>\n<meta property=\"og:url\" content=\"https:\/\/www.diocesicuneofossano.it\/old\/biblioteca-diocesana\/il-seminario\/\" \/>\n<meta property=\"og:site_name\" content=\"OLD - Diocesi di Cuneo e di Fossano\" \/>\n<meta property=\"og:image\" content=\"https:\/\/www.diocesicuneofossano.it\/wp-content\/uploads\/sites\/2\/2021\/10\/seminario-1-150x150.jpg\" \/>\n<meta name=\"twitter:card\" content=\"summary_large_image\" \/>\n<meta name=\"twitter:label1\" content=\"Tempo di lettura stimato\" \/>\n\t<meta name=\"twitter:data1\" content=\"2 minuti\" \/>\n<script type=\"application\/ld+json\" class=\"yoast-schema-graph\">{\"@context\":\"https:\/\/schema.org\",\"@graph\":[{\"@type\":\"WebPage\",\"@id\":\"https:\/\/www.diocesicuneofossano.it\/old\/biblioteca-diocesana\/il-seminario\/\",\"url\":\"https:\/\/www.diocesicuneofossano.it\/old\/biblioteca-diocesana\/il-seminario\/\",\"name\":\"Il Seminario - OLD - Diocesi di Cuneo e di Fossano\",\"isPartOf\":{\"@id\":\"https:\/\/www.diocesicuneofossano.it\/old\/#website\"},\"primaryImageOfPage\":{\"@id\":\"https:\/\/www.diocesicuneofossano.it\/old\/biblioteca-diocesana\/il-seminario\/#primaryimage\"},\"image\":{\"@id\":\"https:\/\/www.diocesicuneofossano.it\/old\/biblioteca-diocesana\/il-seminario\/#primaryimage\"},\"thumbnailUrl\":\"https:\/\/www.diocesicuneofossano.it\/wp-content\/uploads\/sites\/2\/2021\/10\/seminario-1-150x150.jpg\",\"datePublished\":\"2021-10-27T08:05:02+00:00\",\"breadcrumb\":{\"@id\":\"https:\/\/www.diocesicuneofossano.it\/old\/biblioteca-diocesana\/il-seminario\/#breadcrumb\"},\"inLanguage\":\"it-IT\",\"potentialAction\":[{\"@type\":\"ReadAction\",\"target\":[\"https:\/\/www.diocesicuneofossano.it\/old\/biblioteca-diocesana\/il-seminario\/\"]}]},{\"@type\":\"ImageObject\",\"inLanguage\":\"it-IT\",\"@id\":\"https:\/\/www.diocesicuneofossano.it\/old\/biblioteca-diocesana\/il-seminario\/#primaryimage\",\"url\":\"https:\/\/www.diocesicuneofossano.it\/wp-content\/uploads\/sites\/2\/2021\/10\/seminario-1-150x150.jpg\",\"contentUrl\":\"https:\/\/www.diocesicuneofossano.it\/wp-content\/uploads\/sites\/2\/2021\/10\/seminario-1-150x150.jpg\"},{\"@type\":\"BreadcrumbList\",\"@id\":\"https:\/\/www.diocesicuneofossano.it\/old\/biblioteca-diocesana\/il-seminario\/#breadcrumb\",\"itemListElement\":[{\"@type\":\"ListItem\",\"position\":1,\"name\":\"Home\",\"item\":\"https:\/\/www.diocesicuneofossano.it\/old\/\"},{\"@type\":\"ListItem\",\"position\":2,\"name\":\"Biblioteca diocesana\",\"item\":\"https:\/\/www.diocesicuneofossano.it\/old\/biblioteca-diocesana\/\"},{\"@type\":\"ListItem\",\"position\":3,\"name\":\"Il Seminario\"}]},{\"@type\":\"WebSite\",\"@id\":\"https:\/\/www.diocesicuneofossano.it\/old\/#website\",\"url\":\"https:\/\/www.diocesicuneofossano.it\/old\/\",\"name\":\"OLD - Diocesi di Cuneo e di Fossano\",\"description\":\"\",\"potentialAction\":[{\"@type\":\"SearchAction\",\"target\":{\"@type\":\"EntryPoint\",\"urlTemplate\":\"https:\/\/www.diocesicuneofossano.it\/old\/?s={search_term_string}\"},\"query-input\":{\"@type\":\"PropertyValueSpecification\",\"valueRequired\":true,\"valueName\":\"search_term_string\"}}],\"inLanguage\":\"it-IT\"}]}<\/script>\n<!-- \/ Yoast SEO plugin. -->","yoast_head_json":{"title":"Il Seminario - OLD - Diocesi di Cuneo e di Fossano","robots":{"index":"noindex","follow":"follow","max-snippet":"max-snippet:-1","max-image-preview":"max-image-preview:large","max-video-preview":"max-video-preview:-1"},"og_locale":"it_IT","og_type":"article","og_title":"Il Seminario - OLD - Diocesi di Cuneo e di Fossano","og_description":"Il primo Seminario venne aperto a Cuneo nel 1757 sotto il Vescovo monregalese mons. Michele Casati su istanza dei delegati del Comune di Cuneo conti De Morri di Castelmagno e Alessandro Mellano di Fiano e Monasterolo; Carlo Emanuele III il 5 maggio 1758 autorizza ad erigere in citt\u00e0 un Seminario; il conte Mellano offre una sua casa tra la contrada dell\u2019Olmo (ora via Peveragno) e &hellip; Continua a leggere Il Seminario &raquo;","og_url":"https:\/\/www.diocesicuneofossano.it\/old\/biblioteca-diocesana\/il-seminario\/","og_site_name":"OLD - Diocesi di Cuneo e di Fossano","og_image":[{"url":"https:\/\/www.diocesicuneofossano.it\/wp-content\/uploads\/sites\/2\/2021\/10\/seminario-1-150x150.jpg","type":"","width":"","height":""}],"twitter_card":"summary_large_image","twitter_misc":{"Tempo di lettura stimato":"2 minuti"},"schema":{"@context":"https:\/\/schema.org","@graph":[{"@type":"WebPage","@id":"https:\/\/www.diocesicuneofossano.it\/old\/biblioteca-diocesana\/il-seminario\/","url":"https:\/\/www.diocesicuneofossano.it\/old\/biblioteca-diocesana\/il-seminario\/","name":"Il Seminario - OLD - Diocesi di Cuneo e di Fossano","isPartOf":{"@id":"https:\/\/www.diocesicuneofossano.it\/old\/#website"},"primaryImageOfPage":{"@id":"https:\/\/www.diocesicuneofossano.it\/old\/biblioteca-diocesana\/il-seminario\/#primaryimage"},"image":{"@id":"https:\/\/www.diocesicuneofossano.it\/old\/biblioteca-diocesana\/il-seminario\/#primaryimage"},"thumbnailUrl":"https:\/\/www.diocesicuneofossano.it\/wp-content\/uploads\/sites\/2\/2021\/10\/seminario-1-150x150.jpg","datePublished":"2021-10-27T08:05:02+00:00","breadcrumb":{"@id":"https:\/\/www.diocesicuneofossano.it\/old\/biblioteca-diocesana\/il-seminario\/#breadcrumb"},"inLanguage":"it-IT","potentialAction":[{"@type":"ReadAction","target":["https:\/\/www.diocesicuneofossano.it\/old\/biblioteca-diocesana\/il-seminario\/"]}]},{"@type":"ImageObject","inLanguage":"it-IT","@id":"https:\/\/www.diocesicuneofossano.it\/old\/biblioteca-diocesana\/il-seminario\/#primaryimage","url":"https:\/\/www.diocesicuneofossano.it\/wp-content\/uploads\/sites\/2\/2021\/10\/seminario-1-150x150.jpg","contentUrl":"https:\/\/www.diocesicuneofossano.it\/wp-content\/uploads\/sites\/2\/2021\/10\/seminario-1-150x150.jpg"},{"@type":"BreadcrumbList","@id":"https:\/\/www.diocesicuneofossano.it\/old\/biblioteca-diocesana\/il-seminario\/#breadcrumb","itemListElement":[{"@type":"ListItem","position":1,"name":"Home","item":"https:\/\/www.diocesicuneofossano.it\/old\/"},{"@type":"ListItem","position":2,"name":"Biblioteca diocesana","item":"https:\/\/www.diocesicuneofossano.it\/old\/biblioteca-diocesana\/"},{"@type":"ListItem","position":3,"name":"Il Seminario"}]},{"@type":"WebSite","@id":"https:\/\/www.diocesicuneofossano.it\/old\/#website","url":"https:\/\/www.diocesicuneofossano.it\/old\/","name":"OLD - Diocesi di Cuneo e di Fossano","description":"","potentialAction":[{"@type":"SearchAction","target":{"@type":"EntryPoint","urlTemplate":"https:\/\/www.diocesicuneofossano.it\/old\/?s={search_term_string}"},"query-input":{"@type":"PropertyValueSpecification","valueRequired":true,"valueName":"search_term_string"}}],"inLanguage":"it-IT"}]}},"_links":{"self":[{"href":"https:\/\/www.diocesicuneofossano.it\/old\/wp-json\/wp\/v2\/pages\/1614704406"}],"collection":[{"href":"https:\/\/www.diocesicuneofossano.it\/old\/wp-json\/wp\/v2\/pages"}],"about":[{"href":"https:\/\/www.diocesicuneofossano.it\/old\/wp-json\/wp\/v2\/types\/page"}],"author":[{"embeddable":true,"href":"https:\/\/www.diocesicuneofossano.it\/old\/wp-json\/wp\/v2\/users\/8"}],"replies":[{"embeddable":true,"href":"https:\/\/www.diocesicuneofossano.it\/old\/wp-json\/wp\/v2\/comments?post=1614704406"}],"version-history":[{"count":1,"href":"https:\/\/www.diocesicuneofossano.it\/old\/wp-json\/wp\/v2\/pages\/1614704406\/revisions"}],"predecessor-version":[{"id":1614704408,"href":"https:\/\/www.diocesicuneofossano.it\/old\/wp-json\/wp\/v2\/pages\/1614704406\/revisions\/1614704408"}],"up":[{"embeddable":true,"href":"https:\/\/www.diocesicuneofossano.it\/old\/wp-json\/wp\/v2\/pages\/1614704297"}],"wp:attachment":[{"href":"https:\/\/www.diocesicuneofossano.it\/old\/wp-json\/wp\/v2\/media?parent=1614704406"}],"curies":[{"name":"wp","href":"https:\/\/api.w.org\/{rel}","templated":true}]}}