{"id":1614704379,"date":"2021-10-27T09:06:42","date_gmt":"2021-10-27T07:06:42","guid":{"rendered":"https:\/\/www.diocesicuneofossano.it\/?page_id=1614704379"},"modified":"2021-10-27T09:06:42","modified_gmt":"2021-10-27T07:06:42","slug":"attivita-e-pubblicazioni-interne","status":"publish","type":"page","link":"https:\/\/www.diocesicuneofossano.it\/old\/biblioteca-diocesana\/attivita-e-pubblicazioni-interne\/","title":{"rendered":"Attivit\u00e0 e pubblicazioni interne"},"content":{"rendered":"<div id=\"pl-1614704379\"  class=\"panel-layout\" ><div id=\"pg-1614704379-0\"  class=\"panel-grid panel-no-style\" ><div id=\"pgc-1614704379-0-0\"  class=\"panel-grid-cell\" ><div id=\"panel-1614704379-0-0-0\" class=\"so-panel widget widget_siteorigin-panels-post-content panel-first-child\" data-index=\"0\" ><h1 class=\"entry-title\">Attivit\u00e0 e pubblicazioni interne<\/h1><\/div><div id=\"panel-1614704379-0-0-1\" class=\"so-panel widget widget_sow-editor panel-last-child\" data-index=\"1\" ><div\n\t\t\t\n\t\t\tclass=\"so-widget-sow-editor so-widget-sow-editor-base\"\n\t\t\t\n\t\t>\n<div class=\"siteorigin-widget-tinymce textwidget\">\n\t<p>L'attivit\u00e0 dei volontari \u00e8 finalizzata prima di tutto al riordino ed al servizio della Biblioteca e dell'Archivio Diocesano.<br \/>\nTuttavia il loro servizio pu\u00f2 offrire ottime opportunit\u00e0 di collaborazioni per valorizzare i documenti d'archivio ed il patrimonio librario attraverso ricerche e studi, alcuni dei quali hanno dato origine a pubblicazioni o piccole mostre che sono presentate in questa pagina.<br \/>\nIn particolare si \u00e8 valorizzata l'opera di mons. Alfonso Maria Riberi (1876 - 1952), che per circa cinquant'anni fu bibliotecario ed arricch\u00ec la Biblioteca con preziose raccolte di libri e svilupp\u00f2 ricerche fondamentali per la Storia religiosa della Diocesi e dell'arte locale.<\/p>\n<p><strong>Convegno Europeo Cristianesimo ed Europa 1992<\/strong><br \/>\nConvegno Europeo- Cristianesimo ed Europa<br \/>\n<span style=\"font-size: inherit\">Andar per l'Europa: Itinerari europei nel cuneese nei secoli XI - XV<\/span><\/p>\n<p><strong>Iniziativa Arte Nostra<\/strong><br \/>\n<a href=\"http:\/\/cultura.diocesicuneo.it\/biblioteca\/attivita-e-pubblicazioni-interne\/arte-nostra\/\" target=\"_blank\" rel=\"noopener noreferrer\">Arte Nostra a cinquant'anni dalla prima mostra di Arte Sacra Cuneese<\/a><br \/>\n<a href=\"http:\/\/cultura.diocesicuneo.it\/biblioteca\/attivita-e-pubblicazioni-interne\/piccolo-dizionario-atlante-di-arte-nostra\/\">Piccolo dizionario - atlante di \"Arte Nostra\". Sussidio didattico per le chiese cuneesi<\/a><\/p>\n<p><strong>Tracce documentarie scritte del passaggio di Pio VI a Cuneo<\/strong><br \/>\nMateriale utilizzato per mostra - bicentenario del passaggio<br \/>\nPio VII prigioniero a Cuneo. Cronache ed avvenimenti locali attorno al suo passaggio nel 1809.<br \/>\nIl passaggio di Pio VII e le premesse per la Diocesi a Cuneo<\/p>\n<p><strong>Pubblicazioni<br \/>\n<\/strong><\/p>\n<p><strong>La diocesi di Cuneo<\/strong><br \/>\n<a href=\"http:\/\/cultura.diocesicuneo.it\/biblioteca\/attivita-e-pubblicazioni-interne\/storia-religiosa-delle-valli-cuneesi-la-diocesi-di-cuneo\/\">Storia religiosa delle valli cuneesi. La Diocesi di Cuneo<\/a><br \/>\nCuneo una citt\u00e0 e una Diocesi. Atlante storici-artistico delle istituzioni ecclesiali nel territorio del Comune di Cuneo.<\/p>\n<p><strong>Repertorio di antiche Memorie<\/strong><br \/>\nRAM tomo I - Per la Storia della nostra Diocesi<br \/>\nRAM tomo II - Paesi Uomini Chiese<br \/>\nRAM tomo III -\u00a0Arte, Folclore, (Scrittori), Poeti e Santi<br \/>\nRAM tomo IV -\u00a0Corrispondenza, Manoscritti, Integrazioni, Indici generali<\/p>\n<p><strong><a href=\"http:\/\/cultura.diocesicuneo.it\/biblioteca\/attivita-e-pubblicazioni-interne\/alfonso-maria-riberi-uomo-di-chiesa-uomo-di-studio\/\">Alfonso Maria Riberi.\u00a0Uomo di chiesa, uomo di studio<\/a><br \/>\n<\/strong><br \/>\n<a href=\"http:\/\/cultura.diocesicuneo.it\/biblioteca\/attivita-e-pubblicazioni-interne\/annuncero-la-salvezza-del-signore-tracce-del-magistero-episcopale-di-monsignor-carlo-aliprandi\/\"><strong>Annuncer\u00f2 la salvezza del Signore.\u00a0Tracce del magistero episcopale di Monsignor Carlo Aliprandi<\/strong><\/a><\/p>\n<p><strong>Memoria per il cammino della Chiesa in Cuneo<\/strong><br \/>\n<a href=\"http:\/\/cultura.diocesicuneo.it\/biblioteca\/attivita-e-pubblicazioni-interne\/pio-vii-prigioniero-a-cuneo-vol-i\/\">Pio VII prigioniero a Cuneo vol I.\u00a0Cronache ed avvenimenti locali attorno al suo passaggio nel 1809<\/a><br \/>\nIl passaggio di Pio VII\u00a0 vol II e le premesse per la Diocesi a Cuneo<br \/>\nPreti e Vescovi a Cuneo dal 1200 a oggi. Repertorio del clero cuneese<br \/>\nA ogni paese la sua storia: raccontare la storia per non dimenticare<br \/>\nVescovi e preti cuneesi tra cronaca e memoria.\u00a0Antologia di articoli di Daniel Karl su \"La Guida\"<\/p>\n<p><strong>Fonti di storia ecclesiastica nel Piemonte Meridionale<\/strong><br \/>\nGerolomo Scarampi. Visita pastorale nella diocesi di Mondov\u00ec 1582 - 1583 (I e II tomo)<br \/>\nAmedeo Bruno Conte di Samone. Visita pastorale diocesi di Cuneo 1819 - 1821<br \/>\nMichele Beggiamo.\u00a0Visita pastorale nella diocesi di Mondov\u00ec 1658 - 1661 (I e II tomo)<br \/>\nFrancesco Agostino Della Chiesa. Visita pastorale diocesi di Mondov\u00ec 1658 - 1661 (I - II - III tomo)<br \/>\nMichele Casati. Visita pastorale nella diocesi di Mondov\u00ec 1755 - 1759 (I e II tomo)<\/p>\n<p><strong>La citt\u00e0 in alto<\/strong><br \/>\nLa citt\u00e0 degli assedi. M\u00e9moire de ce qui s'est pass\u00e9 de plus consid\u00e9rable pendant le si\u00e8ge de Coni, Fan 1744<br \/>\nBelavigna e i suoi 1406 - 2006<br \/>\nQuattro gesuiti cuneesi nella Cina di Kangxi 1661 - 1722<br \/>\nAC.\u00a0Volti per la diocesi e per la citt\u00e0<br \/>\nArte Nostra a cinquant'anni dalla prima mostra di Arte Sacra Cuneese<\/p>\n<p><strong>Relazioni, Quaderni e altro<\/strong><br \/>\nDon Antonio Borsotto, Giusto di Israele: \u00abEra una cosa cristiana da fare!\u00bb<br \/>\nLettere dal fronte libico e dalla prigionia Algeria. Il cappellano militare don Giovanni Rosso<br \/>\nPiccolo dizionario - atlante di \"Arte Nostra\". Sussidio didattico per le chiese cuneesi<br \/>\nSorgenti di acqua viva<br \/>\nLe vie della fede nella provincia Granda<br \/>\nAntonio Roasio, scultore 1809 - 1886<br \/>\nL'acqua della rinascita<br \/>\nFinestre sul paradiso<\/p>\n<\/div>\n<\/div><\/div><\/div><\/div><\/div>","protected":false},"excerpt":{"rendered":"<p>L&#8217;attivit\u00e0 dei volontari \u00e8 finalizzata prima di tutto al riordino ed al servizio della Biblioteca e dell&#8217;Archivio Diocesano. Tuttavia il loro servizio pu\u00f2 offrire ottime opportunit\u00e0 di collaborazioni per valorizzare i documenti d&#8217;archivio ed il patrimonio librario attraverso ricerche e studi, alcuni dei quali hanno dato origine a pubblicazioni o piccole mostre che sono presentate in questa pagina. In particolare si \u00e8 valorizzata l&#8217;opera di &hellip; <a href=\"https:\/\/www.diocesicuneofossano.it\/old\/biblioteca-diocesana\/attivita-e-pubblicazioni-interne\/\" class=\"more-link\">Continua a leggere <span class=\"screen-reader-text\">Attivit\u00e0 e pubblicazioni interne<\/span> <span class=\"meta-nav\">&raquo;<\/span><\/a><\/p>\n","protected":false},"author":8,"featured_media":0,"parent":1614704297,"menu_order":0,"comment_status":"closed","ping_status":"closed","template":"","meta":{"_acf_changed":false,"footnotes":""},"class_list":["post-1614704379","page","type-page","status-publish","hentry"],"acf":[],"yoast_head":"<!-- This site is optimized with the Yoast SEO plugin v25.3 - https:\/\/yoast.com\/wordpress\/plugins\/seo\/ -->\n<title>Attivit\u00e0 e pubblicazioni interne - OLD - Diocesi di Cuneo e di Fossano<\/title>\n<meta name=\"robots\" content=\"noindex, follow, max-snippet:-1, max-image-preview:large, max-video-preview:-1\" \/>\n<meta property=\"og:locale\" content=\"it_IT\" \/>\n<meta property=\"og:type\" content=\"article\" \/>\n<meta property=\"og:title\" content=\"Attivit\u00e0 e pubblicazioni interne - OLD - Diocesi di Cuneo e di Fossano\" \/>\n<meta property=\"og:description\" content=\"L&#039;attivit\u00e0 dei volontari \u00e8 finalizzata prima di tutto al riordino ed al servizio della Biblioteca e dell&#039;Archivio Diocesano. Tuttavia il loro servizio pu\u00f2 offrire ottime opportunit\u00e0 di collaborazioni per valorizzare i documenti d&#039;archivio ed il patrimonio librario attraverso ricerche e studi, alcuni dei quali hanno dato origine a pubblicazioni o piccole mostre che sono presentate in questa pagina. In particolare si \u00e8 valorizzata l&#039;opera di &hellip; Continua a leggere Attivit\u00e0 e pubblicazioni interne &raquo;\" \/>\n<meta property=\"og:url\" content=\"https:\/\/www.diocesicuneofossano.it\/old\/biblioteca-diocesana\/attivita-e-pubblicazioni-interne\/\" \/>\n<meta property=\"og:site_name\" content=\"OLD - Diocesi di Cuneo e di Fossano\" \/>\n<meta name=\"twitter:card\" content=\"summary_large_image\" \/>\n<meta name=\"twitter:label1\" content=\"Tempo di lettura stimato\" \/>\n\t<meta name=\"twitter:data1\" content=\"3 minuti\" \/>\n<script type=\"application\/ld+json\" class=\"yoast-schema-graph\">{\"@context\":\"https:\/\/schema.org\",\"@graph\":[{\"@type\":\"WebPage\",\"@id\":\"https:\/\/www.diocesicuneofossano.it\/old\/biblioteca-diocesana\/attivita-e-pubblicazioni-interne\/\",\"url\":\"https:\/\/www.diocesicuneofossano.it\/old\/biblioteca-diocesana\/attivita-e-pubblicazioni-interne\/\",\"name\":\"Attivit\u00e0 e pubblicazioni interne - OLD - Diocesi di Cuneo e di Fossano\",\"isPartOf\":{\"@id\":\"https:\/\/www.diocesicuneofossano.it\/old\/#website\"},\"datePublished\":\"2021-10-27T07:06:42+00:00\",\"breadcrumb\":{\"@id\":\"https:\/\/www.diocesicuneofossano.it\/old\/biblioteca-diocesana\/attivita-e-pubblicazioni-interne\/#breadcrumb\"},\"inLanguage\":\"it-IT\",\"potentialAction\":[{\"@type\":\"ReadAction\",\"target\":[\"https:\/\/www.diocesicuneofossano.it\/old\/biblioteca-diocesana\/attivita-e-pubblicazioni-interne\/\"]}]},{\"@type\":\"BreadcrumbList\",\"@id\":\"https:\/\/www.diocesicuneofossano.it\/old\/biblioteca-diocesana\/attivita-e-pubblicazioni-interne\/#breadcrumb\",\"itemListElement\":[{\"@type\":\"ListItem\",\"position\":1,\"name\":\"Home\",\"item\":\"https:\/\/www.diocesicuneofossano.it\/old\/\"},{\"@type\":\"ListItem\",\"position\":2,\"name\":\"Biblioteca diocesana\",\"item\":\"https:\/\/www.diocesicuneofossano.it\/old\/biblioteca-diocesana\/\"},{\"@type\":\"ListItem\",\"position\":3,\"name\":\"Attivit\u00e0 e pubblicazioni interne\"}]},{\"@type\":\"WebSite\",\"@id\":\"https:\/\/www.diocesicuneofossano.it\/old\/#website\",\"url\":\"https:\/\/www.diocesicuneofossano.it\/old\/\",\"name\":\"OLD - Diocesi di Cuneo e di Fossano\",\"description\":\"\",\"potentialAction\":[{\"@type\":\"SearchAction\",\"target\":{\"@type\":\"EntryPoint\",\"urlTemplate\":\"https:\/\/www.diocesicuneofossano.it\/old\/?s={search_term_string}\"},\"query-input\":{\"@type\":\"PropertyValueSpecification\",\"valueRequired\":true,\"valueName\":\"search_term_string\"}}],\"inLanguage\":\"it-IT\"}]}<\/script>\n<!-- \/ Yoast SEO plugin. -->","yoast_head_json":{"title":"Attivit\u00e0 e pubblicazioni interne - OLD - Diocesi di Cuneo e di Fossano","robots":{"index":"noindex","follow":"follow","max-snippet":"max-snippet:-1","max-image-preview":"max-image-preview:large","max-video-preview":"max-video-preview:-1"},"og_locale":"it_IT","og_type":"article","og_title":"Attivit\u00e0 e pubblicazioni interne - OLD - Diocesi di Cuneo e di Fossano","og_description":"L'attivit\u00e0 dei volontari \u00e8 finalizzata prima di tutto al riordino ed al servizio della Biblioteca e dell'Archivio Diocesano. Tuttavia il loro servizio pu\u00f2 offrire ottime opportunit\u00e0 di collaborazioni per valorizzare i documenti d'archivio ed il patrimonio librario attraverso ricerche e studi, alcuni dei quali hanno dato origine a pubblicazioni o piccole mostre che sono presentate in questa pagina. In particolare si \u00e8 valorizzata l'opera di &hellip; Continua a leggere Attivit\u00e0 e pubblicazioni interne &raquo;","og_url":"https:\/\/www.diocesicuneofossano.it\/old\/biblioteca-diocesana\/attivita-e-pubblicazioni-interne\/","og_site_name":"OLD - Diocesi di Cuneo e di Fossano","twitter_card":"summary_large_image","twitter_misc":{"Tempo di lettura stimato":"3 minuti"},"schema":{"@context":"https:\/\/schema.org","@graph":[{"@type":"WebPage","@id":"https:\/\/www.diocesicuneofossano.it\/old\/biblioteca-diocesana\/attivita-e-pubblicazioni-interne\/","url":"https:\/\/www.diocesicuneofossano.it\/old\/biblioteca-diocesana\/attivita-e-pubblicazioni-interne\/","name":"Attivit\u00e0 e pubblicazioni interne - OLD - Diocesi di Cuneo e di Fossano","isPartOf":{"@id":"https:\/\/www.diocesicuneofossano.it\/old\/#website"},"datePublished":"2021-10-27T07:06:42+00:00","breadcrumb":{"@id":"https:\/\/www.diocesicuneofossano.it\/old\/biblioteca-diocesana\/attivita-e-pubblicazioni-interne\/#breadcrumb"},"inLanguage":"it-IT","potentialAction":[{"@type":"ReadAction","target":["https:\/\/www.diocesicuneofossano.it\/old\/biblioteca-diocesana\/attivita-e-pubblicazioni-interne\/"]}]},{"@type":"BreadcrumbList","@id":"https:\/\/www.diocesicuneofossano.it\/old\/biblioteca-diocesana\/attivita-e-pubblicazioni-interne\/#breadcrumb","itemListElement":[{"@type":"ListItem","position":1,"name":"Home","item":"https:\/\/www.diocesicuneofossano.it\/old\/"},{"@type":"ListItem","position":2,"name":"Biblioteca diocesana","item":"https:\/\/www.diocesicuneofossano.it\/old\/biblioteca-diocesana\/"},{"@type":"ListItem","position":3,"name":"Attivit\u00e0 e pubblicazioni interne"}]},{"@type":"WebSite","@id":"https:\/\/www.diocesicuneofossano.it\/old\/#website","url":"https:\/\/www.diocesicuneofossano.it\/old\/","name":"OLD - Diocesi di Cuneo e di Fossano","description":"","potentialAction":[{"@type":"SearchAction","target":{"@type":"EntryPoint","urlTemplate":"https:\/\/www.diocesicuneofossano.it\/old\/?s={search_term_string}"},"query-input":{"@type":"PropertyValueSpecification","valueRequired":true,"valueName":"search_term_string"}}],"inLanguage":"it-IT"}]}},"_links":{"self":[{"href":"https:\/\/www.diocesicuneofossano.it\/old\/wp-json\/wp\/v2\/pages\/1614704379"}],"collection":[{"href":"https:\/\/www.diocesicuneofossano.it\/old\/wp-json\/wp\/v2\/pages"}],"about":[{"href":"https:\/\/www.diocesicuneofossano.it\/old\/wp-json\/wp\/v2\/types\/page"}],"author":[{"embeddable":true,"href":"https:\/\/www.diocesicuneofossano.it\/old\/wp-json\/wp\/v2\/users\/8"}],"replies":[{"embeddable":true,"href":"https:\/\/www.diocesicuneofossano.it\/old\/wp-json\/wp\/v2\/comments?post=1614704379"}],"version-history":[{"count":1,"href":"https:\/\/www.diocesicuneofossano.it\/old\/wp-json\/wp\/v2\/pages\/1614704379\/revisions"}],"predecessor-version":[{"id":1614704380,"href":"https:\/\/www.diocesicuneofossano.it\/old\/wp-json\/wp\/v2\/pages\/1614704379\/revisions\/1614704380"}],"up":[{"embeddable":true,"href":"https:\/\/www.diocesicuneofossano.it\/old\/wp-json\/wp\/v2\/pages\/1614704297"}],"wp:attachment":[{"href":"https:\/\/www.diocesicuneofossano.it\/old\/wp-json\/wp\/v2\/media?parent=1614704379"}],"curies":[{"name":"wp","href":"https:\/\/api.w.org\/{rel}","templated":true}]}}