{"id":1614704277,"date":"2021-10-26T09:48:24","date_gmt":"2021-10-26T07:48:24","guid":{"rendered":"https:\/\/www.diocesicuneofossano.it\/?page_id=1614704277"},"modified":"2021-11-10T09:21:46","modified_gmt":"2021-11-10T08:21:46","slug":"collegamenti-utili","status":"publish","type":"page","link":"https:\/\/www.diocesicuneofossano.it\/old\/archivio-storico\/collegamenti-utili\/","title":{"rendered":"Collegamenti utili"},"content":{"rendered":"<div id=\"pl-1614704277\"  class=\"panel-layout\" ><div id=\"pg-1614704277-0\"  class=\"panel-grid panel-no-style\" ><div id=\"pgc-1614704277-0-0\"  class=\"panel-grid-cell\" ><div id=\"panel-1614704277-0-0-0\" class=\"so-panel widget widget_siteorigin-panels-post-content panel-first-child\" data-index=\"0\" ><h1 class=\"entry-title\">Collegamenti utili<\/h1><\/div><div id=\"panel-1614704277-0-0-1\" class=\"so-panel widget widget_sow-editor panel-last-child\" data-index=\"1\" ><div\n\t\t\t\n\t\t\tclass=\"so-widget-sow-editor so-widget-sow-editor-base\"\n\t\t\t\n\t\t>\n<div class=\"siteorigin-widget-tinymce textwidget\">\n\t<p>In questa pagina sono inseriti alcuni collegamenti a siti esterni: sono strumenti utili per la ricerca archivistica e per una migliore comprensione dei beni culturali archivistici.<\/p>\n<p><a href=\"https:\/\/beweb.chiesacattolica.it\/\">BeWeb<\/a>\u00a0 \u00e8 il portale nazionale dei beni culturali ecclesiastici. La sua storia inizia nel 1997 con le prime operazioni di inventariazione e censimento, fino alla nascita, nel 2006, dell\u2019<a href=\"http:\/\/www.anagrafebbcc.chiesacattolica.it\/anagraficaCEIBib\/\">Anagrafe dei beni culturali ecclesiastici<\/a>, quest\u2019ultimo pi\u00f9 tecnico e settoriale. BeWeb \u00e8 un punto di accesso unico alle diverse tipologie di patrimonio, manifestando cos\u00ec in modo esplicito i legami che intercorrono tra di esse: per questo si definisce un cross-portal. Accoglie pi\u00f9 di 200 Diocesi e pi\u00f9 di 150 mila beni archivistici. E\u2019 possibile effettuare ricerche per tipologia di bene (beni artistici, librari, archivistici\u2026), per parola chiave o anche per Provincia o Diocesi, oltre che visitare i percorsi tematici, vere e proprie visite guidate attraverso beni archivistici, librari, artistici ed architettonici aventi un tema o un soggetto in comune. Si segnala ancora la presenza di un glossario di termini afferenti la sfera ecclesiastica e religiosa.<\/p>\n<p><a href=\"http:\/\/www.storiadellachiesa.it\/category\/dizionario-storico-tematico\/\">Il Dizionario storico della Chiesa in Italia<\/a>\u00a0\u00e8 uno strumento utile per la comprensione dello sviluppo della Chiesa in Italia nel corso dei secoli. Durante la ricerca archivistica risulta essere essenziale la consultazione di strumenti come questo, in quanto contiene notizie di carattere storico circa l\u2019evoluzione della struttura sia della Curia romana sia delle Curie vescovile, e dei rapporti intercorsi tra di loro.<\/p>\n<p><a href=\"https:\/\/bce.chiesacattolica.it\/\">L\u2019Ufficio nazionale per i beni culturali ecclesiastici e l\u2019edilizia di culto<\/a>\u00a0\u00e8 un\u2019articolazione della Segreteria Generale della Conferenza Episcopale Italiana, istituito nel settembre 2016. I suoi compiti sono di consulenza nell\u2019ambito degli interventi sui beni culturali e sull\u2019edilizia di culto, programmazione e ripartizione delle risorse economiche sulla base delle richieste pervenute dalle Diocesi italiane, formazione ed aggiornamenti dei profili professionali diocesani e relazioni con i competenti organi ministeriali italiani. Tra i progetti portati avanti dall\u2019Ufficio si segnalano CEI-Ar, per la schedatura degli archivi diocesani, e CEI-Bib, per la catalogazione delle biblioteche ecclesiastiche.<\/p>\n<p><a href=\"http:\/\/www.sato-archivi.it\/Sito\/index.php\">La Soprintendenza Archivistica e Bibliografica per il Piemonte e la Valle d\u2019Aosta<\/a>\u00a0\u00e8 l\u2019organo periferico del Ministero per i beni e le attivit\u00e0 culturali e per il turismo. I suoi funzionari vigilano sugli archivi cartacei e digitali degli enti pubblici territoriali, degli organi periferici dello Stato e dei soggetti privati che abbiano ricevuto la dichiarazione di \u201cinteresse storico particolarmente importante\u201d (ex art. 13, D.Lgs. n. 42 del 22 gennaio 2004). A seguito dell\u2019intesa tra il Ministero e la Conferenza Episcopale Italiana, la Soprintendenza collabora con le singole Diocesi per la tutela e la salvaguardia degli archivi e delle biblioteche ecclesiastiche.<\/p>\n<p><a href=\"http:\/\/www.archivi.beniculturali.it\/index.php\">La Direzione Generale per gli Archivi<\/a>\u00a0\u00e8 l\u2019organo centrale del Ministero per i beni e le attivit\u00e0 culturali e il turismo con lo scopo di coordinare e tutelare il patrimonio archivistico nazionale, in collaborazione con gli Archivi di Stato e le Soprintendenze archivistiche. Questa Direzione provvede ad elaborare anche strategie e linee guida per una buona conservazione ed inventariazione, oltre che coordinare le Scuole di Archivistica, Paleografia e Diplomatica presenti in 17 Archivi di Stato. Per questo compito essa mantiene le relazioni con le realt\u00e0 estere ed internazionali (come il\u00a0<a href=\"https:\/\/www.ica.org\/en\">Consiglio internazionale degli archivi<\/a>); inoltre \u00e8 la Direzione generale ad occuparsi della rivendicazione di beni archivistici statali in fase di esportazione, illecitamente esportati o trafugati.<br \/>\nL\u2019attivit\u00e0 di tutela si traduce in particolare con il provvedimento dichiarativo dell\u2019interesse storico particolarmente importante: su proposta del Soprintendente regionale, questa Direzione emana l\u2019atto con cui l\u2019archivio \u00e8 vincolato e sottoposto alla tutela prevista dal Codice dei beni culturali e del paesaggio.<\/p>\n<p><a href=\"http:\/\/asv.vatican.va\/content\/archiviosegretovaticano\/it.html\">L\u2019Archivio Segreto Vaticano<\/a>\u00a0\u00e8 l\u2019istituto che conserva i documenti prodotti e ricevuti dalla Santa Sede nell\u2019esercizio di governo del proprio Stato e dei rapporti con la Chiesa universale. Gli 85 km lineare di scaffalature, collate in diversi ambienti, raccolgono documentazione a partire dal VIII secolo e la rendono fruibile, salvo alcune sezioni, a tutti gli studiosi interessati.<\/p>\n<p>Il portale <a href=\"https:\/\/www.groupar.it\/Groupar\/index.php\">Groupar <\/a>nasce dalla volont\u00e0 di creare una rete degli archivi della Valle Grana e degli studi realizzati su questa porzione di territorio. Il termine in occitano significa legare ed \u00e8 questa la missione del portale: legare diversi istituti ed enti che conservano le memorie della Valle.<\/p>\n<\/div>\n<\/div><\/div><\/div><\/div><\/div>","protected":false},"excerpt":{"rendered":"<p>In questa pagina sono inseriti alcuni collegamenti a siti esterni: sono strumenti utili per la ricerca archivistica e per una migliore comprensione dei beni culturali archivistici. BeWeb\u00a0 \u00e8 il portale nazionale dei beni culturali ecclesiastici. La sua storia inizia nel 1997 con le prime operazioni di inventariazione e censimento, fino alla nascita, nel 2006, dell\u2019Anagrafe dei beni culturali ecclesiastici, quest\u2019ultimo pi\u00f9 tecnico e settoriale. BeWeb &hellip; <a href=\"https:\/\/www.diocesicuneofossano.it\/old\/archivio-storico\/collegamenti-utili\/\" class=\"more-link\">Continua a leggere <span class=\"screen-reader-text\">Collegamenti utili<\/span> <span class=\"meta-nav\">&raquo;<\/span><\/a><\/p>\n","protected":false},"author":8,"featured_media":0,"parent":1614704263,"menu_order":0,"comment_status":"closed","ping_status":"closed","template":"","meta":{"_acf_changed":false,"footnotes":""},"class_list":["post-1614704277","page","type-page","status-publish","hentry"],"acf":[],"yoast_head":"<!-- This site is optimized with the Yoast SEO plugin v25.3 - https:\/\/yoast.com\/wordpress\/plugins\/seo\/ -->\n<title>Collegamenti utili - OLD - Diocesi di Cuneo e di Fossano<\/title>\n<meta name=\"robots\" content=\"noindex, follow, max-snippet:-1, max-image-preview:large, max-video-preview:-1\" \/>\n<meta property=\"og:locale\" content=\"it_IT\" \/>\n<meta property=\"og:type\" content=\"article\" \/>\n<meta property=\"og:title\" content=\"Collegamenti utili - OLD - Diocesi di Cuneo e di Fossano\" \/>\n<meta property=\"og:description\" content=\"In questa pagina sono inseriti alcuni collegamenti a siti esterni: sono strumenti utili per la ricerca archivistica e per una migliore comprensione dei beni culturali archivistici. BeWeb\u00a0 \u00e8 il portale nazionale dei beni culturali ecclesiastici. La sua storia inizia nel 1997 con le prime operazioni di inventariazione e censimento, fino alla nascita, nel 2006, dell\u2019Anagrafe dei beni culturali ecclesiastici, quest\u2019ultimo pi\u00f9 tecnico e settoriale. BeWeb &hellip; Continua a leggere Collegamenti utili &raquo;\" \/>\n<meta property=\"og:url\" content=\"https:\/\/www.diocesicuneofossano.it\/old\/archivio-storico\/collegamenti-utili\/\" \/>\n<meta property=\"og:site_name\" content=\"OLD - Diocesi di Cuneo e di Fossano\" \/>\n<meta property=\"article:modified_time\" content=\"2021-11-10T08:21:46+00:00\" \/>\n<meta name=\"twitter:card\" content=\"summary_large_image\" \/>\n<meta name=\"twitter:label1\" content=\"Tempo di lettura stimato\" \/>\n\t<meta name=\"twitter:data1\" content=\"3 minuti\" \/>\n<script type=\"application\/ld+json\" class=\"yoast-schema-graph\">{\"@context\":\"https:\/\/schema.org\",\"@graph\":[{\"@type\":\"WebPage\",\"@id\":\"https:\/\/www.diocesicuneofossano.it\/old\/archivio-storico\/collegamenti-utili\/\",\"url\":\"https:\/\/www.diocesicuneofossano.it\/old\/archivio-storico\/collegamenti-utili\/\",\"name\":\"Collegamenti utili - OLD - Diocesi di Cuneo e di Fossano\",\"isPartOf\":{\"@id\":\"https:\/\/www.diocesicuneofossano.it\/old\/#website\"},\"datePublished\":\"2021-10-26T07:48:24+00:00\",\"dateModified\":\"2021-11-10T08:21:46+00:00\",\"breadcrumb\":{\"@id\":\"https:\/\/www.diocesicuneofossano.it\/old\/archivio-storico\/collegamenti-utili\/#breadcrumb\"},\"inLanguage\":\"it-IT\",\"potentialAction\":[{\"@type\":\"ReadAction\",\"target\":[\"https:\/\/www.diocesicuneofossano.it\/old\/archivio-storico\/collegamenti-utili\/\"]}]},{\"@type\":\"BreadcrumbList\",\"@id\":\"https:\/\/www.diocesicuneofossano.it\/old\/archivio-storico\/collegamenti-utili\/#breadcrumb\",\"itemListElement\":[{\"@type\":\"ListItem\",\"position\":1,\"name\":\"Home\",\"item\":\"https:\/\/www.diocesicuneofossano.it\/old\/\"},{\"@type\":\"ListItem\",\"position\":2,\"name\":\"Archivio storico\",\"item\":\"https:\/\/www.diocesicuneofossano.it\/old\/archivio-storico\/\"},{\"@type\":\"ListItem\",\"position\":3,\"name\":\"Collegamenti utili\"}]},{\"@type\":\"WebSite\",\"@id\":\"https:\/\/www.diocesicuneofossano.it\/old\/#website\",\"url\":\"https:\/\/www.diocesicuneofossano.it\/old\/\",\"name\":\"OLD - Diocesi di Cuneo e di Fossano\",\"description\":\"\",\"potentialAction\":[{\"@type\":\"SearchAction\",\"target\":{\"@type\":\"EntryPoint\",\"urlTemplate\":\"https:\/\/www.diocesicuneofossano.it\/old\/?s={search_term_string}\"},\"query-input\":{\"@type\":\"PropertyValueSpecification\",\"valueRequired\":true,\"valueName\":\"search_term_string\"}}],\"inLanguage\":\"it-IT\"}]}<\/script>\n<!-- \/ Yoast SEO plugin. -->","yoast_head_json":{"title":"Collegamenti utili - OLD - Diocesi di Cuneo e di Fossano","robots":{"index":"noindex","follow":"follow","max-snippet":"max-snippet:-1","max-image-preview":"max-image-preview:large","max-video-preview":"max-video-preview:-1"},"og_locale":"it_IT","og_type":"article","og_title":"Collegamenti utili - OLD - Diocesi di Cuneo e di Fossano","og_description":"In questa pagina sono inseriti alcuni collegamenti a siti esterni: sono strumenti utili per la ricerca archivistica e per una migliore comprensione dei beni culturali archivistici. BeWeb\u00a0 \u00e8 il portale nazionale dei beni culturali ecclesiastici. La sua storia inizia nel 1997 con le prime operazioni di inventariazione e censimento, fino alla nascita, nel 2006, dell\u2019Anagrafe dei beni culturali ecclesiastici, quest\u2019ultimo pi\u00f9 tecnico e settoriale. BeWeb &hellip; Continua a leggere Collegamenti utili &raquo;","og_url":"https:\/\/www.diocesicuneofossano.it\/old\/archivio-storico\/collegamenti-utili\/","og_site_name":"OLD - Diocesi di Cuneo e di Fossano","article_modified_time":"2021-11-10T08:21:46+00:00","twitter_card":"summary_large_image","twitter_misc":{"Tempo di lettura stimato":"3 minuti"},"schema":{"@context":"https:\/\/schema.org","@graph":[{"@type":"WebPage","@id":"https:\/\/www.diocesicuneofossano.it\/old\/archivio-storico\/collegamenti-utili\/","url":"https:\/\/www.diocesicuneofossano.it\/old\/archivio-storico\/collegamenti-utili\/","name":"Collegamenti utili - OLD - Diocesi di Cuneo e di Fossano","isPartOf":{"@id":"https:\/\/www.diocesicuneofossano.it\/old\/#website"},"datePublished":"2021-10-26T07:48:24+00:00","dateModified":"2021-11-10T08:21:46+00:00","breadcrumb":{"@id":"https:\/\/www.diocesicuneofossano.it\/old\/archivio-storico\/collegamenti-utili\/#breadcrumb"},"inLanguage":"it-IT","potentialAction":[{"@type":"ReadAction","target":["https:\/\/www.diocesicuneofossano.it\/old\/archivio-storico\/collegamenti-utili\/"]}]},{"@type":"BreadcrumbList","@id":"https:\/\/www.diocesicuneofossano.it\/old\/archivio-storico\/collegamenti-utili\/#breadcrumb","itemListElement":[{"@type":"ListItem","position":1,"name":"Home","item":"https:\/\/www.diocesicuneofossano.it\/old\/"},{"@type":"ListItem","position":2,"name":"Archivio storico","item":"https:\/\/www.diocesicuneofossano.it\/old\/archivio-storico\/"},{"@type":"ListItem","position":3,"name":"Collegamenti utili"}]},{"@type":"WebSite","@id":"https:\/\/www.diocesicuneofossano.it\/old\/#website","url":"https:\/\/www.diocesicuneofossano.it\/old\/","name":"OLD - Diocesi di Cuneo e di Fossano","description":"","potentialAction":[{"@type":"SearchAction","target":{"@type":"EntryPoint","urlTemplate":"https:\/\/www.diocesicuneofossano.it\/old\/?s={search_term_string}"},"query-input":{"@type":"PropertyValueSpecification","valueRequired":true,"valueName":"search_term_string"}}],"inLanguage":"it-IT"}]}},"_links":{"self":[{"href":"https:\/\/www.diocesicuneofossano.it\/old\/wp-json\/wp\/v2\/pages\/1614704277"}],"collection":[{"href":"https:\/\/www.diocesicuneofossano.it\/old\/wp-json\/wp\/v2\/pages"}],"about":[{"href":"https:\/\/www.diocesicuneofossano.it\/old\/wp-json\/wp\/v2\/types\/page"}],"author":[{"embeddable":true,"href":"https:\/\/www.diocesicuneofossano.it\/old\/wp-json\/wp\/v2\/users\/8"}],"replies":[{"embeddable":true,"href":"https:\/\/www.diocesicuneofossano.it\/old\/wp-json\/wp\/v2\/comments?post=1614704277"}],"version-history":[{"count":3,"href":"https:\/\/www.diocesicuneofossano.it\/old\/wp-json\/wp\/v2\/pages\/1614704277\/revisions"}],"predecessor-version":[{"id":1614713298,"href":"https:\/\/www.diocesicuneofossano.it\/old\/wp-json\/wp\/v2\/pages\/1614704277\/revisions\/1614713298"}],"up":[{"embeddable":true,"href":"https:\/\/www.diocesicuneofossano.it\/old\/wp-json\/wp\/v2\/pages\/1614704263"}],"wp:attachment":[{"href":"https:\/\/www.diocesicuneofossano.it\/old\/wp-json\/wp\/v2\/media?parent=1614704277"}],"curies":[{"name":"wp","href":"https:\/\/api.w.org\/{rel}","templated":true}]}}