{"id":1614704187,"date":"2021-10-14T15:38:04","date_gmt":"2021-10-14T13:38:04","guid":{"rendered":"https:\/\/www.diocesicuneofossano.it\/?page_id=1614704187"},"modified":"2022-03-16T17:25:28","modified_gmt":"2022-03-16T16:25:28","slug":"progetto-policoro","status":"publish","type":"page","link":"https:\/\/www.diocesicuneofossano.it\/old\/pastorale-sociale-e-del-lavoro\/progetto-policoro\/","title":{"rendered":"Progetto Policoro"},"content":{"rendered":"<div id=\"pl-1614704187\"  class=\"panel-layout\" ><div id=\"pg-1614704187-0\"  class=\"panel-grid panel-no-style\" ><div id=\"pgc-1614704187-0-0\"  class=\"panel-grid-cell\" ><div id=\"panel-1614704187-0-0-0\" class=\"so-panel widget widget_siteorigin-panels-post-content panel-first-child\" data-index=\"0\" ><h1 class=\"entry-title\">Progetto Policoro<\/h1><\/div><div id=\"panel-1614704187-0-0-1\" class=\"so-panel widget widget_sow-editor panel-last-child\" data-index=\"1\" ><div\n\t\t\t\n\t\t\tclass=\"so-widget-sow-editor so-widget-sow-editor-base\"\n\t\t\t\n\t\t>\n<div class=\"siteorigin-widget-tinymce textwidget\">\n\t<p><em><a href=\"https:\/\/www.diocesicuneofossano.it\/wp-content\/uploads\/sites\/2\/2021\/10\/policoro.jpg\"><img loading=\"lazy\" decoding=\"async\" class=\"size-thumbnail wp-image-1614704188 alignleft\" src=\"https:\/\/www.diocesicuneofossano.it\/wp-content\/uploads\/sites\/2\/2021\/10\/policoro-150x150.jpg\" alt=\"\" width=\"150\" height=\"150\" \/><\/a>\u201cNon esistono formule magiche per creare lavoro. Occorre investire nell\u2019intelligenza e nel cuore delle persone.\u201d<\/em><\/p>\n<p>Il Progetto Policoro\u00a0\u00e8 un progetto organico della Chiesa italiana che tenta di dare una risposta concreta al problema della disoccupazione in Italia. Policoro, citt\u00e0 in Provincia di Matera, \u00e8 il luogo dove si svolse il primo incontro il 14 dicembre del 1995 voluto da\u00a0<a href=\"http:\/\/fondazioneoperti.it\/fondazione\/don-mario-operti\">don Mario Operti<\/a>.<\/p>\n<p>Attraverso il Progetto, si vuole affrontare il problema della disoccupazione giovanile, attivando iniziative di formazione a una nuova cultura del lavoro, promuovendo e sostenendo l\u2019imprenditorialit\u00e0 giovanile in un\u2019ottica di sussidiariet\u00e0, solidariet\u00e0 e legalit\u00e0, secondo i principi della Dottrina Sociale della Chiesa.<\/p>\n<p>Il progetto, con la presenza dell\u2019animatore di comunit\u00e0, \u00e8 attivo per la citt\u00e0 di Cuneo dal 2018 ed \u00e8 promosso da tre uffici:<\/p>\n<p>\u2013 Pastorale sociale e del lavoro;<br \/>\n\u2013 Pastorale dei giovani e dei ragazzi;<br \/>\n\u2013 Caritas diocesana.<\/p>\n<p>Si presenta come un\u2019iniziativa della conferenza episcopale italiana, oggi attiva in circa 140 diocesi.<\/p>\n<p>Il progetto Policoro, nella diocesi di Cuneo, incontra giovani dai 16 ai 35 anni. Esso ha come parole chiave: Giovani, Vangelo e Lavoro e propone varie attivit\u00e0 tra cui:<\/p>\n<p>\u2013 LABORATORI per educare a scelte formative, professionali e di vita consapevoli;<\/p>\n<p>\u2013 INCONTRI per sensibilizzare le comunit\u00e0 al tema giovani e lavoro;<\/p>\n<p>\u2013 PERCORSI per affiancare nella definizione del progetto lavorativo o imprenditoriale.<\/p>\n<p>Collaboriamo con: Acli, Agesci, Cisl, Coldiretti, Confcooperative, Confcommercio, Enaip, Ucid.<\/p>\n<p><strong><span class=\"etichetta\">Animatore:<\/span>\u00a0Nicol\u00f2 Ferdinando Cassano<\/strong><br \/>\n<strong><span class=\"etichetta\">Referente diocesano:<\/span>\u00a0Flavio Luciano<\/strong><br \/>\n<strong><span class=\"etichetta\">Indirizzo:<\/span>\u00a0Via Amedeo Rossi, 28 12100 Cuneo\u00a0(<span class=\"provincia\">CN<\/span>)<\/strong><br \/>\n<strong><span class=\"etichetta\">Email:<\/span>\u00a0diocesi.cuneo@progettopolicoro.it<\/strong><\/p>\n<p><strong>Cell. 333 785 4593<\/strong><\/p>\n<\/div>\n<\/div><\/div><\/div><\/div><\/div>","protected":false},"excerpt":{"rendered":"<p>\u201cNon esistono formule magiche per creare lavoro. Occorre investire nell\u2019intelligenza e nel cuore delle persone.\u201d Il Progetto Policoro\u00a0\u00e8 un progetto organico della Chiesa italiana che tenta di dare una risposta concreta al problema della disoccupazione in Italia. Policoro, citt\u00e0 in Provincia di Matera, \u00e8 il luogo dove si svolse il primo incontro il 14 dicembre del 1995 voluto da\u00a0don Mario Operti. Attraverso il Progetto, si &hellip; <a href=\"https:\/\/www.diocesicuneofossano.it\/old\/pastorale-sociale-e-del-lavoro\/progetto-policoro\/\" class=\"more-link\">Continua a leggere <span class=\"screen-reader-text\">Progetto Policoro<\/span> <span class=\"meta-nav\">&raquo;<\/span><\/a><\/p>\n","protected":false},"author":8,"featured_media":0,"parent":1614704180,"menu_order":0,"comment_status":"closed","ping_status":"closed","template":"","meta":{"_acf_changed":false,"footnotes":""},"class_list":["post-1614704187","page","type-page","status-publish","hentry"],"acf":[],"yoast_head":"<!-- This site is optimized with the Yoast SEO plugin v25.3 - https:\/\/yoast.com\/wordpress\/plugins\/seo\/ -->\n<title>Progetto Policoro - OLD - Diocesi di Cuneo e di Fossano<\/title>\n<meta name=\"robots\" content=\"noindex, follow, max-snippet:-1, max-image-preview:large, max-video-preview:-1\" \/>\n<meta property=\"og:locale\" content=\"it_IT\" \/>\n<meta property=\"og:type\" content=\"article\" \/>\n<meta property=\"og:title\" content=\"Progetto Policoro - OLD - Diocesi di Cuneo e di Fossano\" \/>\n<meta property=\"og:description\" content=\"\u201cNon esistono formule magiche per creare lavoro. Occorre investire nell\u2019intelligenza e nel cuore delle persone.\u201d Il Progetto Policoro\u00a0\u00e8 un progetto organico della Chiesa italiana che tenta di dare una risposta concreta al problema della disoccupazione in Italia. Policoro, citt\u00e0 in Provincia di Matera, \u00e8 il luogo dove si svolse il primo incontro il 14 dicembre del 1995 voluto da\u00a0don Mario Operti. Attraverso il Progetto, si &hellip; Continua a leggere Progetto Policoro &raquo;\" \/>\n<meta property=\"og:url\" content=\"https:\/\/www.diocesicuneofossano.it\/old\/pastorale-sociale-e-del-lavoro\/progetto-policoro\/\" \/>\n<meta property=\"og:site_name\" content=\"OLD - Diocesi di Cuneo e di Fossano\" \/>\n<meta property=\"article:modified_time\" content=\"2022-03-16T16:25:28+00:00\" \/>\n<meta property=\"og:image\" content=\"https:\/\/www.diocesicuneofossano.it\/wp-content\/uploads\/sites\/2\/2021\/10\/policoro-150x150.jpg\" \/>\n<meta name=\"twitter:card\" content=\"summary_large_image\" \/>\n<meta name=\"twitter:label1\" content=\"Tempo di lettura stimato\" \/>\n\t<meta name=\"twitter:data1\" content=\"1 minuto\" \/>\n<script type=\"application\/ld+json\" class=\"yoast-schema-graph\">{\"@context\":\"https:\/\/schema.org\",\"@graph\":[{\"@type\":\"WebPage\",\"@id\":\"https:\/\/www.diocesicuneofossano.it\/old\/pastorale-sociale-e-del-lavoro\/progetto-policoro\/\",\"url\":\"https:\/\/www.diocesicuneofossano.it\/old\/pastorale-sociale-e-del-lavoro\/progetto-policoro\/\",\"name\":\"Progetto Policoro - OLD - Diocesi di Cuneo e di Fossano\",\"isPartOf\":{\"@id\":\"https:\/\/www.diocesicuneofossano.it\/old\/#website\"},\"primaryImageOfPage\":{\"@id\":\"https:\/\/www.diocesicuneofossano.it\/old\/pastorale-sociale-e-del-lavoro\/progetto-policoro\/#primaryimage\"},\"image\":{\"@id\":\"https:\/\/www.diocesicuneofossano.it\/old\/pastorale-sociale-e-del-lavoro\/progetto-policoro\/#primaryimage\"},\"thumbnailUrl\":\"https:\/\/www.diocesicuneofossano.it\/wp-content\/uploads\/sites\/2\/2021\/10\/policoro-150x150.jpg\",\"datePublished\":\"2021-10-14T13:38:04+00:00\",\"dateModified\":\"2022-03-16T16:25:28+00:00\",\"breadcrumb\":{\"@id\":\"https:\/\/www.diocesicuneofossano.it\/old\/pastorale-sociale-e-del-lavoro\/progetto-policoro\/#breadcrumb\"},\"inLanguage\":\"it-IT\",\"potentialAction\":[{\"@type\":\"ReadAction\",\"target\":[\"https:\/\/www.diocesicuneofossano.it\/old\/pastorale-sociale-e-del-lavoro\/progetto-policoro\/\"]}]},{\"@type\":\"ImageObject\",\"inLanguage\":\"it-IT\",\"@id\":\"https:\/\/www.diocesicuneofossano.it\/old\/pastorale-sociale-e-del-lavoro\/progetto-policoro\/#primaryimage\",\"url\":\"https:\/\/www.diocesicuneofossano.it\/wp-content\/uploads\/sites\/2\/2021\/10\/policoro-150x150.jpg\",\"contentUrl\":\"https:\/\/www.diocesicuneofossano.it\/wp-content\/uploads\/sites\/2\/2021\/10\/policoro-150x150.jpg\"},{\"@type\":\"BreadcrumbList\",\"@id\":\"https:\/\/www.diocesicuneofossano.it\/old\/pastorale-sociale-e-del-lavoro\/progetto-policoro\/#breadcrumb\",\"itemListElement\":[{\"@type\":\"ListItem\",\"position\":1,\"name\":\"Home\",\"item\":\"https:\/\/www.diocesicuneofossano.it\/old\/\"},{\"@type\":\"ListItem\",\"position\":2,\"name\":\"Pastorale sociale e del lavoro\",\"item\":\"https:\/\/www.diocesicuneofossano.it\/old\/pastorale-sociale-e-del-lavoro\/\"},{\"@type\":\"ListItem\",\"position\":3,\"name\":\"Progetto Policoro\"}]},{\"@type\":\"WebSite\",\"@id\":\"https:\/\/www.diocesicuneofossano.it\/old\/#website\",\"url\":\"https:\/\/www.diocesicuneofossano.it\/old\/\",\"name\":\"OLD - Diocesi di Cuneo e di Fossano\",\"description\":\"\",\"potentialAction\":[{\"@type\":\"SearchAction\",\"target\":{\"@type\":\"EntryPoint\",\"urlTemplate\":\"https:\/\/www.diocesicuneofossano.it\/old\/?s={search_term_string}\"},\"query-input\":{\"@type\":\"PropertyValueSpecification\",\"valueRequired\":true,\"valueName\":\"search_term_string\"}}],\"inLanguage\":\"it-IT\"}]}<\/script>\n<!-- \/ Yoast SEO plugin. -->","yoast_head_json":{"title":"Progetto Policoro - OLD - Diocesi di Cuneo e di Fossano","robots":{"index":"noindex","follow":"follow","max-snippet":"max-snippet:-1","max-image-preview":"max-image-preview:large","max-video-preview":"max-video-preview:-1"},"og_locale":"it_IT","og_type":"article","og_title":"Progetto Policoro - OLD - Diocesi di Cuneo e di Fossano","og_description":"\u201cNon esistono formule magiche per creare lavoro. Occorre investire nell\u2019intelligenza e nel cuore delle persone.\u201d Il Progetto Policoro\u00a0\u00e8 un progetto organico della Chiesa italiana che tenta di dare una risposta concreta al problema della disoccupazione in Italia. Policoro, citt\u00e0 in Provincia di Matera, \u00e8 il luogo dove si svolse il primo incontro il 14 dicembre del 1995 voluto da\u00a0don Mario Operti. Attraverso il Progetto, si &hellip; Continua a leggere Progetto Policoro &raquo;","og_url":"https:\/\/www.diocesicuneofossano.it\/old\/pastorale-sociale-e-del-lavoro\/progetto-policoro\/","og_site_name":"OLD - Diocesi di Cuneo e di Fossano","article_modified_time":"2022-03-16T16:25:28+00:00","og_image":[{"url":"https:\/\/www.diocesicuneofossano.it\/wp-content\/uploads\/sites\/2\/2021\/10\/policoro-150x150.jpg","type":"","width":"","height":""}],"twitter_card":"summary_large_image","twitter_misc":{"Tempo di lettura stimato":"1 minuto"},"schema":{"@context":"https:\/\/schema.org","@graph":[{"@type":"WebPage","@id":"https:\/\/www.diocesicuneofossano.it\/old\/pastorale-sociale-e-del-lavoro\/progetto-policoro\/","url":"https:\/\/www.diocesicuneofossano.it\/old\/pastorale-sociale-e-del-lavoro\/progetto-policoro\/","name":"Progetto Policoro - OLD - Diocesi di Cuneo e di Fossano","isPartOf":{"@id":"https:\/\/www.diocesicuneofossano.it\/old\/#website"},"primaryImageOfPage":{"@id":"https:\/\/www.diocesicuneofossano.it\/old\/pastorale-sociale-e-del-lavoro\/progetto-policoro\/#primaryimage"},"image":{"@id":"https:\/\/www.diocesicuneofossano.it\/old\/pastorale-sociale-e-del-lavoro\/progetto-policoro\/#primaryimage"},"thumbnailUrl":"https:\/\/www.diocesicuneofossano.it\/wp-content\/uploads\/sites\/2\/2021\/10\/policoro-150x150.jpg","datePublished":"2021-10-14T13:38:04+00:00","dateModified":"2022-03-16T16:25:28+00:00","breadcrumb":{"@id":"https:\/\/www.diocesicuneofossano.it\/old\/pastorale-sociale-e-del-lavoro\/progetto-policoro\/#breadcrumb"},"inLanguage":"it-IT","potentialAction":[{"@type":"ReadAction","target":["https:\/\/www.diocesicuneofossano.it\/old\/pastorale-sociale-e-del-lavoro\/progetto-policoro\/"]}]},{"@type":"ImageObject","inLanguage":"it-IT","@id":"https:\/\/www.diocesicuneofossano.it\/old\/pastorale-sociale-e-del-lavoro\/progetto-policoro\/#primaryimage","url":"https:\/\/www.diocesicuneofossano.it\/wp-content\/uploads\/sites\/2\/2021\/10\/policoro-150x150.jpg","contentUrl":"https:\/\/www.diocesicuneofossano.it\/wp-content\/uploads\/sites\/2\/2021\/10\/policoro-150x150.jpg"},{"@type":"BreadcrumbList","@id":"https:\/\/www.diocesicuneofossano.it\/old\/pastorale-sociale-e-del-lavoro\/progetto-policoro\/#breadcrumb","itemListElement":[{"@type":"ListItem","position":1,"name":"Home","item":"https:\/\/www.diocesicuneofossano.it\/old\/"},{"@type":"ListItem","position":2,"name":"Pastorale sociale e del lavoro","item":"https:\/\/www.diocesicuneofossano.it\/old\/pastorale-sociale-e-del-lavoro\/"},{"@type":"ListItem","position":3,"name":"Progetto Policoro"}]},{"@type":"WebSite","@id":"https:\/\/www.diocesicuneofossano.it\/old\/#website","url":"https:\/\/www.diocesicuneofossano.it\/old\/","name":"OLD - Diocesi di Cuneo e di Fossano","description":"","potentialAction":[{"@type":"SearchAction","target":{"@type":"EntryPoint","urlTemplate":"https:\/\/www.diocesicuneofossano.it\/old\/?s={search_term_string}"},"query-input":{"@type":"PropertyValueSpecification","valueRequired":true,"valueName":"search_term_string"}}],"inLanguage":"it-IT"}]}},"_links":{"self":[{"href":"https:\/\/www.diocesicuneofossano.it\/old\/wp-json\/wp\/v2\/pages\/1614704187"}],"collection":[{"href":"https:\/\/www.diocesicuneofossano.it\/old\/wp-json\/wp\/v2\/pages"}],"about":[{"href":"https:\/\/www.diocesicuneofossano.it\/old\/wp-json\/wp\/v2\/types\/page"}],"author":[{"embeddable":true,"href":"https:\/\/www.diocesicuneofossano.it\/old\/wp-json\/wp\/v2\/users\/8"}],"replies":[{"embeddable":true,"href":"https:\/\/www.diocesicuneofossano.it\/old\/wp-json\/wp\/v2\/comments?post=1614704187"}],"version-history":[{"count":1,"href":"https:\/\/www.diocesicuneofossano.it\/old\/wp-json\/wp\/v2\/pages\/1614704187\/revisions"}],"predecessor-version":[{"id":1614704189,"href":"https:\/\/www.diocesicuneofossano.it\/old\/wp-json\/wp\/v2\/pages\/1614704187\/revisions\/1614704189"}],"up":[{"embeddable":true,"href":"https:\/\/www.diocesicuneofossano.it\/old\/wp-json\/wp\/v2\/pages\/1614704180"}],"wp:attachment":[{"href":"https:\/\/www.diocesicuneofossano.it\/old\/wp-json\/wp\/v2\/media?parent=1614704187"}],"curies":[{"name":"wp","href":"https:\/\/api.w.org\/{rel}","templated":true}]}}