{"id":1614704180,"date":"2021-10-14T14:15:48","date_gmt":"2021-10-14T12:15:48","guid":{"rendered":"https:\/\/www.diocesicuneofossano.it\/?page_id=1614704180"},"modified":"2022-09-14T10:20:33","modified_gmt":"2022-09-14T08:20:33","slug":"pastorale-sociale-e-del-lavoro","status":"publish","type":"page","link":"https:\/\/www.diocesicuneofossano.it\/old\/pastorale-sociale-e-del-lavoro\/","title":{"rendered":"Pastorale sociale e del lavoro"},"content":{"rendered":"<div id=\"pl-1614704180\"  class=\"panel-layout\" ><div id=\"pg-1614704180-0\"  class=\"panel-grid panel-no-style\" ><div id=\"pgc-1614704180-0-0\"  class=\"panel-grid-cell\" ><div id=\"panel-1614704180-0-0-0\" class=\"so-panel widget widget_siteorigin-panels-post-content panel-first-child\" data-index=\"0\" ><h1 class=\"entry-title\">Pastorale sociale e del lavoro<\/h1><\/div><div id=\"panel-1614704180-0-0-1\" class=\"so-panel widget widget_sow-editor\" data-index=\"1\" ><div\n\t\t\t\n\t\t\tclass=\"so-widget-sow-editor so-widget-sow-editor-base\"\n\t\t\t\n\t\t>\n<div class=\"siteorigin-widget-tinymce textwidget\">\n\t<p><a href=\"https:\/\/www.diocesicuneofossano.it\/wp-content\/uploads\/sites\/2\/2021\/10\/immagine-sito.png\"><img loading=\"lazy\" decoding=\"async\" class=\"size-thumbnail wp-image-1614704181 alignleft\" src=\"https:\/\/www.diocesicuneofossano.it\/wp-content\/uploads\/sites\/2\/2021\/10\/immagine-sito-150x150.png\" alt=\"\" width=\"150\" height=\"150\" \/><\/a>La Pastorale Sociale e del Lavoro (PSL), come ogni azione pastorale, \u00e8 l\u2019esperienza di Dio in Cristo che salva, con riferimento specifico al mondo del sociale del lavoro ed \u00e8 opera della comunit\u00e0 cristiana in quanto tale.<br \/>\nLa sua azione \u00e8 per un\u2019evangelizzazione negli ambienti dove gli uomini vivono, favorendo una loro maturazione di fede e una conseguente acquisizione di stili di vita e un\u2019etica cristianamente ispirati, capaci di modificare sia la vita personale sia le istituzioni e le strutture economiche e sociali secondo criteri di pace e di giustizia.<br \/>\nIl discernimento, alla luce della Parola di Dio, \u00e8 la condizione imprescindibile per ogni pastorale, anche per quella dedicata al sociale e al lavoro. Esso consiste nello studio e nella conoscenza della realt\u00e0 non solo da un punto di vista sociologico, ma anche etico, teologico e pastorale. Qui si colloca il raccordo con la Dottrina Sociale della Chiesa, con la Teologia Morale e con le scienze sociali che offrono contributi di riflessione per dare fondamento alle molteplici azioni progettuali e all\u2019elaborazione di documenti rispetto a problematiche specifiche.<br \/>\nLa Pastorale Sociale e del Lavoro opera in collaborazione con enti, associazioni e movimenti che, nei loro obiettivi, perseguono l\u2019attenzione al mondo del sociale e del lavoro, secondo le indicazioni offerte dalla Conferenza Episcopale Italiana (particolare riferimento alla Nota Pastorale \u201cEvangelizzare il Sociale\u201d- 1992).<\/p>\n<\/div>\n<\/div><\/div><div id=\"panel-1614704180-0-0-2\" class=\"so-panel widget widget_ink-blog panel-last-child\" data-index=\"2\" ><div\n\t\t\t\n\t\t\tclass=\"so-widget-ink-blog so-widget-ink-blog-thumb-none-9ff11a346c2c-1614704180\"\n\t\t\t\n\t\t>\n<h3 class=\"widget-title\">Ultime notizie<\/h3>\n\n\t<div class=\"iw-so-blog\">\n\n\t\t<div id=\"my-ajax-blog-widget\">\n\n\t\t\t<div class=\"iw-so-blog-container iw-so-blog-equal-height\">\n\n\t\t\t\t\n\t\t\t\t\t<div class=\"iw-so-article iw-so-no-thumb iw-so-blog-one-column iw-so-last-col\">\n\n\t\t\t\t\t\t<div class=\"iw-so-article-content\">\n\n\t\t\t\t\t\t\t\n\t\t\t\t\t\t\t\n\t\t\t\t\t\t\t\t<p class=\"iw-so-article-byline-above iw-text-left\">\n\t\t\t\t\t\t\t\t\t11 Novembre 2022 \t\t\t\t\t\t\t\t<\/p>\n\n\t\t\t\t\t\t\t\n\t\t\t\t\t\t\t<h1 class=\"iw-so-article-title iw-text-left\">\n\t\t\t\t\t\t\t\t<a href=\"https:\/\/www.diocesicuneofossano.it\/old\/2022\/11\/11\/domenica-13-novembre-si-celebra-la-vi-giornata-mondiale-dei-poveri\/\">\t\t\t\t\t\t\t\t\tDomenica 13 novembre \u00e8 la Giornata mondiale dei poveri\t\t\t\t\t\t\t\t<\/a>\t\t\t\t\t\t\t<\/h1>\n\n\t\t\t\t\t\t\t\n\t\t\t\t\t\t\t\n\t\t\t\t\t\t\t\t<p class=\"iw-so-article-excerpt iw-text-left\">\n\t\t\t\t\t\t\t\t\t\t\t\t\t\t\t\t\t\t\tLa Giornata mondiale dei poveri mette al centro dell&#8217;attenzione delle comunit\u00e0 ecclesiali le persone pi\u00f9 in difficolt\u00e0. La Giornata,...\t\t\t\t\t\t\t\t\t\t\t\t\t\t\t\t\t<\/p>\n\n\t\t\t\t\t\t\t\n\t\t\t\t\t\t\t\n\t\t\t\t\t\t\t\n\t\t\t\t\t\t<\/div>\n\n\t\t\t\t\t<\/div>\n\n\t\t\t\t\t\n\t\t\t\t\n\t\t\t\t\t<div class=\"iw-so-article iw-so-no-thumb iw-so-blog-one-column iw-so-last-col\">\n\n\t\t\t\t\t\t<div class=\"iw-so-article-content\">\n\n\t\t\t\t\t\t\t\n\t\t\t\t\t\t\t\n\t\t\t\t\t\t\t\t<p class=\"iw-so-article-byline-above iw-text-left\">\n\t\t\t\t\t\t\t\t\t22 Aprile 2022 \t\t\t\t\t\t\t\t<\/p>\n\n\t\t\t\t\t\t\t\n\t\t\t\t\t\t\t<h1 class=\"iw-so-article-title iw-text-left\">\n\t\t\t\t\t\t\t\t<a href=\"https:\/\/www.diocesicuneofossano.it\/old\/2022\/04\/22\/per-vivere-la-festa-del-lavoro-alla-luce-del-vangelo\/\">\t\t\t\t\t\t\t\t\tPer vivere la festa del lavoro alla luce del Vangelo\t\t\t\t\t\t\t\t<\/a>\t\t\t\t\t\t\t<\/h1>\n\n\t\t\t\t\t\t\t\n\t\t\t\t\t\t\t\n\t\t\t\t\t\t\t\t<p class=\"iw-so-article-excerpt iw-text-left\">\n\t\t\t\t\t\t\t\t\t\t\t\t\t\t\t\t\t\t\t&#8220;La vera ricchezza sono le persone: senza di esse non c\u2019\u00e8 comunit\u00e0 di lavoro, non c\u2019\u00e8 impresa, non c\u2019\u00e8...\t\t\t\t\t\t\t\t\t\t\t\t\t\t\t\t\t<\/p>\n\n\t\t\t\t\t\t\t\n\t\t\t\t\t\t\t\n\t\t\t\t\t\t\t\n\t\t\t\t\t\t<\/div>\n\n\t\t\t\t\t<\/div>\n\n\t\t\t\t\t\n\t\t\t\t\n\t\t\t\t\t<div class=\"iw-so-article iw-so-no-thumb iw-so-blog-one-column iw-so-last-col\">\n\n\t\t\t\t\t\t<div class=\"iw-so-article-content\">\n\n\t\t\t\t\t\t\t\n\t\t\t\t\t\t\t\n\t\t\t\t\t\t\t\t<p class=\"iw-so-article-byline-above iw-text-left\">\n\t\t\t\t\t\t\t\t\t15 Marzo 2022 \t\t\t\t\t\t\t\t<\/p>\n\n\t\t\t\t\t\t\t\n\t\t\t\t\t\t\t<h1 class=\"iw-so-article-title iw-text-left\">\n\t\t\t\t\t\t\t\t<a href=\"https:\/\/www.diocesicuneofossano.it\/old\/2022\/03\/15\/inalberiamoci-ciclo-di-incontri-e-di-riflessioni-spirituali-sul-creato\/\">\t\t\t\t\t\t\t\t\tInalberiamoci: ciclo di incontri e di riflessioni spirituali sul creato\t\t\t\t\t\t\t\t<\/a>\t\t\t\t\t\t\t<\/h1>\n\n\t\t\t\t\t\t\t\n\t\t\t\t\t\t\t\n\t\t\t\t\t\t\t\t<p class=\"iw-so-article-excerpt iw-text-left\">\n\t\t\t\t\t\t\t\t\t\t\t\t\t\t\t\t\t\t\tIn questi tempi cos\u00ec bui parlare di biodiversit\u00e0 e di alberi? Direi proprio che ha un suo senso profondo....\t\t\t\t\t\t\t\t\t\t\t\t\t\t\t\t\t<\/p>\n\n\t\t\t\t\t\t\t\n\t\t\t\t\t\t\t\n\t\t\t\t\t\t\t\n\t\t\t\t\t\t<\/div>\n\n\t\t\t\t\t<\/div>\n\n\t\t\t\t\t\n\t\t\t\t\n\t\t\t<\/div>\n\n\t\t\t\n\t\t<\/div>\n\n\t<\/div>\n\n\n<\/div><\/div><\/div><\/div><\/div><hr class=\"wpba_attachment_hr\"><div id='wpba_attachment_list' class='wpba wpba-wrap'>\n<ul class='wpba-attachment-list unstyled'><li id='wpba_attachment_list_1614706933' class='wpba-list-item pull-left'><img src='https:\/\/www.diocesicuneofossano.it\/old\/wp-content\/themes\/wp-starter-so\/icons\/document.png' width='16' height='20' class='wpba-icon pull-left'><a href='https:\/\/www.diocesicuneofossano.it\/old\/wp-content\/uploads\/sites\/2\/2022\/03\/MANIFESTO-BOSCHETTI.pdf' title='Percorso di formazione per una vita sostenibile - marzo\/maggio 2022 - locandina' class='wpba-link pull-left' target=\"_blank\">Percorso di formazione per una vita sostenibile - marzo\/maggio 2022 - locandina<\/a><\/li>\n<li id='wpba_attachment_list_1614706934' class='wpba-list-item pull-left'><img src='https:\/\/www.diocesicuneofossano.it\/old\/wp-content\/themes\/wp-starter-so\/icons\/document.png' width='16' height='20' class='wpba-icon pull-left'><a href='https:\/\/www.diocesicuneofossano.it\/old\/wp-content\/uploads\/sites\/2\/2022\/03\/MANIFESTO-INALBERIAMOCI.pdf' title='Percorso per una spiritualit\u00e0 ecologica - marzo\/aprile 2022 - locandina' class='wpba-link pull-left' target=\"_blank\">Percorso per una spiritualit\u00e0 ecologica - marzo\/aprile 2022 - locandina<\/a><\/li>\n<li id='wpba_attachment_list_1614706943' class='wpba-list-item pull-left'><img src='https:\/\/www.diocesicuneofossano.it\/old\/wp-content\/themes\/wp-starter-so\/icons\/document.png' width='16' height='20' class='wpba-icon pull-left'><a href='https:\/\/www.diocesicuneofossano.it\/old\/wp-content\/uploads\/sites\/2\/2022\/03\/ARTICOLO-SETTIMANALI.pdf' title='Percorsi per una vita sostenibile e per una spiritualit\u00e0 ecologica - marzo\/maggio 2022 - programma' class='wpba-link pull-left' target=\"_blank\">Percorsi per una vita sostenibile e per una spiritualit\u00e0 ecologica - marzo\/maggio 2022 - programma<\/a><\/li>\n<\/ul><\/div>\n","protected":false},"excerpt":{"rendered":"<p>La Pastorale Sociale e del Lavoro (PSL), come ogni azione pastorale, \u00e8 l\u2019esperienza di Dio in Cristo che salva, con riferimento specifico al mondo del sociale del lavoro ed \u00e8 opera della comunit\u00e0 cristiana in quanto tale. La sua azione \u00e8 per un\u2019evangelizzazione negli ambienti dove gli uomini vivono, favorendo una loro maturazione di fede e una conseguente acquisizione di stili di vita e un\u2019etica &hellip; <a href=\"https:\/\/www.diocesicuneofossano.it\/old\/2022\/03\/15\/inalberiamoci-ciclo-di-incontri-e-di-riflessioni-spirituali-sul-creato\/\" class=\"more-link\">Continua a leggere <span class=\"screen-reader-text\">Inalberiamoci: ciclo di incontri e di riflessioni spirituali sul creato<\/span> <span class=\"meta-nav\">&raquo;<\/span><\/a><\/p>\n","protected":false},"author":8,"featured_media":0,"parent":0,"menu_order":0,"comment_status":"closed","ping_status":"closed","template":"","meta":{"_acf_changed":false,"footnotes":""},"class_list":["post-1614704180","page","type-page","status-publish","hentry"],"acf":[],"yoast_head":"<!-- This site is optimized with the Yoast SEO plugin v25.3 - https:\/\/yoast.com\/wordpress\/plugins\/seo\/ -->\n<title>Pastorale sociale e del lavoro - OLD - Diocesi di Cuneo e di Fossano<\/title>\n<meta name=\"robots\" content=\"noindex, follow, max-snippet:-1, max-image-preview:large, max-video-preview:-1\" \/>\n<meta property=\"og:locale\" content=\"it_IT\" \/>\n<meta property=\"og:type\" content=\"article\" \/>\n<meta property=\"og:title\" content=\"Pastorale sociale e del lavoro - OLD - Diocesi di Cuneo e di Fossano\" \/>\n<meta property=\"og:description\" content=\"La Pastorale Sociale e del Lavoro (PSL), come ogni azione pastorale, \u00e8 l\u2019esperienza di Dio in Cristo che salva, con riferimento specifico al mondo del sociale del lavoro ed \u00e8 opera della comunit\u00e0 cristiana in quanto tale. La sua azione \u00e8 per un\u2019evangelizzazione negli ambienti dove gli uomini vivono, favorendo una loro maturazione di fede e una conseguente acquisizione di stili di vita e un\u2019etica &hellip; Continua a leggere Inalberiamoci: ciclo di incontri e di riflessioni spirituali sul creato &raquo;\" \/>\n<meta property=\"og:url\" content=\"https:\/\/www.diocesicuneofossano.it\/old\/pastorale-sociale-e-del-lavoro\/\" \/>\n<meta property=\"og:site_name\" content=\"OLD - Diocesi di Cuneo e di Fossano\" \/>\n<meta property=\"article:modified_time\" content=\"2022-09-14T08:20:33+00:00\" \/>\n<meta property=\"og:image\" content=\"https:\/\/www.diocesicuneofossano.it\/wp-content\/uploads\/sites\/2\/2021\/10\/immagine-sito-150x150.png\" \/>\n<meta name=\"twitter:card\" content=\"summary_large_image\" \/>\n<meta name=\"twitter:label1\" content=\"Tempo di lettura stimato\" \/>\n\t<meta name=\"twitter:data1\" content=\"1 minuto\" \/>\n<script type=\"application\/ld+json\" class=\"yoast-schema-graph\">{\"@context\":\"https:\/\/schema.org\",\"@graph\":[{\"@type\":\"WebPage\",\"@id\":\"https:\/\/www.diocesicuneofossano.it\/old\/pastorale-sociale-e-del-lavoro\/\",\"url\":\"https:\/\/www.diocesicuneofossano.it\/old\/pastorale-sociale-e-del-lavoro\/\",\"name\":\"Pastorale sociale e del lavoro - OLD - Diocesi di Cuneo e di Fossano\",\"isPartOf\":{\"@id\":\"https:\/\/www.diocesicuneofossano.it\/old\/#website\"},\"primaryImageOfPage\":{\"@id\":\"https:\/\/www.diocesicuneofossano.it\/old\/pastorale-sociale-e-del-lavoro\/#primaryimage\"},\"image\":{\"@id\":\"https:\/\/www.diocesicuneofossano.it\/old\/pastorale-sociale-e-del-lavoro\/#primaryimage\"},\"thumbnailUrl\":\"https:\/\/www.diocesicuneofossano.it\/wp-content\/uploads\/sites\/2\/2021\/10\/immagine-sito-150x150.png\",\"datePublished\":\"2021-10-14T12:15:48+00:00\",\"dateModified\":\"2022-09-14T08:20:33+00:00\",\"breadcrumb\":{\"@id\":\"https:\/\/www.diocesicuneofossano.it\/old\/pastorale-sociale-e-del-lavoro\/#breadcrumb\"},\"inLanguage\":\"it-IT\",\"potentialAction\":[{\"@type\":\"ReadAction\",\"target\":[\"https:\/\/www.diocesicuneofossano.it\/old\/pastorale-sociale-e-del-lavoro\/\"]}]},{\"@type\":\"ImageObject\",\"inLanguage\":\"it-IT\",\"@id\":\"https:\/\/www.diocesicuneofossano.it\/old\/pastorale-sociale-e-del-lavoro\/#primaryimage\",\"url\":\"https:\/\/www.diocesicuneofossano.it\/wp-content\/uploads\/sites\/2\/2021\/10\/immagine-sito-150x150.png\",\"contentUrl\":\"https:\/\/www.diocesicuneofossano.it\/wp-content\/uploads\/sites\/2\/2021\/10\/immagine-sito-150x150.png\"},{\"@type\":\"BreadcrumbList\",\"@id\":\"https:\/\/www.diocesicuneofossano.it\/old\/pastorale-sociale-e-del-lavoro\/#breadcrumb\",\"itemListElement\":[{\"@type\":\"ListItem\",\"position\":1,\"name\":\"Home\",\"item\":\"https:\/\/www.diocesicuneofossano.it\/old\/\"},{\"@type\":\"ListItem\",\"position\":2,\"name\":\"Pastorale sociale e del lavoro\"}]},{\"@type\":\"WebSite\",\"@id\":\"https:\/\/www.diocesicuneofossano.it\/old\/#website\",\"url\":\"https:\/\/www.diocesicuneofossano.it\/old\/\",\"name\":\"OLD - Diocesi di Cuneo e di Fossano\",\"description\":\"\",\"potentialAction\":[{\"@type\":\"SearchAction\",\"target\":{\"@type\":\"EntryPoint\",\"urlTemplate\":\"https:\/\/www.diocesicuneofossano.it\/old\/?s={search_term_string}\"},\"query-input\":{\"@type\":\"PropertyValueSpecification\",\"valueRequired\":true,\"valueName\":\"search_term_string\"}}],\"inLanguage\":\"it-IT\"}]}<\/script>\n<!-- \/ Yoast SEO plugin. -->","yoast_head_json":{"title":"Pastorale sociale e del lavoro - OLD - Diocesi di Cuneo e di Fossano","robots":{"index":"noindex","follow":"follow","max-snippet":"max-snippet:-1","max-image-preview":"max-image-preview:large","max-video-preview":"max-video-preview:-1"},"og_locale":"it_IT","og_type":"article","og_title":"Pastorale sociale e del lavoro - OLD - Diocesi di Cuneo e di Fossano","og_description":"La Pastorale Sociale e del Lavoro (PSL), come ogni azione pastorale, \u00e8 l\u2019esperienza di Dio in Cristo che salva, con riferimento specifico al mondo del sociale del lavoro ed \u00e8 opera della comunit\u00e0 cristiana in quanto tale. La sua azione \u00e8 per un\u2019evangelizzazione negli ambienti dove gli uomini vivono, favorendo una loro maturazione di fede e una conseguente acquisizione di stili di vita e un\u2019etica &hellip; Continua a leggere Inalberiamoci: ciclo di incontri e di riflessioni spirituali sul creato &raquo;","og_url":"https:\/\/www.diocesicuneofossano.it\/old\/pastorale-sociale-e-del-lavoro\/","og_site_name":"OLD - Diocesi di Cuneo e di Fossano","article_modified_time":"2022-09-14T08:20:33+00:00","og_image":[{"url":"https:\/\/www.diocesicuneofossano.it\/wp-content\/uploads\/sites\/2\/2021\/10\/immagine-sito-150x150.png","type":"","width":"","height":""}],"twitter_card":"summary_large_image","twitter_misc":{"Tempo di lettura stimato":"1 minuto"},"schema":{"@context":"https:\/\/schema.org","@graph":[{"@type":"WebPage","@id":"https:\/\/www.diocesicuneofossano.it\/old\/pastorale-sociale-e-del-lavoro\/","url":"https:\/\/www.diocesicuneofossano.it\/old\/pastorale-sociale-e-del-lavoro\/","name":"Pastorale sociale e del lavoro - OLD - Diocesi di Cuneo e di Fossano","isPartOf":{"@id":"https:\/\/www.diocesicuneofossano.it\/old\/#website"},"primaryImageOfPage":{"@id":"https:\/\/www.diocesicuneofossano.it\/old\/pastorale-sociale-e-del-lavoro\/#primaryimage"},"image":{"@id":"https:\/\/www.diocesicuneofossano.it\/old\/pastorale-sociale-e-del-lavoro\/#primaryimage"},"thumbnailUrl":"https:\/\/www.diocesicuneofossano.it\/wp-content\/uploads\/sites\/2\/2021\/10\/immagine-sito-150x150.png","datePublished":"2021-10-14T12:15:48+00:00","dateModified":"2022-09-14T08:20:33+00:00","breadcrumb":{"@id":"https:\/\/www.diocesicuneofossano.it\/old\/pastorale-sociale-e-del-lavoro\/#breadcrumb"},"inLanguage":"it-IT","potentialAction":[{"@type":"ReadAction","target":["https:\/\/www.diocesicuneofossano.it\/old\/pastorale-sociale-e-del-lavoro\/"]}]},{"@type":"ImageObject","inLanguage":"it-IT","@id":"https:\/\/www.diocesicuneofossano.it\/old\/pastorale-sociale-e-del-lavoro\/#primaryimage","url":"https:\/\/www.diocesicuneofossano.it\/wp-content\/uploads\/sites\/2\/2021\/10\/immagine-sito-150x150.png","contentUrl":"https:\/\/www.diocesicuneofossano.it\/wp-content\/uploads\/sites\/2\/2021\/10\/immagine-sito-150x150.png"},{"@type":"BreadcrumbList","@id":"https:\/\/www.diocesicuneofossano.it\/old\/pastorale-sociale-e-del-lavoro\/#breadcrumb","itemListElement":[{"@type":"ListItem","position":1,"name":"Home","item":"https:\/\/www.diocesicuneofossano.it\/old\/"},{"@type":"ListItem","position":2,"name":"Pastorale sociale e del lavoro"}]},{"@type":"WebSite","@id":"https:\/\/www.diocesicuneofossano.it\/old\/#website","url":"https:\/\/www.diocesicuneofossano.it\/old\/","name":"OLD - Diocesi di Cuneo e di Fossano","description":"","potentialAction":[{"@type":"SearchAction","target":{"@type":"EntryPoint","urlTemplate":"https:\/\/www.diocesicuneofossano.it\/old\/?s={search_term_string}"},"query-input":{"@type":"PropertyValueSpecification","valueRequired":true,"valueName":"search_term_string"}}],"inLanguage":"it-IT"}]}},"_links":{"self":[{"href":"https:\/\/www.diocesicuneofossano.it\/old\/wp-json\/wp\/v2\/pages\/1614704180"}],"collection":[{"href":"https:\/\/www.diocesicuneofossano.it\/old\/wp-json\/wp\/v2\/pages"}],"about":[{"href":"https:\/\/www.diocesicuneofossano.it\/old\/wp-json\/wp\/v2\/types\/page"}],"author":[{"embeddable":true,"href":"https:\/\/www.diocesicuneofossano.it\/old\/wp-json\/wp\/v2\/users\/8"}],"replies":[{"embeddable":true,"href":"https:\/\/www.diocesicuneofossano.it\/old\/wp-json\/wp\/v2\/comments?post=1614704180"}],"version-history":[{"count":6,"href":"https:\/\/www.diocesicuneofossano.it\/old\/wp-json\/wp\/v2\/pages\/1614704180\/revisions"}],"predecessor-version":[{"id":1614712737,"href":"https:\/\/www.diocesicuneofossano.it\/old\/wp-json\/wp\/v2\/pages\/1614704180\/revisions\/1614712737"}],"wp:attachment":[{"href":"https:\/\/www.diocesicuneofossano.it\/old\/wp-json\/wp\/v2\/media?parent=1614704180"}],"curies":[{"name":"wp","href":"https:\/\/api.w.org\/{rel}","templated":true}]}}