{"id":1614704124,"date":"2021-10-13T16:38:20","date_gmt":"2021-10-13T14:38:20","guid":{"rendered":"https:\/\/www.diocesicuneofossano.it\/?page_id=1614704124"},"modified":"2021-10-13T17:16:23","modified_gmt":"2021-10-13T15:16:23","slug":"1614704124-2","status":"publish","type":"page","link":"https:\/\/www.diocesicuneofossano.it\/old\/caritas-cuneo\/per-le-comunita\/1614704124-2\/","title":{"rendered":"Animazione"},"content":{"rendered":"<div id=\"pl-1614704124\"  class=\"panel-layout\" ><div id=\"pg-1614704124-0\"  class=\"panel-grid panel-no-style\" ><div id=\"pgc-1614704124-0-0\"  class=\"panel-grid-cell\" ><div id=\"panel-1614704124-0-0-0\" class=\"so-panel widget widget_siteorigin-panels-post-content panel-first-child\" data-index=\"0\" ><h1 class=\"entry-title\">Animazione<\/h1><\/div><div id=\"panel-1614704124-0-0-1\" class=\"so-panel widget widget_sow-editor panel-last-child\" data-index=\"1\" ><div\n\t\t\t\n\t\t\tclass=\"so-widget-sow-editor so-widget-sow-editor-base\"\n\t\t\t\n\t\t>\n<div class=\"siteorigin-widget-tinymce textwidget\">\n\t<p><a href=\"https:\/\/www.diocesicuneofossano.it\/wp-content\/uploads\/sites\/2\/2021\/10\/animazione.jpg\"><img loading=\"lazy\" decoding=\"async\" class=\"size-thumbnail wp-image-1614704119 alignleft\" src=\"https:\/\/www.diocesicuneofossano.it\/wp-content\/uploads\/sites\/2\/2021\/10\/animazione-150x150.jpg\" alt=\"\" width=\"150\" height=\"150\" \/><\/a>L\u2019area Animazione e Promozione delle Caritas Parrocchiali ha il compito di animare e sostenere la maturazione di stili di testimonianza comunitaria della carit\u00e0 nelle parrocchie.<\/p>\n<p>Segue le Parrocchie nel percorso di avvio, crescita, formazione, progettazione e accompagnamento affinch\u00e9 possano nascere, anche nelle parrocchie pi\u00f9 piccole o periferiche, processi di animazione della comunit\u00e0 e l\u2019avvio di Caritas parrocchiali pi\u00f9 strutturate.<\/p>\n<\/div>\n<\/div><\/div><\/div><\/div><\/div>","protected":false},"excerpt":{"rendered":"<p>L\u2019area Animazione e Promozione delle Caritas Parrocchiali ha il compito di animare e sostenere la maturazione di stili di testimonianza comunitaria della carit\u00e0 nelle parrocchie. Segue le Parrocchie nel percorso di avvio, crescita, formazione, progettazione e accompagnamento affinch\u00e9 possano nascere, anche nelle parrocchie pi\u00f9 piccole o periferiche, processi di animazione della comunit\u00e0 e l\u2019avvio di Caritas parrocchiali pi\u00f9 strutturate.<\/p>\n","protected":false},"author":8,"featured_media":0,"parent":1614704117,"menu_order":0,"comment_status":"closed","ping_status":"closed","template":"","meta":{"_acf_changed":false,"footnotes":""},"class_list":["post-1614704124","page","type-page","status-publish","hentry"],"acf":[],"yoast_head":"<!-- This site is optimized with the Yoast SEO plugin v25.3 - https:\/\/yoast.com\/wordpress\/plugins\/seo\/ -->\n<title>Animazione - OLD - Diocesi di Cuneo e di Fossano<\/title>\n<meta name=\"robots\" content=\"noindex, follow, max-snippet:-1, max-image-preview:large, max-video-preview:-1\" \/>\n<meta property=\"og:locale\" content=\"it_IT\" \/>\n<meta property=\"og:type\" content=\"article\" \/>\n<meta property=\"og:title\" content=\"Animazione - OLD - Diocesi di Cuneo e di Fossano\" \/>\n<meta property=\"og:description\" content=\"L\u2019area Animazione e Promozione delle Caritas Parrocchiali ha il compito di animare e sostenere la maturazione di stili di testimonianza comunitaria della carit\u00e0 nelle parrocchie. Segue le Parrocchie nel percorso di avvio, crescita, formazione, progettazione e accompagnamento affinch\u00e9 possano nascere, anche nelle parrocchie pi\u00f9 piccole o periferiche, processi di animazione della comunit\u00e0 e l\u2019avvio di Caritas parrocchiali pi\u00f9 strutturate.\" \/>\n<meta property=\"og:url\" content=\"https:\/\/www.diocesicuneofossano.it\/old\/caritas-cuneo\/per-le-comunita\/1614704124-2\/\" \/>\n<meta property=\"og:site_name\" content=\"OLD - Diocesi di Cuneo e di Fossano\" \/>\n<meta property=\"article:modified_time\" content=\"2021-10-13T15:16:23+00:00\" \/>\n<meta property=\"og:image\" content=\"https:\/\/www.diocesicuneofossano.it\/wp-content\/uploads\/sites\/2\/2021\/10\/animazione-150x150.jpg\" \/>\n<meta name=\"twitter:card\" content=\"summary_large_image\" \/>\n<script type=\"application\/ld+json\" class=\"yoast-schema-graph\">{\"@context\":\"https:\/\/schema.org\",\"@graph\":[{\"@type\":\"WebPage\",\"@id\":\"https:\/\/www.diocesicuneofossano.it\/old\/caritas-cuneo\/per-le-comunita\/1614704124-2\/\",\"url\":\"https:\/\/www.diocesicuneofossano.it\/old\/caritas-cuneo\/per-le-comunita\/1614704124-2\/\",\"name\":\"Animazione - OLD - Diocesi di Cuneo e di Fossano\",\"isPartOf\":{\"@id\":\"https:\/\/www.diocesicuneofossano.it\/old\/#website\"},\"primaryImageOfPage\":{\"@id\":\"https:\/\/www.diocesicuneofossano.it\/old\/caritas-cuneo\/per-le-comunita\/1614704124-2\/#primaryimage\"},\"image\":{\"@id\":\"https:\/\/www.diocesicuneofossano.it\/old\/caritas-cuneo\/per-le-comunita\/1614704124-2\/#primaryimage\"},\"thumbnailUrl\":\"https:\/\/www.diocesicuneofossano.it\/wp-content\/uploads\/sites\/2\/2021\/10\/animazione-150x150.jpg\",\"datePublished\":\"2021-10-13T14:38:20+00:00\",\"dateModified\":\"2021-10-13T15:16:23+00:00\",\"breadcrumb\":{\"@id\":\"https:\/\/www.diocesicuneofossano.it\/old\/caritas-cuneo\/per-le-comunita\/1614704124-2\/#breadcrumb\"},\"inLanguage\":\"it-IT\",\"potentialAction\":[{\"@type\":\"ReadAction\",\"target\":[\"https:\/\/www.diocesicuneofossano.it\/old\/caritas-cuneo\/per-le-comunita\/1614704124-2\/\"]}]},{\"@type\":\"ImageObject\",\"inLanguage\":\"it-IT\",\"@id\":\"https:\/\/www.diocesicuneofossano.it\/old\/caritas-cuneo\/per-le-comunita\/1614704124-2\/#primaryimage\",\"url\":\"https:\/\/www.diocesicuneofossano.it\/wp-content\/uploads\/sites\/2\/2021\/10\/animazione-150x150.jpg\",\"contentUrl\":\"https:\/\/www.diocesicuneofossano.it\/wp-content\/uploads\/sites\/2\/2021\/10\/animazione-150x150.jpg\"},{\"@type\":\"BreadcrumbList\",\"@id\":\"https:\/\/www.diocesicuneofossano.it\/old\/caritas-cuneo\/per-le-comunita\/1614704124-2\/#breadcrumb\",\"itemListElement\":[{\"@type\":\"ListItem\",\"position\":1,\"name\":\"Home\",\"item\":\"https:\/\/www.diocesicuneofossano.it\/old\/\"},{\"@type\":\"ListItem\",\"position\":2,\"name\":\"Caritas Cuneo\",\"item\":\"https:\/\/www.diocesicuneofossano.it\/old\/caritas-cuneo\/\"},{\"@type\":\"ListItem\",\"position\":3,\"name\":\"Per le comunit\u00e0\",\"item\":\"https:\/\/www.diocesicuneofossano.it\/old\/caritas-cuneo\/per-le-comunita\/\"},{\"@type\":\"ListItem\",\"position\":4,\"name\":\"Animazione\"}]},{\"@type\":\"WebSite\",\"@id\":\"https:\/\/www.diocesicuneofossano.it\/old\/#website\",\"url\":\"https:\/\/www.diocesicuneofossano.it\/old\/\",\"name\":\"OLD - Diocesi di Cuneo e di Fossano\",\"description\":\"\",\"potentialAction\":[{\"@type\":\"SearchAction\",\"target\":{\"@type\":\"EntryPoint\",\"urlTemplate\":\"https:\/\/www.diocesicuneofossano.it\/old\/?s={search_term_string}\"},\"query-input\":{\"@type\":\"PropertyValueSpecification\",\"valueRequired\":true,\"valueName\":\"search_term_string\"}}],\"inLanguage\":\"it-IT\"}]}<\/script>\n<!-- \/ Yoast SEO plugin. -->","yoast_head_json":{"title":"Animazione - OLD - Diocesi di Cuneo e di Fossano","robots":{"index":"noindex","follow":"follow","max-snippet":"max-snippet:-1","max-image-preview":"max-image-preview:large","max-video-preview":"max-video-preview:-1"},"og_locale":"it_IT","og_type":"article","og_title":"Animazione - OLD - Diocesi di Cuneo e di Fossano","og_description":"L\u2019area Animazione e Promozione delle Caritas Parrocchiali ha il compito di animare e sostenere la maturazione di stili di testimonianza comunitaria della carit\u00e0 nelle parrocchie. Segue le Parrocchie nel percorso di avvio, crescita, formazione, progettazione e accompagnamento affinch\u00e9 possano nascere, anche nelle parrocchie pi\u00f9 piccole o periferiche, processi di animazione della comunit\u00e0 e l\u2019avvio di Caritas parrocchiali pi\u00f9 strutturate.","og_url":"https:\/\/www.diocesicuneofossano.it\/old\/caritas-cuneo\/per-le-comunita\/1614704124-2\/","og_site_name":"OLD - Diocesi di Cuneo e di Fossano","article_modified_time":"2021-10-13T15:16:23+00:00","og_image":[{"url":"https:\/\/www.diocesicuneofossano.it\/wp-content\/uploads\/sites\/2\/2021\/10\/animazione-150x150.jpg","type":"","width":"","height":""}],"twitter_card":"summary_large_image","schema":{"@context":"https:\/\/schema.org","@graph":[{"@type":"WebPage","@id":"https:\/\/www.diocesicuneofossano.it\/old\/caritas-cuneo\/per-le-comunita\/1614704124-2\/","url":"https:\/\/www.diocesicuneofossano.it\/old\/caritas-cuneo\/per-le-comunita\/1614704124-2\/","name":"Animazione - OLD - Diocesi di Cuneo e di Fossano","isPartOf":{"@id":"https:\/\/www.diocesicuneofossano.it\/old\/#website"},"primaryImageOfPage":{"@id":"https:\/\/www.diocesicuneofossano.it\/old\/caritas-cuneo\/per-le-comunita\/1614704124-2\/#primaryimage"},"image":{"@id":"https:\/\/www.diocesicuneofossano.it\/old\/caritas-cuneo\/per-le-comunita\/1614704124-2\/#primaryimage"},"thumbnailUrl":"https:\/\/www.diocesicuneofossano.it\/wp-content\/uploads\/sites\/2\/2021\/10\/animazione-150x150.jpg","datePublished":"2021-10-13T14:38:20+00:00","dateModified":"2021-10-13T15:16:23+00:00","breadcrumb":{"@id":"https:\/\/www.diocesicuneofossano.it\/old\/caritas-cuneo\/per-le-comunita\/1614704124-2\/#breadcrumb"},"inLanguage":"it-IT","potentialAction":[{"@type":"ReadAction","target":["https:\/\/www.diocesicuneofossano.it\/old\/caritas-cuneo\/per-le-comunita\/1614704124-2\/"]}]},{"@type":"ImageObject","inLanguage":"it-IT","@id":"https:\/\/www.diocesicuneofossano.it\/old\/caritas-cuneo\/per-le-comunita\/1614704124-2\/#primaryimage","url":"https:\/\/www.diocesicuneofossano.it\/wp-content\/uploads\/sites\/2\/2021\/10\/animazione-150x150.jpg","contentUrl":"https:\/\/www.diocesicuneofossano.it\/wp-content\/uploads\/sites\/2\/2021\/10\/animazione-150x150.jpg"},{"@type":"BreadcrumbList","@id":"https:\/\/www.diocesicuneofossano.it\/old\/caritas-cuneo\/per-le-comunita\/1614704124-2\/#breadcrumb","itemListElement":[{"@type":"ListItem","position":1,"name":"Home","item":"https:\/\/www.diocesicuneofossano.it\/old\/"},{"@type":"ListItem","position":2,"name":"Caritas Cuneo","item":"https:\/\/www.diocesicuneofossano.it\/old\/caritas-cuneo\/"},{"@type":"ListItem","position":3,"name":"Per le comunit\u00e0","item":"https:\/\/www.diocesicuneofossano.it\/old\/caritas-cuneo\/per-le-comunita\/"},{"@type":"ListItem","position":4,"name":"Animazione"}]},{"@type":"WebSite","@id":"https:\/\/www.diocesicuneofossano.it\/old\/#website","url":"https:\/\/www.diocesicuneofossano.it\/old\/","name":"OLD - Diocesi di Cuneo e di Fossano","description":"","potentialAction":[{"@type":"SearchAction","target":{"@type":"EntryPoint","urlTemplate":"https:\/\/www.diocesicuneofossano.it\/old\/?s={search_term_string}"},"query-input":{"@type":"PropertyValueSpecification","valueRequired":true,"valueName":"search_term_string"}}],"inLanguage":"it-IT"}]}},"_links":{"self":[{"href":"https:\/\/www.diocesicuneofossano.it\/old\/wp-json\/wp\/v2\/pages\/1614704124"}],"collection":[{"href":"https:\/\/www.diocesicuneofossano.it\/old\/wp-json\/wp\/v2\/pages"}],"about":[{"href":"https:\/\/www.diocesicuneofossano.it\/old\/wp-json\/wp\/v2\/types\/page"}],"author":[{"embeddable":true,"href":"https:\/\/www.diocesicuneofossano.it\/old\/wp-json\/wp\/v2\/users\/8"}],"replies":[{"embeddable":true,"href":"https:\/\/www.diocesicuneofossano.it\/old\/wp-json\/wp\/v2\/comments?post=1614704124"}],"version-history":[{"count":2,"href":"https:\/\/www.diocesicuneofossano.it\/old\/wp-json\/wp\/v2\/pages\/1614704124\/revisions"}],"predecessor-version":[{"id":1614704148,"href":"https:\/\/www.diocesicuneofossano.it\/old\/wp-json\/wp\/v2\/pages\/1614704124\/revisions\/1614704148"}],"up":[{"embeddable":true,"href":"https:\/\/www.diocesicuneofossano.it\/old\/wp-json\/wp\/v2\/pages\/1614704117"}],"wp:attachment":[{"href":"https:\/\/www.diocesicuneofossano.it\/old\/wp-json\/wp\/v2\/media?parent=1614704124"}],"curies":[{"name":"wp","href":"https:\/\/api.w.org\/{rel}","templated":true}]}}