{"id":1614704121,"date":"2021-10-13T16:36:53","date_gmt":"2021-10-13T14:36:53","guid":{"rendered":"https:\/\/www.diocesicuneofossano.it\/?page_id=1614704121"},"modified":"2021-10-13T17:19:35","modified_gmt":"2021-10-13T15:19:35","slug":"progetti","status":"publish","type":"page","link":"https:\/\/www.diocesicuneofossano.it\/old\/caritas-cuneo\/per-le-comunita\/progetti\/","title":{"rendered":"Progetti"},"content":{"rendered":"<div id=\"pl-1614704121\"  class=\"panel-layout\" ><div id=\"pg-1614704121-0\"  class=\"panel-grid panel-no-style\" ><div id=\"pgc-1614704121-0-0\"  class=\"panel-grid-cell\" ><div id=\"panel-1614704121-0-0-0\" class=\"so-panel widget widget_siteorigin-panels-post-content panel-first-child\" data-index=\"0\" ><h1 class=\"entry-title\">Progetti<\/h1><\/div><div id=\"panel-1614704121-0-0-1\" class=\"so-panel widget widget_sow-editor panel-last-child\" data-index=\"1\" ><div\n\t\t\t\n\t\t\tclass=\"so-widget-sow-editor so-widget-sow-editor-base\"\n\t\t\t\n\t\t>\n<div class=\"siteorigin-widget-tinymce textwidget\">\n\t<p><a href=\"https:\/\/www.diocesicuneofossano.it\/wp-content\/uploads\/sites\/2\/2021\/10\/progetti.jpg\"><img loading=\"lazy\" decoding=\"async\" class=\"size-thumbnail wp-image-1614704122 alignleft\" src=\"https:\/\/www.diocesicuneofossano.it\/wp-content\/uploads\/sites\/2\/2021\/10\/progetti-150x150.jpg\" alt=\"\" width=\"150\" height=\"150\" \/><\/a>Prossimit\u00e0 e ascolto, sono queste le due parole con le quali si potrebbe sintetizzare l\u2019impegno della nostra chiesa locale nel destinare le risorse straordinarie che ogni anno ci vengono messe a disposizione dalla C.E.I., da Fondazioni Bancarie o da donazioni private.<\/p>\n<p>Al fine di comprendere il nostro stile progettuale, va chiarito il ruolo della Caritas Diocesana, che cos\u00ec come descritto nello statuto di Caritas Italiana, ha il compito principale di \u201cpromuovere, anche in collaborazione con altri organismi, la testimonianza della carit\u00e0 della comunit\u00e0 ecclesiale, in forme consone ai tempi e ai bisogni, in vista dello sviluppo integrale dell\u2019uomo, della giustizia sociale e della pace, con particolare attenzione agli ultimi e con prevalente funzione pedagogica\u201d<a href=\"http:\/\/7698b6a0-f51f-462b-9f40-4539e771e8e6\/#_ftn1\" name=\"_ftnref1\">[1]<\/a>.<\/p>\n<p>L\u2019approccio pedagogico cui si fa riferimento, si basa sul metodo della pedagogia dei fatti, che altro non \u00e8 che l\u2019aiutare la comunit\u00e0 a partire dai problemi, dai fenomeni di povert\u00e0, dalle sofferenze della gente, per costruire insieme a loro le risposte di solidariet\u00e0, al fine di promuovere il costume della partecipazione e della responsabilizzazione.<\/p>\n<p>In questa logica l\u2019obiettivo di un progetto travalica il solo rispondere in modo efficiente a determinati bisogni, ma piuttosto, ha il principale compito di coinvolgere l\u2019intera comunit\u00e0 nel promuovere esperienze quotidiane di prossimit\u00e0 facendo emergere una mentalit\u00e0 di condivisione.<\/p>\n<p>Ed \u00e8 in questo solco che si inseriscono i nostri progetti, che nascono dalla costante azione di valorizzazione della funzione di ascolto, di osservazione e di discernimento, fatta dalla nostra Caritas. Divenendo segno di risposta alle domande dei \u201cpiccoli\u201d, affinch\u00e8 cresca la fraternit\u00e0 nelle nostre comunit\u00e0.<\/p>\n<\/div>\n<\/div><\/div><\/div><\/div><\/div>","protected":false},"excerpt":{"rendered":"<p>Prossimit\u00e0 e ascolto, sono queste le due parole con le quali si potrebbe sintetizzare l\u2019impegno della nostra chiesa locale nel destinare le risorse straordinarie che ogni anno ci vengono messe a disposizione dalla C.E.I., da Fondazioni Bancarie o da donazioni private. Al fine di comprendere il nostro stile progettuale, va chiarito il ruolo della Caritas Diocesana, che cos\u00ec come descritto nello statuto di Caritas Italiana, &hellip; <a href=\"https:\/\/www.diocesicuneofossano.it\/old\/caritas-cuneo\/per-le-comunita\/progetti\/\" class=\"more-link\">Continua a leggere <span class=\"screen-reader-text\">Progetti<\/span> <span class=\"meta-nav\">&raquo;<\/span><\/a><\/p>\n","protected":false},"author":8,"featured_media":0,"parent":1614704117,"menu_order":0,"comment_status":"closed","ping_status":"closed","template":"","meta":{"_acf_changed":false,"footnotes":""},"class_list":["post-1614704121","page","type-page","status-publish","hentry"],"acf":[],"yoast_head":"<!-- This site is optimized with the Yoast SEO plugin v25.3 - https:\/\/yoast.com\/wordpress\/plugins\/seo\/ -->\n<title>Progetti - OLD - Diocesi di Cuneo e di Fossano<\/title>\n<meta name=\"robots\" content=\"noindex, follow, max-snippet:-1, max-image-preview:large, max-video-preview:-1\" \/>\n<meta property=\"og:locale\" content=\"it_IT\" \/>\n<meta property=\"og:type\" content=\"article\" \/>\n<meta property=\"og:title\" content=\"Progetti - OLD - Diocesi di Cuneo e di Fossano\" \/>\n<meta property=\"og:description\" content=\"Prossimit\u00e0 e ascolto, sono queste le due parole con le quali si potrebbe sintetizzare l\u2019impegno della nostra chiesa locale nel destinare le risorse straordinarie che ogni anno ci vengono messe a disposizione dalla C.E.I., da Fondazioni Bancarie o da donazioni private. Al fine di comprendere il nostro stile progettuale, va chiarito il ruolo della Caritas Diocesana, che cos\u00ec come descritto nello statuto di Caritas Italiana, &hellip; Continua a leggere Progetti &raquo;\" \/>\n<meta property=\"og:url\" content=\"https:\/\/www.diocesicuneofossano.it\/old\/caritas-cuneo\/per-le-comunita\/progetti\/\" \/>\n<meta property=\"og:site_name\" content=\"OLD - Diocesi di Cuneo e di Fossano\" \/>\n<meta property=\"article:modified_time\" content=\"2021-10-13T15:19:35+00:00\" \/>\n<meta property=\"og:image\" content=\"https:\/\/www.diocesicuneofossano.it\/wp-content\/uploads\/sites\/2\/2021\/10\/progetti-150x150.jpg\" \/>\n<meta name=\"twitter:card\" content=\"summary_large_image\" \/>\n<meta name=\"twitter:label1\" content=\"Tempo di lettura stimato\" \/>\n\t<meta name=\"twitter:data1\" content=\"1 minuto\" \/>\n<script type=\"application\/ld+json\" class=\"yoast-schema-graph\">{\"@context\":\"https:\/\/schema.org\",\"@graph\":[{\"@type\":\"WebPage\",\"@id\":\"https:\/\/www.diocesicuneofossano.it\/old\/caritas-cuneo\/per-le-comunita\/progetti\/\",\"url\":\"https:\/\/www.diocesicuneofossano.it\/old\/caritas-cuneo\/per-le-comunita\/progetti\/\",\"name\":\"Progetti - OLD - Diocesi di Cuneo e di Fossano\",\"isPartOf\":{\"@id\":\"https:\/\/www.diocesicuneofossano.it\/old\/#website\"},\"primaryImageOfPage\":{\"@id\":\"https:\/\/www.diocesicuneofossano.it\/old\/caritas-cuneo\/per-le-comunita\/progetti\/#primaryimage\"},\"image\":{\"@id\":\"https:\/\/www.diocesicuneofossano.it\/old\/caritas-cuneo\/per-le-comunita\/progetti\/#primaryimage\"},\"thumbnailUrl\":\"https:\/\/www.diocesicuneofossano.it\/wp-content\/uploads\/sites\/2\/2021\/10\/progetti-150x150.jpg\",\"datePublished\":\"2021-10-13T14:36:53+00:00\",\"dateModified\":\"2021-10-13T15:19:35+00:00\",\"breadcrumb\":{\"@id\":\"https:\/\/www.diocesicuneofossano.it\/old\/caritas-cuneo\/per-le-comunita\/progetti\/#breadcrumb\"},\"inLanguage\":\"it-IT\",\"potentialAction\":[{\"@type\":\"ReadAction\",\"target\":[\"https:\/\/www.diocesicuneofossano.it\/old\/caritas-cuneo\/per-le-comunita\/progetti\/\"]}]},{\"@type\":\"ImageObject\",\"inLanguage\":\"it-IT\",\"@id\":\"https:\/\/www.diocesicuneofossano.it\/old\/caritas-cuneo\/per-le-comunita\/progetti\/#primaryimage\",\"url\":\"https:\/\/www.diocesicuneofossano.it\/wp-content\/uploads\/sites\/2\/2021\/10\/progetti-150x150.jpg\",\"contentUrl\":\"https:\/\/www.diocesicuneofossano.it\/wp-content\/uploads\/sites\/2\/2021\/10\/progetti-150x150.jpg\"},{\"@type\":\"BreadcrumbList\",\"@id\":\"https:\/\/www.diocesicuneofossano.it\/old\/caritas-cuneo\/per-le-comunita\/progetti\/#breadcrumb\",\"itemListElement\":[{\"@type\":\"ListItem\",\"position\":1,\"name\":\"Home\",\"item\":\"https:\/\/www.diocesicuneofossano.it\/old\/\"},{\"@type\":\"ListItem\",\"position\":2,\"name\":\"Caritas Cuneo\",\"item\":\"https:\/\/www.diocesicuneofossano.it\/old\/caritas-cuneo\/\"},{\"@type\":\"ListItem\",\"position\":3,\"name\":\"Per le comunit\u00e0\",\"item\":\"https:\/\/www.diocesicuneofossano.it\/old\/caritas-cuneo\/per-le-comunita\/\"},{\"@type\":\"ListItem\",\"position\":4,\"name\":\"Progetti\"}]},{\"@type\":\"WebSite\",\"@id\":\"https:\/\/www.diocesicuneofossano.it\/old\/#website\",\"url\":\"https:\/\/www.diocesicuneofossano.it\/old\/\",\"name\":\"OLD - Diocesi di Cuneo e di Fossano\",\"description\":\"\",\"potentialAction\":[{\"@type\":\"SearchAction\",\"target\":{\"@type\":\"EntryPoint\",\"urlTemplate\":\"https:\/\/www.diocesicuneofossano.it\/old\/?s={search_term_string}\"},\"query-input\":{\"@type\":\"PropertyValueSpecification\",\"valueRequired\":true,\"valueName\":\"search_term_string\"}}],\"inLanguage\":\"it-IT\"}]}<\/script>\n<!-- \/ Yoast SEO plugin. -->","yoast_head_json":{"title":"Progetti - OLD - Diocesi di Cuneo e di Fossano","robots":{"index":"noindex","follow":"follow","max-snippet":"max-snippet:-1","max-image-preview":"max-image-preview:large","max-video-preview":"max-video-preview:-1"},"og_locale":"it_IT","og_type":"article","og_title":"Progetti - OLD - Diocesi di Cuneo e di Fossano","og_description":"Prossimit\u00e0 e ascolto, sono queste le due parole con le quali si potrebbe sintetizzare l\u2019impegno della nostra chiesa locale nel destinare le risorse straordinarie che ogni anno ci vengono messe a disposizione dalla C.E.I., da Fondazioni Bancarie o da donazioni private. Al fine di comprendere il nostro stile progettuale, va chiarito il ruolo della Caritas Diocesana, che cos\u00ec come descritto nello statuto di Caritas Italiana, &hellip; Continua a leggere Progetti &raquo;","og_url":"https:\/\/www.diocesicuneofossano.it\/old\/caritas-cuneo\/per-le-comunita\/progetti\/","og_site_name":"OLD - Diocesi di Cuneo e di Fossano","article_modified_time":"2021-10-13T15:19:35+00:00","og_image":[{"url":"https:\/\/www.diocesicuneofossano.it\/wp-content\/uploads\/sites\/2\/2021\/10\/progetti-150x150.jpg","type":"","width":"","height":""}],"twitter_card":"summary_large_image","twitter_misc":{"Tempo di lettura stimato":"1 minuto"},"schema":{"@context":"https:\/\/schema.org","@graph":[{"@type":"WebPage","@id":"https:\/\/www.diocesicuneofossano.it\/old\/caritas-cuneo\/per-le-comunita\/progetti\/","url":"https:\/\/www.diocesicuneofossano.it\/old\/caritas-cuneo\/per-le-comunita\/progetti\/","name":"Progetti - OLD - Diocesi di Cuneo e di Fossano","isPartOf":{"@id":"https:\/\/www.diocesicuneofossano.it\/old\/#website"},"primaryImageOfPage":{"@id":"https:\/\/www.diocesicuneofossano.it\/old\/caritas-cuneo\/per-le-comunita\/progetti\/#primaryimage"},"image":{"@id":"https:\/\/www.diocesicuneofossano.it\/old\/caritas-cuneo\/per-le-comunita\/progetti\/#primaryimage"},"thumbnailUrl":"https:\/\/www.diocesicuneofossano.it\/wp-content\/uploads\/sites\/2\/2021\/10\/progetti-150x150.jpg","datePublished":"2021-10-13T14:36:53+00:00","dateModified":"2021-10-13T15:19:35+00:00","breadcrumb":{"@id":"https:\/\/www.diocesicuneofossano.it\/old\/caritas-cuneo\/per-le-comunita\/progetti\/#breadcrumb"},"inLanguage":"it-IT","potentialAction":[{"@type":"ReadAction","target":["https:\/\/www.diocesicuneofossano.it\/old\/caritas-cuneo\/per-le-comunita\/progetti\/"]}]},{"@type":"ImageObject","inLanguage":"it-IT","@id":"https:\/\/www.diocesicuneofossano.it\/old\/caritas-cuneo\/per-le-comunita\/progetti\/#primaryimage","url":"https:\/\/www.diocesicuneofossano.it\/wp-content\/uploads\/sites\/2\/2021\/10\/progetti-150x150.jpg","contentUrl":"https:\/\/www.diocesicuneofossano.it\/wp-content\/uploads\/sites\/2\/2021\/10\/progetti-150x150.jpg"},{"@type":"BreadcrumbList","@id":"https:\/\/www.diocesicuneofossano.it\/old\/caritas-cuneo\/per-le-comunita\/progetti\/#breadcrumb","itemListElement":[{"@type":"ListItem","position":1,"name":"Home","item":"https:\/\/www.diocesicuneofossano.it\/old\/"},{"@type":"ListItem","position":2,"name":"Caritas Cuneo","item":"https:\/\/www.diocesicuneofossano.it\/old\/caritas-cuneo\/"},{"@type":"ListItem","position":3,"name":"Per le comunit\u00e0","item":"https:\/\/www.diocesicuneofossano.it\/old\/caritas-cuneo\/per-le-comunita\/"},{"@type":"ListItem","position":4,"name":"Progetti"}]},{"@type":"WebSite","@id":"https:\/\/www.diocesicuneofossano.it\/old\/#website","url":"https:\/\/www.diocesicuneofossano.it\/old\/","name":"OLD - Diocesi di Cuneo e di Fossano","description":"","potentialAction":[{"@type":"SearchAction","target":{"@type":"EntryPoint","urlTemplate":"https:\/\/www.diocesicuneofossano.it\/old\/?s={search_term_string}"},"query-input":{"@type":"PropertyValueSpecification","valueRequired":true,"valueName":"search_term_string"}}],"inLanguage":"it-IT"}]}},"_links":{"self":[{"href":"https:\/\/www.diocesicuneofossano.it\/old\/wp-json\/wp\/v2\/pages\/1614704121"}],"collection":[{"href":"https:\/\/www.diocesicuneofossano.it\/old\/wp-json\/wp\/v2\/pages"}],"about":[{"href":"https:\/\/www.diocesicuneofossano.it\/old\/wp-json\/wp\/v2\/types\/page"}],"author":[{"embeddable":true,"href":"https:\/\/www.diocesicuneofossano.it\/old\/wp-json\/wp\/v2\/users\/8"}],"replies":[{"embeddable":true,"href":"https:\/\/www.diocesicuneofossano.it\/old\/wp-json\/wp\/v2\/comments?post=1614704121"}],"version-history":[{"count":1,"href":"https:\/\/www.diocesicuneofossano.it\/old\/wp-json\/wp\/v2\/pages\/1614704121\/revisions"}],"predecessor-version":[{"id":1614704123,"href":"https:\/\/www.diocesicuneofossano.it\/old\/wp-json\/wp\/v2\/pages\/1614704121\/revisions\/1614704123"}],"up":[{"embeddable":true,"href":"https:\/\/www.diocesicuneofossano.it\/old\/wp-json\/wp\/v2\/pages\/1614704117"}],"wp:attachment":[{"href":"https:\/\/www.diocesicuneofossano.it\/old\/wp-json\/wp\/v2\/media?parent=1614704121"}],"curies":[{"name":"wp","href":"https:\/\/api.w.org\/{rel}","templated":true}]}}