{"id":1614704105,"date":"2021-10-13T10:40:40","date_gmt":"2021-10-13T08:40:40","guid":{"rendered":"https:\/\/www.diocesicuneofossano.it\/?page_id=1614704105"},"modified":"2021-10-14T11:05:16","modified_gmt":"2021-10-14T09:05:16","slug":"sostegno-economico","status":"publish","type":"page","link":"https:\/\/www.diocesicuneofossano.it\/old\/caritas-cuneo\/per-le-persone\/sostegno-economico\/","title":{"rendered":"Sostegno economico"},"content":{"rendered":"<div id=\"pl-1614704105\"  class=\"panel-layout\" ><div id=\"pg-1614704105-0\"  class=\"panel-grid panel-no-style\" ><div id=\"pgc-1614704105-0-0\"  class=\"panel-grid-cell\" ><div id=\"panel-1614704105-0-0-0\" class=\"so-panel widget widget_siteorigin-panels-post-content panel-first-child\" data-index=\"0\" ><h1 class=\"entry-title\">Sostegno economico<\/h1><\/div><div id=\"panel-1614704105-0-0-1\" class=\"so-panel widget widget_sow-editor panel-last-child\" data-index=\"1\" ><div\n\t\t\t\n\t\t\tclass=\"so-widget-sow-editor so-widget-sow-editor-base\"\n\t\t\t\n\t\t>\n<div class=\"siteorigin-widget-tinymce textwidget\">\n\t<h4><strong><img loading=\"lazy\" decoding=\"async\" class=\"size-thumbnail wp-image-1614704106 alignleft\" src=\"https:\/\/www.diocesicuneofossano.it\/wp-content\/uploads\/sites\/2\/2021\/10\/sostegno-economico-150x150.jpg\" alt=\"\" width=\"150\" height=\"150\" \/>Microcredito (Progetto Alleanza)<\/strong><\/h4>\n<div>\n<div id=\"wk-grid97e\" class=\"uk-grid-width-1-2 uk-grid-width-small-1-2 uk-grid-width-medium-1-2 uk-grid-width-large-1-2 uk-grid-width-xlarge-1-2 uk-text-left\" data-uk-grid=\"{gutter: ' 20'}\">\n<div data-grid-prepared=\"true\">\n<div class=\"uk-panel\">\n<div class=\"uk-margin\"><strong>Alleanza <\/strong>\u00e8 il progetto di rete sul territorio promosso dalla Fondazione CRC in collaborazione con la<strong>\u00a0Fondazione San Martino<\/strong>\u00a0nato per sostenere persone e famiglie in situazioni di temporanea difficolt\u00e0 economica e prevede la possibilit\u00e0 di ottenere un\u00a0<strong>finanziamento fino a 5 mila euro<\/strong>\u00a0per far fronte alle spese pi\u00f9 urgenti. E\u2019 realizzato in collaborazione con\u00a0<strong>UBI Banca e\u00a0<\/strong><strong>UniCredit.\u00a0<\/strong><\/div>\n<\/div>\n<\/div>\n<\/div>\n<\/div>\n<div>\n<p>Il progetto si rivolge alle persone residenti in provincia di Cuneo in condizioni di vulnerabilit\u00e0 economica o difficolt\u00e0 temporanea, escluse dal credito presso banche, senza la possibilit\u00e0 di fornire garanzie reali n\u00e9 garanzie personali da parte di terzi. Un volontario esperto affiancher\u00e0 i richiedenti nella preparazione della domanda di finanziamento e metter\u00e0 a disposizione per tutta la durata del prestito, la sua competenza per gestire al meglio le risorse attribuite, il bilancio famigliare, ridurre gli sprechi e ottimizzare le risorse.\u00a0Le pratiche vengono gestite a livello territoriale.<\/p>\n<\/div>\n<p><strong>Per conoscere le modalit\u00e0 per l\u2019accesso<\/strong>, \u00e8 possibile contattarci telefonicamente allo 0171 634184\u00a0 oppure scrivere a cdacaritas@operediocesicuneo.it<\/p>\n<p>&nbsp;<\/p>\n<h4><strong><a href=\"https:\/\/www.diocesicuneofossano.it\/caritas-cuneo\/per-le-persone\/ascolto\/\" target=\"_blank\" rel=\"noopener\"><img loading=\"lazy\" decoding=\"async\" class=\"size-thumbnail wp-image-1614704107 alignright\" src=\"https:\/\/www.diocesicuneofossano.it\/wp-content\/uploads\/sites\/2\/2021\/10\/cda-150x150.png\" alt=\"\" width=\"150\" height=\"150\" \/><\/a>Centro di ascolto Diocesano <\/strong><\/h4>\n<p>Il <a href=\"https:\/\/www.diocesicuneofossano.it\/caritas-cuneo\/per-le-persone\/ascolto\/\" target=\"_blank\" rel=\"noopener\">centro di ascolto<\/a>, oltre ad assicurare un primo ascolto alle persone che incontra, dopo una valutazione della situazione, se necessario provvede anche a fare piccoli interventi economici urgenti.<\/p>\n<p>&nbsp;<\/p>\n<h4><strong><img loading=\"lazy\" decoding=\"async\" class=\"size-thumbnail wp-image-1614704108 alignleft\" src=\"https:\/\/www.diocesicuneofossano.it\/wp-content\/uploads\/sites\/2\/2021\/10\/ascolto_in_rete-150x150.jpg\" alt=\"\" width=\"150\" height=\"150\" \/><\/strong><\/h4>\n<h4><strong>Rete Caritas sul territorio<\/strong><\/h4>\n<p>Le Caritas parrocchiali e centri di ascolto Caritas sul territorio in caso di necessit\u00e0 urgenti, dopo attenta valutazione, possono provvedere all\u2019erogazione di piccoli contributi economici. Questo naturalmente dipende dal bisogno rilevato ed \u00e8 vincolato alle risorse economiche di cui dispongono, che provengono da donazioni o attivit\u00e0 di autofinanziamento.<\/p>\n<p>&nbsp;<\/p>\n<\/div>\n<\/div><\/div><\/div><\/div><\/div>","protected":false},"excerpt":{"rendered":"<p>Microcredito (Progetto Alleanza) Alleanza \u00e8 il progetto di rete sul territorio promosso dalla Fondazione CRC in collaborazione con la\u00a0Fondazione San Martino\u00a0nato per sostenere persone e famiglie in situazioni di temporanea difficolt\u00e0 economica e prevede la possibilit\u00e0 di ottenere un\u00a0finanziamento fino a 5 mila euro\u00a0per far fronte alle spese pi\u00f9 urgenti. E\u2019 realizzato in collaborazione con\u00a0UBI Banca e\u00a0UniCredit.\u00a0 Il progetto si rivolge alle persone residenti in &hellip; <a href=\"https:\/\/www.diocesicuneofossano.it\/old\/caritas-cuneo\/per-le-persone\/sostegno-economico\/\" class=\"more-link\">Continua a leggere <span class=\"screen-reader-text\">Sostegno economico<\/span> <span class=\"meta-nav\">&raquo;<\/span><\/a><\/p>\n","protected":false},"author":8,"featured_media":0,"parent":1614704086,"menu_order":0,"comment_status":"closed","ping_status":"closed","template":"","meta":{"_acf_changed":false,"footnotes":""},"class_list":["post-1614704105","page","type-page","status-publish","hentry"],"acf":[],"yoast_head":"<!-- This site is optimized with the Yoast SEO plugin v25.3 - https:\/\/yoast.com\/wordpress\/plugins\/seo\/ -->\n<title>Sostegno economico - OLD - Diocesi di Cuneo e di Fossano<\/title>\n<meta name=\"robots\" content=\"noindex, follow, max-snippet:-1, max-image-preview:large, max-video-preview:-1\" \/>\n<meta property=\"og:locale\" content=\"it_IT\" \/>\n<meta property=\"og:type\" content=\"article\" \/>\n<meta property=\"og:title\" content=\"Sostegno economico - OLD - Diocesi di Cuneo e di Fossano\" \/>\n<meta property=\"og:description\" content=\"Microcredito (Progetto Alleanza) Alleanza \u00e8 il progetto di rete sul territorio promosso dalla Fondazione CRC in collaborazione con la\u00a0Fondazione San Martino\u00a0nato per sostenere persone e famiglie in situazioni di temporanea difficolt\u00e0 economica e prevede la possibilit\u00e0 di ottenere un\u00a0finanziamento fino a 5 mila euro\u00a0per far fronte alle spese pi\u00f9 urgenti. E\u2019 realizzato in collaborazione con\u00a0UBI Banca e\u00a0UniCredit.\u00a0 Il progetto si rivolge alle persone residenti in &hellip; Continua a leggere Sostegno economico &raquo;\" \/>\n<meta property=\"og:url\" content=\"https:\/\/www.diocesicuneofossano.it\/old\/caritas-cuneo\/per-le-persone\/sostegno-economico\/\" \/>\n<meta property=\"og:site_name\" content=\"OLD - Diocesi di Cuneo e di Fossano\" \/>\n<meta property=\"article:modified_time\" content=\"2021-10-14T09:05:16+00:00\" \/>\n<meta property=\"og:image\" content=\"https:\/\/www.diocesicuneofossano.it\/wp-content\/uploads\/sites\/2\/2021\/10\/sostegno-economico-150x150.jpg\" \/>\n<meta name=\"twitter:card\" content=\"summary_large_image\" \/>\n<meta name=\"twitter:label1\" content=\"Tempo di lettura stimato\" \/>\n\t<meta name=\"twitter:data1\" content=\"1 minuto\" \/>\n<script type=\"application\/ld+json\" class=\"yoast-schema-graph\">{\"@context\":\"https:\/\/schema.org\",\"@graph\":[{\"@type\":\"WebPage\",\"@id\":\"https:\/\/www.diocesicuneofossano.it\/old\/caritas-cuneo\/per-le-persone\/sostegno-economico\/\",\"url\":\"https:\/\/www.diocesicuneofossano.it\/old\/caritas-cuneo\/per-le-persone\/sostegno-economico\/\",\"name\":\"Sostegno economico - OLD - Diocesi di Cuneo e di Fossano\",\"isPartOf\":{\"@id\":\"https:\/\/www.diocesicuneofossano.it\/old\/#website\"},\"primaryImageOfPage\":{\"@id\":\"https:\/\/www.diocesicuneofossano.it\/old\/caritas-cuneo\/per-le-persone\/sostegno-economico\/#primaryimage\"},\"image\":{\"@id\":\"https:\/\/www.diocesicuneofossano.it\/old\/caritas-cuneo\/per-le-persone\/sostegno-economico\/#primaryimage\"},\"thumbnailUrl\":\"https:\/\/www.diocesicuneofossano.it\/wp-content\/uploads\/sites\/2\/2021\/10\/sostegno-economico-150x150.jpg\",\"datePublished\":\"2021-10-13T08:40:40+00:00\",\"dateModified\":\"2021-10-14T09:05:16+00:00\",\"breadcrumb\":{\"@id\":\"https:\/\/www.diocesicuneofossano.it\/old\/caritas-cuneo\/per-le-persone\/sostegno-economico\/#breadcrumb\"},\"inLanguage\":\"it-IT\",\"potentialAction\":[{\"@type\":\"ReadAction\",\"target\":[\"https:\/\/www.diocesicuneofossano.it\/old\/caritas-cuneo\/per-le-persone\/sostegno-economico\/\"]}]},{\"@type\":\"ImageObject\",\"inLanguage\":\"it-IT\",\"@id\":\"https:\/\/www.diocesicuneofossano.it\/old\/caritas-cuneo\/per-le-persone\/sostegno-economico\/#primaryimage\",\"url\":\"https:\/\/www.diocesicuneofossano.it\/wp-content\/uploads\/sites\/2\/2021\/10\/sostegno-economico-150x150.jpg\",\"contentUrl\":\"https:\/\/www.diocesicuneofossano.it\/wp-content\/uploads\/sites\/2\/2021\/10\/sostegno-economico-150x150.jpg\"},{\"@type\":\"BreadcrumbList\",\"@id\":\"https:\/\/www.diocesicuneofossano.it\/old\/caritas-cuneo\/per-le-persone\/sostegno-economico\/#breadcrumb\",\"itemListElement\":[{\"@type\":\"ListItem\",\"position\":1,\"name\":\"Home\",\"item\":\"https:\/\/www.diocesicuneofossano.it\/old\/\"},{\"@type\":\"ListItem\",\"position\":2,\"name\":\"Caritas Cuneo\",\"item\":\"https:\/\/www.diocesicuneofossano.it\/old\/caritas-cuneo\/\"},{\"@type\":\"ListItem\",\"position\":3,\"name\":\"Per le persone\",\"item\":\"https:\/\/www.diocesicuneofossano.it\/old\/caritas-cuneo\/per-le-persone\/\"},{\"@type\":\"ListItem\",\"position\":4,\"name\":\"Sostegno economico\"}]},{\"@type\":\"WebSite\",\"@id\":\"https:\/\/www.diocesicuneofossano.it\/old\/#website\",\"url\":\"https:\/\/www.diocesicuneofossano.it\/old\/\",\"name\":\"OLD - Diocesi di Cuneo e di Fossano\",\"description\":\"\",\"potentialAction\":[{\"@type\":\"SearchAction\",\"target\":{\"@type\":\"EntryPoint\",\"urlTemplate\":\"https:\/\/www.diocesicuneofossano.it\/old\/?s={search_term_string}\"},\"query-input\":{\"@type\":\"PropertyValueSpecification\",\"valueRequired\":true,\"valueName\":\"search_term_string\"}}],\"inLanguage\":\"it-IT\"}]}<\/script>\n<!-- \/ Yoast SEO plugin. -->","yoast_head_json":{"title":"Sostegno economico - OLD - Diocesi di Cuneo e di Fossano","robots":{"index":"noindex","follow":"follow","max-snippet":"max-snippet:-1","max-image-preview":"max-image-preview:large","max-video-preview":"max-video-preview:-1"},"og_locale":"it_IT","og_type":"article","og_title":"Sostegno economico - OLD - Diocesi di Cuneo e di Fossano","og_description":"Microcredito (Progetto Alleanza) Alleanza \u00e8 il progetto di rete sul territorio promosso dalla Fondazione CRC in collaborazione con la\u00a0Fondazione San Martino\u00a0nato per sostenere persone e famiglie in situazioni di temporanea difficolt\u00e0 economica e prevede la possibilit\u00e0 di ottenere un\u00a0finanziamento fino a 5 mila euro\u00a0per far fronte alle spese pi\u00f9 urgenti. E\u2019 realizzato in collaborazione con\u00a0UBI Banca e\u00a0UniCredit.\u00a0 Il progetto si rivolge alle persone residenti in &hellip; Continua a leggere Sostegno economico &raquo;","og_url":"https:\/\/www.diocesicuneofossano.it\/old\/caritas-cuneo\/per-le-persone\/sostegno-economico\/","og_site_name":"OLD - Diocesi di Cuneo e di Fossano","article_modified_time":"2021-10-14T09:05:16+00:00","og_image":[{"url":"https:\/\/www.diocesicuneofossano.it\/wp-content\/uploads\/sites\/2\/2021\/10\/sostegno-economico-150x150.jpg","type":"","width":"","height":""}],"twitter_card":"summary_large_image","twitter_misc":{"Tempo di lettura stimato":"1 minuto"},"schema":{"@context":"https:\/\/schema.org","@graph":[{"@type":"WebPage","@id":"https:\/\/www.diocesicuneofossano.it\/old\/caritas-cuneo\/per-le-persone\/sostegno-economico\/","url":"https:\/\/www.diocesicuneofossano.it\/old\/caritas-cuneo\/per-le-persone\/sostegno-economico\/","name":"Sostegno economico - OLD - Diocesi di Cuneo e di Fossano","isPartOf":{"@id":"https:\/\/www.diocesicuneofossano.it\/old\/#website"},"primaryImageOfPage":{"@id":"https:\/\/www.diocesicuneofossano.it\/old\/caritas-cuneo\/per-le-persone\/sostegno-economico\/#primaryimage"},"image":{"@id":"https:\/\/www.diocesicuneofossano.it\/old\/caritas-cuneo\/per-le-persone\/sostegno-economico\/#primaryimage"},"thumbnailUrl":"https:\/\/www.diocesicuneofossano.it\/wp-content\/uploads\/sites\/2\/2021\/10\/sostegno-economico-150x150.jpg","datePublished":"2021-10-13T08:40:40+00:00","dateModified":"2021-10-14T09:05:16+00:00","breadcrumb":{"@id":"https:\/\/www.diocesicuneofossano.it\/old\/caritas-cuneo\/per-le-persone\/sostegno-economico\/#breadcrumb"},"inLanguage":"it-IT","potentialAction":[{"@type":"ReadAction","target":["https:\/\/www.diocesicuneofossano.it\/old\/caritas-cuneo\/per-le-persone\/sostegno-economico\/"]}]},{"@type":"ImageObject","inLanguage":"it-IT","@id":"https:\/\/www.diocesicuneofossano.it\/old\/caritas-cuneo\/per-le-persone\/sostegno-economico\/#primaryimage","url":"https:\/\/www.diocesicuneofossano.it\/wp-content\/uploads\/sites\/2\/2021\/10\/sostegno-economico-150x150.jpg","contentUrl":"https:\/\/www.diocesicuneofossano.it\/wp-content\/uploads\/sites\/2\/2021\/10\/sostegno-economico-150x150.jpg"},{"@type":"BreadcrumbList","@id":"https:\/\/www.diocesicuneofossano.it\/old\/caritas-cuneo\/per-le-persone\/sostegno-economico\/#breadcrumb","itemListElement":[{"@type":"ListItem","position":1,"name":"Home","item":"https:\/\/www.diocesicuneofossano.it\/old\/"},{"@type":"ListItem","position":2,"name":"Caritas Cuneo","item":"https:\/\/www.diocesicuneofossano.it\/old\/caritas-cuneo\/"},{"@type":"ListItem","position":3,"name":"Per le persone","item":"https:\/\/www.diocesicuneofossano.it\/old\/caritas-cuneo\/per-le-persone\/"},{"@type":"ListItem","position":4,"name":"Sostegno economico"}]},{"@type":"WebSite","@id":"https:\/\/www.diocesicuneofossano.it\/old\/#website","url":"https:\/\/www.diocesicuneofossano.it\/old\/","name":"OLD - Diocesi di Cuneo e di Fossano","description":"","potentialAction":[{"@type":"SearchAction","target":{"@type":"EntryPoint","urlTemplate":"https:\/\/www.diocesicuneofossano.it\/old\/?s={search_term_string}"},"query-input":{"@type":"PropertyValueSpecification","valueRequired":true,"valueName":"search_term_string"}}],"inLanguage":"it-IT"}]}},"_links":{"self":[{"href":"https:\/\/www.diocesicuneofossano.it\/old\/wp-json\/wp\/v2\/pages\/1614704105"}],"collection":[{"href":"https:\/\/www.diocesicuneofossano.it\/old\/wp-json\/wp\/v2\/pages"}],"about":[{"href":"https:\/\/www.diocesicuneofossano.it\/old\/wp-json\/wp\/v2\/types\/page"}],"author":[{"embeddable":true,"href":"https:\/\/www.diocesicuneofossano.it\/old\/wp-json\/wp\/v2\/users\/8"}],"replies":[{"embeddable":true,"href":"https:\/\/www.diocesicuneofossano.it\/old\/wp-json\/wp\/v2\/comments?post=1614704105"}],"version-history":[{"count":4,"href":"https:\/\/www.diocesicuneofossano.it\/old\/wp-json\/wp\/v2\/pages\/1614704105\/revisions"}],"predecessor-version":[{"id":1614704175,"href":"https:\/\/www.diocesicuneofossano.it\/old\/wp-json\/wp\/v2\/pages\/1614704105\/revisions\/1614704175"}],"up":[{"embeddable":true,"href":"https:\/\/www.diocesicuneofossano.it\/old\/wp-json\/wp\/v2\/pages\/1614704086"}],"wp:attachment":[{"href":"https:\/\/www.diocesicuneofossano.it\/old\/wp-json\/wp\/v2\/media?parent=1614704105"}],"curies":[{"name":"wp","href":"https:\/\/api.w.org\/{rel}","templated":true}]}}