{"id":1614704100,"date":"2021-10-13T10:24:52","date_gmt":"2021-10-13T08:24:52","guid":{"rendered":"https:\/\/www.diocesicuneofossano.it\/?page_id=1614704100"},"modified":"2021-10-14T10:51:23","modified_gmt":"2021-10-14T08:51:23","slug":"salute","status":"publish","type":"page","link":"https:\/\/www.diocesicuneofossano.it\/old\/caritas-cuneo\/per-le-persone\/salute\/","title":{"rendered":"Salute"},"content":{"rendered":"<div id=\"pl-1614704100\"  class=\"panel-layout\" ><div id=\"pg-1614704100-0\"  class=\"panel-grid panel-no-style\" ><div id=\"pgc-1614704100-0-0\"  class=\"panel-grid-cell\" ><div id=\"panel-1614704100-0-0-0\" class=\"so-panel widget widget_siteorigin-panels-post-content panel-first-child\" data-index=\"0\" ><h1 class=\"entry-title\">Salute<\/h1><\/div><div id=\"panel-1614704100-0-0-1\" class=\"so-panel widget widget_sow-editor\" data-index=\"1\" ><div\n\t\t\t\n\t\t\tclass=\"so-widget-sow-editor so-widget-sow-editor-base\"\n\t\t\t\n\t\t>\n<div class=\"siteorigin-widget-tinymce textwidget\">\n\t<h4><strong><a href=\"https:\/\/www.diocesicuneofossano.it\/wp-content\/uploads\/sites\/2\/2021\/10\/salute.jpg\"><img loading=\"lazy\" decoding=\"async\" class=\"size-thumbnail wp-image-1614704097 alignleft\" src=\"https:\/\/www.diocesicuneofossano.it\/wp-content\/uploads\/sites\/2\/2021\/10\/salute-150x150.jpg\" alt=\"\" width=\"150\" height=\"150\" \/><\/a>Ambulatorio medico e dentistico\u00a0<\/strong><\/h4>\n<p><span class=\"fontstyle0\">L\u2019Ambulatorio medico \u00e8 nato nel 2005, nei locali dell\u2019Istituto S. Tomaso dei Padri Gesuiti. L\u2019ambulatorio dentistico invece nasce nel 2006 in seno all\u2019ambulatorio medico per volere dell\u2019Associazione Orizzonti di pace.\u00a0 Obiettivo di fondo di questo servizio \u00e8 quello di garantire a tutti la tutela della propria salute e cure odontoiatriche gratuite. L\u2019ambulatorio medico della Caritas, infatti si rivolge a coloro che per vari motivi non possono usufruire del Servizio Sanitario Nazionale.<br \/>\nE\u2019 gratuito quindi accessibile a tutti. Perci\u00f2 chi si trova in situazioni di difficolt\u00e0 economica, sia nell\u2019ambito della migrazione che per i cittadini italiani, pu\u00f2 non rimanere privo di assistenza medica o prodotti farmaceutici di base.<br \/>\nOffre visite mediche, prescrizione di esami e di visite specialistiche, distribuzione di farmaci, colloqui di informazione medica e\/o educazione sanitaria.<br \/>\nIn caso di necessit\u00e0 e su richiesta prestano servizio gratuito anche un ginecologo, un dermatologo e un pediatra.<\/span><\/p>\n<p>\u00c9 aperto il marted\u00ec e il gioved\u00ec dalle 15.30 alle 18.00.<\/p>\n<p>Si trova in via Bersezio 2 a Cuneo<\/p>\n<\/div>\n<\/div><\/div><div id=\"panel-1614704100-0-0-2\" class=\"widget_text so-panel widget widget_custom_html panel-last-child\" data-index=\"2\" ><div class=\"textwidget custom-html-widget\"><iframe loading=\"lazy\" width=\"850\" height=\"700\" frameborder=\"0\" src=\"https:\/\/www.openstreetmap.org\/export\/embed.html?bbox=7.54676252603531%2C44.38422261051405%2C7.547988295555116%2C44.386120292693356&amp;layer=mapnik&amp;marker=44.38517060002136%2C7.5473749000000225\" style=\"border: 1px solid black\"><\/iframe><br \/><small><a href=\"https:\/\/www.openstreetmap.org\/?mlat=44.38517&amp;mlon=7.54737#map=19\/44.38517\/7.54737\">Ambulatorio medico dentistico della Caritas<\/a><\/small><\/div><\/div><\/div><\/div><\/div>","protected":false},"excerpt":{"rendered":"<p>Ambulatorio medico e dentistico\u00a0 L\u2019Ambulatorio medico \u00e8 nato nel 2005, nei locali dell\u2019Istituto S. Tomaso dei Padri Gesuiti. L\u2019ambulatorio dentistico invece nasce nel 2006 in seno all\u2019ambulatorio medico per volere dell\u2019Associazione Orizzonti di pace.\u00a0 Obiettivo di fondo di questo servizio \u00e8 quello di garantire a tutti la tutela della propria salute e cure odontoiatriche gratuite. L\u2019ambulatorio medico della Caritas, infatti si rivolge a coloro che &hellip; <a href=\"https:\/\/www.diocesicuneofossano.it\/old\/caritas-cuneo\/per-le-persone\/salute\/\" class=\"more-link\">Continua a leggere <span class=\"screen-reader-text\">Salute<\/span> <span class=\"meta-nav\">&raquo;<\/span><\/a><\/p>\n","protected":false},"author":8,"featured_media":0,"parent":1614704086,"menu_order":0,"comment_status":"closed","ping_status":"closed","template":"","meta":{"_acf_changed":false,"footnotes":""},"class_list":["post-1614704100","page","type-page","status-publish","hentry"],"acf":[],"yoast_head":"<!-- This site is optimized with the Yoast SEO plugin v25.3 - https:\/\/yoast.com\/wordpress\/plugins\/seo\/ -->\n<title>Salute - OLD - Diocesi di Cuneo e di Fossano<\/title>\n<meta name=\"robots\" content=\"noindex, follow, max-snippet:-1, max-image-preview:large, max-video-preview:-1\" \/>\n<meta property=\"og:locale\" content=\"it_IT\" \/>\n<meta property=\"og:type\" content=\"article\" \/>\n<meta property=\"og:title\" content=\"Salute - OLD - Diocesi di Cuneo e di Fossano\" \/>\n<meta property=\"og:description\" content=\"Ambulatorio medico e dentistico\u00a0 L\u2019Ambulatorio medico \u00e8 nato nel 2005, nei locali dell\u2019Istituto S. Tomaso dei Padri Gesuiti. L\u2019ambulatorio dentistico invece nasce nel 2006 in seno all\u2019ambulatorio medico per volere dell\u2019Associazione Orizzonti di pace.\u00a0 Obiettivo di fondo di questo servizio \u00e8 quello di garantire a tutti la tutela della propria salute e cure odontoiatriche gratuite. L\u2019ambulatorio medico della Caritas, infatti si rivolge a coloro che &hellip; Continua a leggere Salute &raquo;\" \/>\n<meta property=\"og:url\" content=\"https:\/\/www.diocesicuneofossano.it\/old\/caritas-cuneo\/per-le-persone\/salute\/\" \/>\n<meta property=\"og:site_name\" content=\"OLD - Diocesi di Cuneo e di Fossano\" \/>\n<meta property=\"article:modified_time\" content=\"2021-10-14T08:51:23+00:00\" \/>\n<meta property=\"og:image\" content=\"https:\/\/www.diocesicuneofossano.it\/wp-content\/uploads\/sites\/2\/2021\/10\/salute-150x150.jpg\" \/>\n<meta name=\"twitter:card\" content=\"summary_large_image\" \/>\n<meta name=\"twitter:label1\" content=\"Tempo di lettura stimato\" \/>\n\t<meta name=\"twitter:data1\" content=\"1 minuto\" \/>\n<script type=\"application\/ld+json\" class=\"yoast-schema-graph\">{\"@context\":\"https:\/\/schema.org\",\"@graph\":[{\"@type\":\"WebPage\",\"@id\":\"https:\/\/www.diocesicuneofossano.it\/old\/caritas-cuneo\/per-le-persone\/salute\/\",\"url\":\"https:\/\/www.diocesicuneofossano.it\/old\/caritas-cuneo\/per-le-persone\/salute\/\",\"name\":\"Salute - OLD - Diocesi di Cuneo e di Fossano\",\"isPartOf\":{\"@id\":\"https:\/\/www.diocesicuneofossano.it\/old\/#website\"},\"primaryImageOfPage\":{\"@id\":\"https:\/\/www.diocesicuneofossano.it\/old\/caritas-cuneo\/per-le-persone\/salute\/#primaryimage\"},\"image\":{\"@id\":\"https:\/\/www.diocesicuneofossano.it\/old\/caritas-cuneo\/per-le-persone\/salute\/#primaryimage\"},\"thumbnailUrl\":\"https:\/\/www.diocesicuneofossano.it\/wp-content\/uploads\/sites\/2\/2021\/10\/salute-150x150.jpg\",\"datePublished\":\"2021-10-13T08:24:52+00:00\",\"dateModified\":\"2021-10-14T08:51:23+00:00\",\"breadcrumb\":{\"@id\":\"https:\/\/www.diocesicuneofossano.it\/old\/caritas-cuneo\/per-le-persone\/salute\/#breadcrumb\"},\"inLanguage\":\"it-IT\",\"potentialAction\":[{\"@type\":\"ReadAction\",\"target\":[\"https:\/\/www.diocesicuneofossano.it\/old\/caritas-cuneo\/per-le-persone\/salute\/\"]}]},{\"@type\":\"ImageObject\",\"inLanguage\":\"it-IT\",\"@id\":\"https:\/\/www.diocesicuneofossano.it\/old\/caritas-cuneo\/per-le-persone\/salute\/#primaryimage\",\"url\":\"https:\/\/www.diocesicuneofossano.it\/wp-content\/uploads\/sites\/2\/2021\/10\/salute-150x150.jpg\",\"contentUrl\":\"https:\/\/www.diocesicuneofossano.it\/wp-content\/uploads\/sites\/2\/2021\/10\/salute-150x150.jpg\"},{\"@type\":\"BreadcrumbList\",\"@id\":\"https:\/\/www.diocesicuneofossano.it\/old\/caritas-cuneo\/per-le-persone\/salute\/#breadcrumb\",\"itemListElement\":[{\"@type\":\"ListItem\",\"position\":1,\"name\":\"Home\",\"item\":\"https:\/\/www.diocesicuneofossano.it\/old\/\"},{\"@type\":\"ListItem\",\"position\":2,\"name\":\"Caritas Cuneo\",\"item\":\"https:\/\/www.diocesicuneofossano.it\/old\/caritas-cuneo\/\"},{\"@type\":\"ListItem\",\"position\":3,\"name\":\"Per le persone\",\"item\":\"https:\/\/www.diocesicuneofossano.it\/old\/caritas-cuneo\/per-le-persone\/\"},{\"@type\":\"ListItem\",\"position\":4,\"name\":\"Salute\"}]},{\"@type\":\"WebSite\",\"@id\":\"https:\/\/www.diocesicuneofossano.it\/old\/#website\",\"url\":\"https:\/\/www.diocesicuneofossano.it\/old\/\",\"name\":\"OLD - Diocesi di Cuneo e di Fossano\",\"description\":\"\",\"potentialAction\":[{\"@type\":\"SearchAction\",\"target\":{\"@type\":\"EntryPoint\",\"urlTemplate\":\"https:\/\/www.diocesicuneofossano.it\/old\/?s={search_term_string}\"},\"query-input\":{\"@type\":\"PropertyValueSpecification\",\"valueRequired\":true,\"valueName\":\"search_term_string\"}}],\"inLanguage\":\"it-IT\"}]}<\/script>\n<!-- \/ Yoast SEO plugin. -->","yoast_head_json":{"title":"Salute - OLD - Diocesi di Cuneo e di Fossano","robots":{"index":"noindex","follow":"follow","max-snippet":"max-snippet:-1","max-image-preview":"max-image-preview:large","max-video-preview":"max-video-preview:-1"},"og_locale":"it_IT","og_type":"article","og_title":"Salute - OLD - Diocesi di Cuneo e di Fossano","og_description":"Ambulatorio medico e dentistico\u00a0 L\u2019Ambulatorio medico \u00e8 nato nel 2005, nei locali dell\u2019Istituto S. Tomaso dei Padri Gesuiti. L\u2019ambulatorio dentistico invece nasce nel 2006 in seno all\u2019ambulatorio medico per volere dell\u2019Associazione Orizzonti di pace.\u00a0 Obiettivo di fondo di questo servizio \u00e8 quello di garantire a tutti la tutela della propria salute e cure odontoiatriche gratuite. L\u2019ambulatorio medico della Caritas, infatti si rivolge a coloro che &hellip; Continua a leggere Salute &raquo;","og_url":"https:\/\/www.diocesicuneofossano.it\/old\/caritas-cuneo\/per-le-persone\/salute\/","og_site_name":"OLD - Diocesi di Cuneo e di Fossano","article_modified_time":"2021-10-14T08:51:23+00:00","og_image":[{"url":"https:\/\/www.diocesicuneofossano.it\/wp-content\/uploads\/sites\/2\/2021\/10\/salute-150x150.jpg","type":"","width":"","height":""}],"twitter_card":"summary_large_image","twitter_misc":{"Tempo di lettura stimato":"1 minuto"},"schema":{"@context":"https:\/\/schema.org","@graph":[{"@type":"WebPage","@id":"https:\/\/www.diocesicuneofossano.it\/old\/caritas-cuneo\/per-le-persone\/salute\/","url":"https:\/\/www.diocesicuneofossano.it\/old\/caritas-cuneo\/per-le-persone\/salute\/","name":"Salute - OLD - Diocesi di Cuneo e di Fossano","isPartOf":{"@id":"https:\/\/www.diocesicuneofossano.it\/old\/#website"},"primaryImageOfPage":{"@id":"https:\/\/www.diocesicuneofossano.it\/old\/caritas-cuneo\/per-le-persone\/salute\/#primaryimage"},"image":{"@id":"https:\/\/www.diocesicuneofossano.it\/old\/caritas-cuneo\/per-le-persone\/salute\/#primaryimage"},"thumbnailUrl":"https:\/\/www.diocesicuneofossano.it\/wp-content\/uploads\/sites\/2\/2021\/10\/salute-150x150.jpg","datePublished":"2021-10-13T08:24:52+00:00","dateModified":"2021-10-14T08:51:23+00:00","breadcrumb":{"@id":"https:\/\/www.diocesicuneofossano.it\/old\/caritas-cuneo\/per-le-persone\/salute\/#breadcrumb"},"inLanguage":"it-IT","potentialAction":[{"@type":"ReadAction","target":["https:\/\/www.diocesicuneofossano.it\/old\/caritas-cuneo\/per-le-persone\/salute\/"]}]},{"@type":"ImageObject","inLanguage":"it-IT","@id":"https:\/\/www.diocesicuneofossano.it\/old\/caritas-cuneo\/per-le-persone\/salute\/#primaryimage","url":"https:\/\/www.diocesicuneofossano.it\/wp-content\/uploads\/sites\/2\/2021\/10\/salute-150x150.jpg","contentUrl":"https:\/\/www.diocesicuneofossano.it\/wp-content\/uploads\/sites\/2\/2021\/10\/salute-150x150.jpg"},{"@type":"BreadcrumbList","@id":"https:\/\/www.diocesicuneofossano.it\/old\/caritas-cuneo\/per-le-persone\/salute\/#breadcrumb","itemListElement":[{"@type":"ListItem","position":1,"name":"Home","item":"https:\/\/www.diocesicuneofossano.it\/old\/"},{"@type":"ListItem","position":2,"name":"Caritas Cuneo","item":"https:\/\/www.diocesicuneofossano.it\/old\/caritas-cuneo\/"},{"@type":"ListItem","position":3,"name":"Per le persone","item":"https:\/\/www.diocesicuneofossano.it\/old\/caritas-cuneo\/per-le-persone\/"},{"@type":"ListItem","position":4,"name":"Salute"}]},{"@type":"WebSite","@id":"https:\/\/www.diocesicuneofossano.it\/old\/#website","url":"https:\/\/www.diocesicuneofossano.it\/old\/","name":"OLD - Diocesi di Cuneo e di Fossano","description":"","potentialAction":[{"@type":"SearchAction","target":{"@type":"EntryPoint","urlTemplate":"https:\/\/www.diocesicuneofossano.it\/old\/?s={search_term_string}"},"query-input":{"@type":"PropertyValueSpecification","valueRequired":true,"valueName":"search_term_string"}}],"inLanguage":"it-IT"}]}},"_links":{"self":[{"href":"https:\/\/www.diocesicuneofossano.it\/old\/wp-json\/wp\/v2\/pages\/1614704100"}],"collection":[{"href":"https:\/\/www.diocesicuneofossano.it\/old\/wp-json\/wp\/v2\/pages"}],"about":[{"href":"https:\/\/www.diocesicuneofossano.it\/old\/wp-json\/wp\/v2\/types\/page"}],"author":[{"embeddable":true,"href":"https:\/\/www.diocesicuneofossano.it\/old\/wp-json\/wp\/v2\/users\/8"}],"replies":[{"embeddable":true,"href":"https:\/\/www.diocesicuneofossano.it\/old\/wp-json\/wp\/v2\/comments?post=1614704100"}],"version-history":[{"count":4,"href":"https:\/\/www.diocesicuneofossano.it\/old\/wp-json\/wp\/v2\/pages\/1614704100\/revisions"}],"predecessor-version":[{"id":1614704173,"href":"https:\/\/www.diocesicuneofossano.it\/old\/wp-json\/wp\/v2\/pages\/1614704100\/revisions\/1614704173"}],"up":[{"embeddable":true,"href":"https:\/\/www.diocesicuneofossano.it\/old\/wp-json\/wp\/v2\/pages\/1614704086"}],"wp:attachment":[{"href":"https:\/\/www.diocesicuneofossano.it\/old\/wp-json\/wp\/v2\/media?parent=1614704100"}],"curies":[{"name":"wp","href":"https:\/\/api.w.org\/{rel}","templated":true}]}}