{"id":1614704091,"date":"2021-10-13T10:19:47","date_gmt":"2021-10-13T08:19:47","guid":{"rendered":"https:\/\/www.diocesicuneofossano.it\/?page_id=1614704091"},"modified":"2021-10-14T10:41:23","modified_gmt":"2021-10-14T08:41:23","slug":"cibo","status":"publish","type":"page","link":"https:\/\/www.diocesicuneofossano.it\/old\/caritas-cuneo\/per-le-persone\/cibo\/","title":{"rendered":"Cibo"},"content":{"rendered":"<div id=\"pl-1614704091\"  class=\"panel-layout\" ><div id=\"pg-1614704091-0\"  class=\"panel-grid panel-no-style\" ><div id=\"pgc-1614704091-0-0\"  class=\"panel-grid-cell\" ><div id=\"panel-1614704091-0-0-0\" class=\"so-panel widget widget_siteorigin-panels-post-content panel-first-child\" data-index=\"0\" ><h1 class=\"entry-title\">Cibo<\/h1><\/div><div id=\"panel-1614704091-0-0-1\" class=\"so-panel widget widget_sow-editor\" data-index=\"1\" ><div\n\t\t\t\n\t\t\tclass=\"so-widget-sow-editor so-widget-sow-editor-base\"\n\t\t\t\n\t\t>\n<div class=\"siteorigin-widget-tinymce textwidget\">\n\t<h4><strong><a href=\"https:\/\/www.diocesicuneofossano.it\/wp-content\/uploads\/sites\/2\/2021\/10\/cibo.jpg\"><img loading=\"lazy\" decoding=\"async\" class=\"size-thumbnail wp-image-1614704093 alignleft\" src=\"https:\/\/www.diocesicuneofossano.it\/wp-content\/uploads\/sites\/2\/2021\/10\/cibo-150x150.jpg\" alt=\"\" width=\"150\" height=\"150\" srcset=\"https:\/\/www.diocesicuneofossano.it\/old\/wp-content\/uploads\/sites\/2\/2021\/10\/cibo-150x150.jpg 150w, https:\/\/www.diocesicuneofossano.it\/old\/wp-content\/uploads\/sites\/2\/2021\/10\/cibo.jpg 225w\" sizes=\"(max-width: 150px) 100vw, 150px\" \/><\/a>Mensa di soccorso presso il Centro Servizi Caritativi Claudio Massa<\/strong><\/h4>\n<p><span class=\"fontstyle0\">La prima \u201cmensa di soccorso\u201d nasce nel 2005 in alcuni locali di propriet\u00e0 dei Tomasini a cui si accedeva da Corso Dante.<br \/>\nNel 2013 la mensa, grazie a una serie di finanziamenti, viene trasferita nei locali del Centro Claudio Massa di Via Massimo d\u2019Azeglio. Ad oggi la mensa si avvale del lavoro di oltre 80 volontari: i pasti vengono forniti a pranzo dalla cooperativa Markas, grazie a una convenzione con il Comune di Cuneo, mentre la cena \u00e8 offerta ogni sera dalla AMOS (Societ\u00e0 di servizi degli Ospedali di Cuneo e Fossano) utilizzando il sovrappi\u00f9 della mensa dei dipendenti dell\u2019ospedale di Cuneo.<br \/>\nNegli ultimi mesi \u00e8 aumentato il numero di accessi giornalieri per cui Caritas \u00e8 intervenuta con risorse proprie per garantire il servizio giornaliero e in modalit\u00e0 take way. Ci\u00f2 che si cerca di dare alle persone alla mensa Caritas non \u00e8 solo un pasto caldo ma anche un ambiente accogliente ed un trattamento caloroso.<\/span><\/p>\n<h4><strong>Sostegno alimentare sul territorio<\/strong><\/h4>\n<p>Sul territorio della Diocesi di Cuneo sono presenti diverse Caritas Parrocchiali che provvedono a distribuire pacchi viveri alle persone bisognose che vivono nel proprio territorio. Gli alimenti distribuiti provengono da donazioni, acquisti fatti con risorse proprie o ritiri da supermercati di prodotti prossimi alla scadenza.<br \/>\nOgni Caritas territoriale opera in questo servizio con le risorse, economiche e umane, di cui dispone. Per cercare di ottimizzare l\u2019attivit\u00e0 e rispondere alle necessit\u00e0 della propria comunit\u00e0, ogni gruppo accompagna la risposta al bisogno soltanto delle persone che vivono nel proprio territorio di competenza, onde evitare sovrapposizioni di interventi con altri gruppi.<\/p>\n<p><strong>Per conoscere se esiste una Caritas nel tuo territorio che distribuisce viveri<\/strong>, contatta gli uffici di Caritas Diocesana di Cuneo: tel. 0171 605151 oppure invia una mail a infocaritas@operediocesicuneo.it<\/p>\n<\/div>\n<\/div><\/div><div id=\"panel-1614704091-0-0-2\" class=\"widget_text so-panel widget widget_custom_html panel-last-child\" data-index=\"2\" ><div class=\"textwidget custom-html-widget\"><iframe loading=\"lazy\" width=\"850\" height=\"700\" frameborder=\"0\" src=\"https:\/\/www.openstreetmap.org\/export\/embed.html?bbox=7.544697225093842%2C44.38491651759707%2C7.54876345396042%2C44.386833345247695&amp;layer=mapnik&amp;marker=44.38587493926826%2C7.54673033952713\" style=\"border: 1px solid black\"><\/iframe><br \/><small><a href=\"https:\/\/www.openstreetmap.org\/?mlat=44.38587&amp;mlon=7.54673#map=19\/44.38587\/7.54673\">Mensa Caritas Claudio Massa, via Massimo d'Azeglio 16, 12100 Cuneo<\/a><\/small><\/div><\/div><\/div><\/div><\/div>","protected":false},"excerpt":{"rendered":"<p>Mensa di soccorso presso il Centro Servizi Caritativi Claudio Massa La prima \u201cmensa di soccorso\u201d nasce nel 2005 in alcuni locali di propriet\u00e0 dei Tomasini a cui si accedeva da Corso Dante. Nel 2013 la mensa, grazie a una serie di finanziamenti, viene trasferita nei locali del Centro Claudio Massa di Via Massimo d\u2019Azeglio. Ad oggi la mensa si avvale del lavoro di oltre 80 &hellip; <a href=\"https:\/\/www.diocesicuneofossano.it\/old\/caritas-cuneo\/per-le-persone\/cibo\/\" class=\"more-link\">Continua a leggere <span class=\"screen-reader-text\">Cibo<\/span> <span class=\"meta-nav\">&raquo;<\/span><\/a><\/p>\n","protected":false},"author":8,"featured_media":0,"parent":1614704086,"menu_order":0,"comment_status":"closed","ping_status":"closed","template":"","meta":{"_acf_changed":false,"footnotes":""},"class_list":["post-1614704091","page","type-page","status-publish","hentry"],"acf":[],"yoast_head":"<!-- This site is optimized with the Yoast SEO plugin v25.3 - https:\/\/yoast.com\/wordpress\/plugins\/seo\/ -->\n<title>Cibo - OLD - Diocesi di Cuneo e di Fossano<\/title>\n<meta name=\"robots\" content=\"noindex, follow, max-snippet:-1, max-image-preview:large, max-video-preview:-1\" \/>\n<meta property=\"og:locale\" content=\"it_IT\" \/>\n<meta property=\"og:type\" content=\"article\" \/>\n<meta property=\"og:title\" content=\"Cibo - OLD - Diocesi di Cuneo e di Fossano\" \/>\n<meta property=\"og:description\" content=\"Mensa di soccorso presso il Centro Servizi Caritativi Claudio Massa La prima \u201cmensa di soccorso\u201d nasce nel 2005 in alcuni locali di propriet\u00e0 dei Tomasini a cui si accedeva da Corso Dante. Nel 2013 la mensa, grazie a una serie di finanziamenti, viene trasferita nei locali del Centro Claudio Massa di Via Massimo d\u2019Azeglio. Ad oggi la mensa si avvale del lavoro di oltre 80 &hellip; Continua a leggere Cibo &raquo;\" \/>\n<meta property=\"og:url\" content=\"https:\/\/www.diocesicuneofossano.it\/old\/caritas-cuneo\/per-le-persone\/cibo\/\" \/>\n<meta property=\"og:site_name\" content=\"OLD - Diocesi di Cuneo e di Fossano\" \/>\n<meta property=\"article:modified_time\" content=\"2021-10-14T08:41:23+00:00\" \/>\n<meta property=\"og:image\" content=\"https:\/\/www.diocesicuneofossano.it\/wp-content\/uploads\/sites\/2\/2021\/10\/cibo-150x150.jpg\" \/>\n<meta name=\"twitter:card\" content=\"summary_large_image\" \/>\n<meta name=\"twitter:label1\" content=\"Tempo di lettura stimato\" \/>\n\t<meta name=\"twitter:data1\" content=\"2 minuti\" \/>\n<script type=\"application\/ld+json\" class=\"yoast-schema-graph\">{\"@context\":\"https:\/\/schema.org\",\"@graph\":[{\"@type\":\"WebPage\",\"@id\":\"https:\/\/www.diocesicuneofossano.it\/old\/caritas-cuneo\/per-le-persone\/cibo\/\",\"url\":\"https:\/\/www.diocesicuneofossano.it\/old\/caritas-cuneo\/per-le-persone\/cibo\/\",\"name\":\"Cibo - OLD - Diocesi di Cuneo e di Fossano\",\"isPartOf\":{\"@id\":\"https:\/\/www.diocesicuneofossano.it\/old\/#website\"},\"primaryImageOfPage\":{\"@id\":\"https:\/\/www.diocesicuneofossano.it\/old\/caritas-cuneo\/per-le-persone\/cibo\/#primaryimage\"},\"image\":{\"@id\":\"https:\/\/www.diocesicuneofossano.it\/old\/caritas-cuneo\/per-le-persone\/cibo\/#primaryimage\"},\"thumbnailUrl\":\"https:\/\/www.diocesicuneofossano.it\/wp-content\/uploads\/sites\/2\/2021\/10\/cibo-150x150.jpg\",\"datePublished\":\"2021-10-13T08:19:47+00:00\",\"dateModified\":\"2021-10-14T08:41:23+00:00\",\"breadcrumb\":{\"@id\":\"https:\/\/www.diocesicuneofossano.it\/old\/caritas-cuneo\/per-le-persone\/cibo\/#breadcrumb\"},\"inLanguage\":\"it-IT\",\"potentialAction\":[{\"@type\":\"ReadAction\",\"target\":[\"https:\/\/www.diocesicuneofossano.it\/old\/caritas-cuneo\/per-le-persone\/cibo\/\"]}]},{\"@type\":\"ImageObject\",\"inLanguage\":\"it-IT\",\"@id\":\"https:\/\/www.diocesicuneofossano.it\/old\/caritas-cuneo\/per-le-persone\/cibo\/#primaryimage\",\"url\":\"https:\/\/www.diocesicuneofossano.it\/wp-content\/uploads\/sites\/2\/2021\/10\/cibo-150x150.jpg\",\"contentUrl\":\"https:\/\/www.diocesicuneofossano.it\/wp-content\/uploads\/sites\/2\/2021\/10\/cibo-150x150.jpg\"},{\"@type\":\"BreadcrumbList\",\"@id\":\"https:\/\/www.diocesicuneofossano.it\/old\/caritas-cuneo\/per-le-persone\/cibo\/#breadcrumb\",\"itemListElement\":[{\"@type\":\"ListItem\",\"position\":1,\"name\":\"Home\",\"item\":\"https:\/\/www.diocesicuneofossano.it\/old\/\"},{\"@type\":\"ListItem\",\"position\":2,\"name\":\"Caritas Cuneo\",\"item\":\"https:\/\/www.diocesicuneofossano.it\/old\/caritas-cuneo\/\"},{\"@type\":\"ListItem\",\"position\":3,\"name\":\"Per le persone\",\"item\":\"https:\/\/www.diocesicuneofossano.it\/old\/caritas-cuneo\/per-le-persone\/\"},{\"@type\":\"ListItem\",\"position\":4,\"name\":\"Cibo\"}]},{\"@type\":\"WebSite\",\"@id\":\"https:\/\/www.diocesicuneofossano.it\/old\/#website\",\"url\":\"https:\/\/www.diocesicuneofossano.it\/old\/\",\"name\":\"OLD - Diocesi di Cuneo e di Fossano\",\"description\":\"\",\"potentialAction\":[{\"@type\":\"SearchAction\",\"target\":{\"@type\":\"EntryPoint\",\"urlTemplate\":\"https:\/\/www.diocesicuneofossano.it\/old\/?s={search_term_string}\"},\"query-input\":{\"@type\":\"PropertyValueSpecification\",\"valueRequired\":true,\"valueName\":\"search_term_string\"}}],\"inLanguage\":\"it-IT\"}]}<\/script>\n<!-- \/ Yoast SEO plugin. -->","yoast_head_json":{"title":"Cibo - OLD - Diocesi di Cuneo e di Fossano","robots":{"index":"noindex","follow":"follow","max-snippet":"max-snippet:-1","max-image-preview":"max-image-preview:large","max-video-preview":"max-video-preview:-1"},"og_locale":"it_IT","og_type":"article","og_title":"Cibo - OLD - Diocesi di Cuneo e di Fossano","og_description":"Mensa di soccorso presso il Centro Servizi Caritativi Claudio Massa La prima \u201cmensa di soccorso\u201d nasce nel 2005 in alcuni locali di propriet\u00e0 dei Tomasini a cui si accedeva da Corso Dante. Nel 2013 la mensa, grazie a una serie di finanziamenti, viene trasferita nei locali del Centro Claudio Massa di Via Massimo d\u2019Azeglio. Ad oggi la mensa si avvale del lavoro di oltre 80 &hellip; Continua a leggere Cibo &raquo;","og_url":"https:\/\/www.diocesicuneofossano.it\/old\/caritas-cuneo\/per-le-persone\/cibo\/","og_site_name":"OLD - Diocesi di Cuneo e di Fossano","article_modified_time":"2021-10-14T08:41:23+00:00","og_image":[{"url":"https:\/\/www.diocesicuneofossano.it\/wp-content\/uploads\/sites\/2\/2021\/10\/cibo-150x150.jpg","type":"","width":"","height":""}],"twitter_card":"summary_large_image","twitter_misc":{"Tempo di lettura stimato":"2 minuti"},"schema":{"@context":"https:\/\/schema.org","@graph":[{"@type":"WebPage","@id":"https:\/\/www.diocesicuneofossano.it\/old\/caritas-cuneo\/per-le-persone\/cibo\/","url":"https:\/\/www.diocesicuneofossano.it\/old\/caritas-cuneo\/per-le-persone\/cibo\/","name":"Cibo - OLD - Diocesi di Cuneo e di Fossano","isPartOf":{"@id":"https:\/\/www.diocesicuneofossano.it\/old\/#website"},"primaryImageOfPage":{"@id":"https:\/\/www.diocesicuneofossano.it\/old\/caritas-cuneo\/per-le-persone\/cibo\/#primaryimage"},"image":{"@id":"https:\/\/www.diocesicuneofossano.it\/old\/caritas-cuneo\/per-le-persone\/cibo\/#primaryimage"},"thumbnailUrl":"https:\/\/www.diocesicuneofossano.it\/wp-content\/uploads\/sites\/2\/2021\/10\/cibo-150x150.jpg","datePublished":"2021-10-13T08:19:47+00:00","dateModified":"2021-10-14T08:41:23+00:00","breadcrumb":{"@id":"https:\/\/www.diocesicuneofossano.it\/old\/caritas-cuneo\/per-le-persone\/cibo\/#breadcrumb"},"inLanguage":"it-IT","potentialAction":[{"@type":"ReadAction","target":["https:\/\/www.diocesicuneofossano.it\/old\/caritas-cuneo\/per-le-persone\/cibo\/"]}]},{"@type":"ImageObject","inLanguage":"it-IT","@id":"https:\/\/www.diocesicuneofossano.it\/old\/caritas-cuneo\/per-le-persone\/cibo\/#primaryimage","url":"https:\/\/www.diocesicuneofossano.it\/wp-content\/uploads\/sites\/2\/2021\/10\/cibo-150x150.jpg","contentUrl":"https:\/\/www.diocesicuneofossano.it\/wp-content\/uploads\/sites\/2\/2021\/10\/cibo-150x150.jpg"},{"@type":"BreadcrumbList","@id":"https:\/\/www.diocesicuneofossano.it\/old\/caritas-cuneo\/per-le-persone\/cibo\/#breadcrumb","itemListElement":[{"@type":"ListItem","position":1,"name":"Home","item":"https:\/\/www.diocesicuneofossano.it\/old\/"},{"@type":"ListItem","position":2,"name":"Caritas Cuneo","item":"https:\/\/www.diocesicuneofossano.it\/old\/caritas-cuneo\/"},{"@type":"ListItem","position":3,"name":"Per le persone","item":"https:\/\/www.diocesicuneofossano.it\/old\/caritas-cuneo\/per-le-persone\/"},{"@type":"ListItem","position":4,"name":"Cibo"}]},{"@type":"WebSite","@id":"https:\/\/www.diocesicuneofossano.it\/old\/#website","url":"https:\/\/www.diocesicuneofossano.it\/old\/","name":"OLD - Diocesi di Cuneo e di Fossano","description":"","potentialAction":[{"@type":"SearchAction","target":{"@type":"EntryPoint","urlTemplate":"https:\/\/www.diocesicuneofossano.it\/old\/?s={search_term_string}"},"query-input":{"@type":"PropertyValueSpecification","valueRequired":true,"valueName":"search_term_string"}}],"inLanguage":"it-IT"}]}},"_links":{"self":[{"href":"https:\/\/www.diocesicuneofossano.it\/old\/wp-json\/wp\/v2\/pages\/1614704091"}],"collection":[{"href":"https:\/\/www.diocesicuneofossano.it\/old\/wp-json\/wp\/v2\/pages"}],"about":[{"href":"https:\/\/www.diocesicuneofossano.it\/old\/wp-json\/wp\/v2\/types\/page"}],"author":[{"embeddable":true,"href":"https:\/\/www.diocesicuneofossano.it\/old\/wp-json\/wp\/v2\/users\/8"}],"replies":[{"embeddable":true,"href":"https:\/\/www.diocesicuneofossano.it\/old\/wp-json\/wp\/v2\/comments?post=1614704091"}],"version-history":[{"count":4,"href":"https:\/\/www.diocesicuneofossano.it\/old\/wp-json\/wp\/v2\/pages\/1614704091\/revisions"}],"predecessor-version":[{"id":1614704172,"href":"https:\/\/www.diocesicuneofossano.it\/old\/wp-json\/wp\/v2\/pages\/1614704091\/revisions\/1614704172"}],"up":[{"embeddable":true,"href":"https:\/\/www.diocesicuneofossano.it\/old\/wp-json\/wp\/v2\/pages\/1614704086"}],"wp:attachment":[{"href":"https:\/\/www.diocesicuneofossano.it\/old\/wp-json\/wp\/v2\/media?parent=1614704091"}],"curies":[{"name":"wp","href":"https:\/\/api.w.org\/{rel}","templated":true}]}}