{"id":1614704070,"date":"2021-10-13T08:53:58","date_gmt":"2021-10-13T06:53:58","guid":{"rendered":"https:\/\/www.diocesicuneofossano.it\/?page_id=1614704070"},"modified":"2021-10-13T17:18:16","modified_gmt":"2021-10-13T15:18:16","slug":"identita-e-storia","status":"publish","type":"page","link":"https:\/\/www.diocesicuneofossano.it\/old\/caritas-cuneo\/identita-e-storia\/","title":{"rendered":"Identit\u00e0 e Storia"},"content":{"rendered":"<div id=\"pl-1614704070\"  class=\"panel-layout\" ><div id=\"pg-1614704070-0\"  class=\"panel-grid panel-no-style\" ><div id=\"pgc-1614704070-0-0\"  class=\"panel-grid-cell\" ><div id=\"panel-1614704070-0-0-0\" class=\"so-panel widget widget_siteorigin-panels-post-content panel-first-child\" data-index=\"0\" ><h1 class=\"entry-title\">Identit\u00e0 e Storia<\/h1><\/div><div id=\"panel-1614704070-0-0-1\" class=\"so-panel widget widget_sow-editor panel-last-child\" data-index=\"1\" ><div\n\t\t\t\n\t\t\tclass=\"so-widget-sow-editor so-widget-sow-editor-base\"\n\t\t\t\n\t\t>\n<div class=\"siteorigin-widget-tinymce textwidget\">\n\t<p>La storia della Caritas Diocesana di Cuneo inizia a met\u00e0 degli anni 70: il primo direttore nominato \u00e8 don Aldo Benevelli: il suo orientamento \u00e8 caratterizzato dal \u201cPensare ecclesialmente la carit\u00e0\u201d e in questo suo cammino \u00e8 accompagnato dal vicedirettore don Eraldo Ferrero, che ha in particolare sviluppato l\u2019ambito del Servizio civile degli obiettori di coscienza, l\u2019anno di volontariato sociale e la promozione delle Caritas parrocchiali.<br \/>\nL\u2019impronta e il carisma profuso da Don Aldo infatti accompagneranno per tutti gli anni \u201980 la Caritas Diocesana con la nascita e il consolidamento delle prime Caritas parrocchiali.<\/p>\n<p>Bisogna attendere il 1996 quando a don Aldo subentra don Marco Riba e con lui il vicedirettore Claudio Massa, luminosa figura che ha fortemente contrassegnato il cammino della Chiesa locale e della Caritas diocesana. Sono anni caratterizzati da un forte impegno civile e comunitario in cui si rafforza l\u2019importanza delle Caritas parrocchiali e la promozione di nuovi servizi (opere segno) per far trasparire la dimensione caritativa della comunit\u00e0 cristiana nel suo insieme.<\/p>\n<p>Nel 2008 avviene un nuovo cambio della direzione. A don Marco Riba subentra per la prima volta un laico, gi\u00e0 responsabile del Centro di Ascolto e vicedirettore esecutivo dal 2006, Claudio<br \/>\nMezzavilla. Sono anni in cui le nuove forme di povert\u00e0 crescono, la crisi economico-finanziaria ha ricadute drammatiche sulle famiglie e sulle politiche sociali. La Caritas diviene, anche grazie<br \/>\nad una sua riorganizzazione interna, un soggetto sempre pi\u00f9 credibile e sussidiario alle<br \/>\nproblematiche del territorio. Cresce il dialogo e il lavoro quotidiano con i vari attori del<br \/>\npubblico e privato sociale, che permettono alla Caritas di far parte di una rete strutturata<br \/>\ne di partecipare attivamente a diversi tavoli di lavoro sul territorio. L\u2019arrivo dell\u2019assistente<br \/>\necclesiastico don Flavio Luciano prima, e successivamente del primo Vicedirettore donna, Sara Marchisio, per anni Responsabile della formazione dei volontari in Caritas, fa crescere la posizione di Caritas Diocesana quale attore autorevole nel sistema dei servizi rivolti a persone in difficolt\u00e0.<\/p>\n<p>Nel 2018, a seguito della riorganizzazione della Diocesi di Cuneo, Caritas Diocesana verr\u00e0 inglobata all\u2019interno di Fondazione Opere Diocesane e a questo seguir\u00e0 un cambio di gestione organizzativa che ha portato nel 2020 alla nomina del nuovo Direttore Enrico Manassero.<\/p>\n<\/div>\n<\/div><\/div><\/div><\/div><\/div>","protected":false},"excerpt":{"rendered":"<p>La storia della Caritas Diocesana di Cuneo inizia a met\u00e0 degli anni 70: il primo direttore nominato \u00e8 don Aldo Benevelli: il suo orientamento \u00e8 caratterizzato dal \u201cPensare ecclesialmente la carit\u00e0\u201d e in questo suo cammino \u00e8 accompagnato dal vicedirettore don Eraldo Ferrero, che ha in particolare sviluppato l\u2019ambito del Servizio civile degli obiettori di coscienza, l\u2019anno di volontariato sociale e la promozione delle Caritas &hellip; <a href=\"https:\/\/www.diocesicuneofossano.it\/old\/caritas-cuneo\/identita-e-storia\/\" class=\"more-link\">Continua a leggere <span class=\"screen-reader-text\">Identit\u00e0 e Storia<\/span> <span class=\"meta-nav\">&raquo;<\/span><\/a><\/p>\n","protected":false},"author":8,"featured_media":1614704069,"parent":1614704067,"menu_order":0,"comment_status":"closed","ping_status":"closed","template":"","meta":{"_acf_changed":false,"footnotes":""},"class_list":["post-1614704070","page","type-page","status-publish","has-post-thumbnail","hentry"],"acf":[],"yoast_head":"<!-- This site is optimized with the Yoast SEO plugin v25.3 - https:\/\/yoast.com\/wordpress\/plugins\/seo\/ -->\n<title>Identit\u00e0 e Storia - OLD - Diocesi di Cuneo e di Fossano<\/title>\n<meta name=\"robots\" content=\"noindex, follow, max-snippet:-1, max-image-preview:large, max-video-preview:-1\" \/>\n<meta property=\"og:locale\" content=\"it_IT\" \/>\n<meta property=\"og:type\" content=\"article\" \/>\n<meta property=\"og:title\" content=\"Identit\u00e0 e Storia - OLD - Diocesi di Cuneo e di Fossano\" \/>\n<meta property=\"og:description\" content=\"La storia della Caritas Diocesana di Cuneo inizia a met\u00e0 degli anni 70: il primo direttore nominato \u00e8 don Aldo Benevelli: il suo orientamento \u00e8 caratterizzato dal \u201cPensare ecclesialmente la carit\u00e0\u201d e in questo suo cammino \u00e8 accompagnato dal vicedirettore don Eraldo Ferrero, che ha in particolare sviluppato l\u2019ambito del Servizio civile degli obiettori di coscienza, l\u2019anno di volontariato sociale e la promozione delle Caritas &hellip; Continua a leggere Identit\u00e0 e Storia &raquo;\" \/>\n<meta property=\"og:url\" content=\"https:\/\/www.diocesicuneofossano.it\/old\/caritas-cuneo\/identita-e-storia\/\" \/>\n<meta property=\"og:site_name\" content=\"OLD - Diocesi di Cuneo e di Fossano\" \/>\n<meta property=\"article:modified_time\" content=\"2021-10-13T15:18:16+00:00\" \/>\n<meta property=\"og:image\" content=\"https:\/\/www.diocesicuneofossano.it\/old\/wp-content\/uploads\/sites\/2\/2021\/10\/DSCF0001.jpg\" \/>\n\t<meta property=\"og:image:width\" content=\"1280\" \/>\n\t<meta property=\"og:image:height\" content=\"960\" \/>\n\t<meta property=\"og:image:type\" content=\"image\/jpeg\" \/>\n<meta name=\"twitter:card\" content=\"summary_large_image\" \/>\n<meta name=\"twitter:label1\" content=\"Tempo di lettura stimato\" \/>\n\t<meta name=\"twitter:data1\" content=\"2 minuti\" \/>\n<script type=\"application\/ld+json\" class=\"yoast-schema-graph\">{\"@context\":\"https:\/\/schema.org\",\"@graph\":[{\"@type\":\"WebPage\",\"@id\":\"https:\/\/www.diocesicuneofossano.it\/old\/caritas-cuneo\/identita-e-storia\/\",\"url\":\"https:\/\/www.diocesicuneofossano.it\/old\/caritas-cuneo\/identita-e-storia\/\",\"name\":\"Identit\u00e0 e Storia - OLD - Diocesi di Cuneo e di Fossano\",\"isPartOf\":{\"@id\":\"https:\/\/www.diocesicuneofossano.it\/old\/#website\"},\"primaryImageOfPage\":{\"@id\":\"https:\/\/www.diocesicuneofossano.it\/old\/caritas-cuneo\/identita-e-storia\/#primaryimage\"},\"image\":{\"@id\":\"https:\/\/www.diocesicuneofossano.it\/old\/caritas-cuneo\/identita-e-storia\/#primaryimage\"},\"thumbnailUrl\":\"https:\/\/www.diocesicuneofossano.it\/old\/wp-content\/uploads\/sites\/2\/2021\/10\/DSCF0001.jpg\",\"datePublished\":\"2021-10-13T06:53:58+00:00\",\"dateModified\":\"2021-10-13T15:18:16+00:00\",\"breadcrumb\":{\"@id\":\"https:\/\/www.diocesicuneofossano.it\/old\/caritas-cuneo\/identita-e-storia\/#breadcrumb\"},\"inLanguage\":\"it-IT\",\"potentialAction\":[{\"@type\":\"ReadAction\",\"target\":[\"https:\/\/www.diocesicuneofossano.it\/old\/caritas-cuneo\/identita-e-storia\/\"]}]},{\"@type\":\"ImageObject\",\"inLanguage\":\"it-IT\",\"@id\":\"https:\/\/www.diocesicuneofossano.it\/old\/caritas-cuneo\/identita-e-storia\/#primaryimage\",\"url\":\"https:\/\/www.diocesicuneofossano.it\/old\/wp-content\/uploads\/sites\/2\/2021\/10\/DSCF0001.jpg\",\"contentUrl\":\"https:\/\/www.diocesicuneofossano.it\/old\/wp-content\/uploads\/sites\/2\/2021\/10\/DSCF0001.jpg\",\"width\":1280,\"height\":960},{\"@type\":\"BreadcrumbList\",\"@id\":\"https:\/\/www.diocesicuneofossano.it\/old\/caritas-cuneo\/identita-e-storia\/#breadcrumb\",\"itemListElement\":[{\"@type\":\"ListItem\",\"position\":1,\"name\":\"Home\",\"item\":\"https:\/\/www.diocesicuneofossano.it\/old\/\"},{\"@type\":\"ListItem\",\"position\":2,\"name\":\"Caritas Cuneo\",\"item\":\"https:\/\/www.diocesicuneofossano.it\/old\/caritas-cuneo\/\"},{\"@type\":\"ListItem\",\"position\":3,\"name\":\"Identit\u00e0 e Storia\"}]},{\"@type\":\"WebSite\",\"@id\":\"https:\/\/www.diocesicuneofossano.it\/old\/#website\",\"url\":\"https:\/\/www.diocesicuneofossano.it\/old\/\",\"name\":\"OLD - Diocesi di Cuneo e di Fossano\",\"description\":\"\",\"potentialAction\":[{\"@type\":\"SearchAction\",\"target\":{\"@type\":\"EntryPoint\",\"urlTemplate\":\"https:\/\/www.diocesicuneofossano.it\/old\/?s={search_term_string}\"},\"query-input\":{\"@type\":\"PropertyValueSpecification\",\"valueRequired\":true,\"valueName\":\"search_term_string\"}}],\"inLanguage\":\"it-IT\"}]}<\/script>\n<!-- \/ Yoast SEO plugin. -->","yoast_head_json":{"title":"Identit\u00e0 e Storia - OLD - Diocesi di Cuneo e di Fossano","robots":{"index":"noindex","follow":"follow","max-snippet":"max-snippet:-1","max-image-preview":"max-image-preview:large","max-video-preview":"max-video-preview:-1"},"og_locale":"it_IT","og_type":"article","og_title":"Identit\u00e0 e Storia - OLD - Diocesi di Cuneo e di Fossano","og_description":"La storia della Caritas Diocesana di Cuneo inizia a met\u00e0 degli anni 70: il primo direttore nominato \u00e8 don Aldo Benevelli: il suo orientamento \u00e8 caratterizzato dal \u201cPensare ecclesialmente la carit\u00e0\u201d e in questo suo cammino \u00e8 accompagnato dal vicedirettore don Eraldo Ferrero, che ha in particolare sviluppato l\u2019ambito del Servizio civile degli obiettori di coscienza, l\u2019anno di volontariato sociale e la promozione delle Caritas &hellip; Continua a leggere Identit\u00e0 e Storia &raquo;","og_url":"https:\/\/www.diocesicuneofossano.it\/old\/caritas-cuneo\/identita-e-storia\/","og_site_name":"OLD - Diocesi di Cuneo e di Fossano","article_modified_time":"2021-10-13T15:18:16+00:00","og_image":[{"width":1280,"height":960,"url":"https:\/\/www.diocesicuneofossano.it\/old\/wp-content\/uploads\/sites\/2\/2021\/10\/DSCF0001.jpg","type":"image\/jpeg"}],"twitter_card":"summary_large_image","twitter_misc":{"Tempo di lettura stimato":"2 minuti"},"schema":{"@context":"https:\/\/schema.org","@graph":[{"@type":"WebPage","@id":"https:\/\/www.diocesicuneofossano.it\/old\/caritas-cuneo\/identita-e-storia\/","url":"https:\/\/www.diocesicuneofossano.it\/old\/caritas-cuneo\/identita-e-storia\/","name":"Identit\u00e0 e Storia - OLD - Diocesi di Cuneo e di Fossano","isPartOf":{"@id":"https:\/\/www.diocesicuneofossano.it\/old\/#website"},"primaryImageOfPage":{"@id":"https:\/\/www.diocesicuneofossano.it\/old\/caritas-cuneo\/identita-e-storia\/#primaryimage"},"image":{"@id":"https:\/\/www.diocesicuneofossano.it\/old\/caritas-cuneo\/identita-e-storia\/#primaryimage"},"thumbnailUrl":"https:\/\/www.diocesicuneofossano.it\/old\/wp-content\/uploads\/sites\/2\/2021\/10\/DSCF0001.jpg","datePublished":"2021-10-13T06:53:58+00:00","dateModified":"2021-10-13T15:18:16+00:00","breadcrumb":{"@id":"https:\/\/www.diocesicuneofossano.it\/old\/caritas-cuneo\/identita-e-storia\/#breadcrumb"},"inLanguage":"it-IT","potentialAction":[{"@type":"ReadAction","target":["https:\/\/www.diocesicuneofossano.it\/old\/caritas-cuneo\/identita-e-storia\/"]}]},{"@type":"ImageObject","inLanguage":"it-IT","@id":"https:\/\/www.diocesicuneofossano.it\/old\/caritas-cuneo\/identita-e-storia\/#primaryimage","url":"https:\/\/www.diocesicuneofossano.it\/old\/wp-content\/uploads\/sites\/2\/2021\/10\/DSCF0001.jpg","contentUrl":"https:\/\/www.diocesicuneofossano.it\/old\/wp-content\/uploads\/sites\/2\/2021\/10\/DSCF0001.jpg","width":1280,"height":960},{"@type":"BreadcrumbList","@id":"https:\/\/www.diocesicuneofossano.it\/old\/caritas-cuneo\/identita-e-storia\/#breadcrumb","itemListElement":[{"@type":"ListItem","position":1,"name":"Home","item":"https:\/\/www.diocesicuneofossano.it\/old\/"},{"@type":"ListItem","position":2,"name":"Caritas Cuneo","item":"https:\/\/www.diocesicuneofossano.it\/old\/caritas-cuneo\/"},{"@type":"ListItem","position":3,"name":"Identit\u00e0 e Storia"}]},{"@type":"WebSite","@id":"https:\/\/www.diocesicuneofossano.it\/old\/#website","url":"https:\/\/www.diocesicuneofossano.it\/old\/","name":"OLD - Diocesi di Cuneo e di Fossano","description":"","potentialAction":[{"@type":"SearchAction","target":{"@type":"EntryPoint","urlTemplate":"https:\/\/www.diocesicuneofossano.it\/old\/?s={search_term_string}"},"query-input":{"@type":"PropertyValueSpecification","valueRequired":true,"valueName":"search_term_string"}}],"inLanguage":"it-IT"}]}},"_links":{"self":[{"href":"https:\/\/www.diocesicuneofossano.it\/old\/wp-json\/wp\/v2\/pages\/1614704070"}],"collection":[{"href":"https:\/\/www.diocesicuneofossano.it\/old\/wp-json\/wp\/v2\/pages"}],"about":[{"href":"https:\/\/www.diocesicuneofossano.it\/old\/wp-json\/wp\/v2\/types\/page"}],"author":[{"embeddable":true,"href":"https:\/\/www.diocesicuneofossano.it\/old\/wp-json\/wp\/v2\/users\/8"}],"replies":[{"embeddable":true,"href":"https:\/\/www.diocesicuneofossano.it\/old\/wp-json\/wp\/v2\/comments?post=1614704070"}],"version-history":[{"count":1,"href":"https:\/\/www.diocesicuneofossano.it\/old\/wp-json\/wp\/v2\/pages\/1614704070\/revisions"}],"predecessor-version":[{"id":1614704071,"href":"https:\/\/www.diocesicuneofossano.it\/old\/wp-json\/wp\/v2\/pages\/1614704070\/revisions\/1614704071"}],"up":[{"embeddable":true,"href":"https:\/\/www.diocesicuneofossano.it\/old\/wp-json\/wp\/v2\/pages\/1614704067"}],"wp:featuredmedia":[{"embeddable":true,"href":"https:\/\/www.diocesicuneofossano.it\/old\/wp-json\/wp\/v2\/media\/1614704069"}],"wp:attachment":[{"href":"https:\/\/www.diocesicuneofossano.it\/old\/wp-json\/wp\/v2\/media?parent=1614704070"}],"curies":[{"name":"wp","href":"https:\/\/api.w.org\/{rel}","templated":true}]}}