{"id":1614704033,"date":"2021-10-12T09:44:33","date_gmt":"2021-10-12T07:44:33","guid":{"rendered":"https:\/\/www.diocesicuneofossano.it\/?page_id=1614704033"},"modified":"2022-03-16T15:11:38","modified_gmt":"2022-03-16T14:11:38","slug":"schede-catechesi-adulti-famiglie","status":"publish","type":"page","link":"https:\/\/www.diocesicuneofossano.it\/old\/schede-catechesi-adulti-famiglie\/","title":{"rendered":"Schede catechesi adulti &#8211; famiglie"},"content":{"rendered":"<div id=\"pl-1614704033\"  class=\"panel-layout\" ><div id=\"pg-1614704033-0\"  class=\"panel-grid panel-no-style\" ><div id=\"pgc-1614704033-0-0\"  class=\"panel-grid-cell\" ><div id=\"panel-1614704033-0-0-0\" class=\"so-panel widget widget_siteorigin-panels-post-content panel-first-child\" data-index=\"0\" ><h1 class=\"entry-title\">Schede catechesi adulti - famiglie<\/h1><\/div><div id=\"panel-1614704033-0-0-1\" class=\"so-panel widget widget_sow-editor\" data-index=\"1\" ><div\n\t\t\t\n\t\t\tclass=\"so-widget-sow-editor so-widget-sow-editor-base\"\n\t\t\t\n\t\t>\n<div class=\"siteorigin-widget-tinymce textwidget\">\n\t<p><em>O Dio, vieni a salvarmi!<\/em> \u00c8 l\u2019invocazione con la quale, pi\u00f9 volte al giorno, la Chiesa propone di iniziare la liturgia delle ore. La stessa preghiera dovrebbe ispirare ogni incontro di riflessione in gruppo e cadenzare la vita di ognuno. La fede, per svilupparsi, ha bisogno dell\u2019ascolto della parola di Dio, della ricerca e del confronto. Essa, per\u00f2, \u00e8 un dono del Signore: cresce se \u00e8 alimentata e sostenuta dalla preghiera personale e liturgica, in gruppo e in famiglia.<br \/>\nConosciamo la fatica e la difficolt\u00e0 nel credere e nel testimoniare la nostra fede. Con la forza che viene dall\u2019Alto \u00e8 possibile riprendere il nostro cammino spirituale e avanzare. Ci sostiene la certezza espressa dal Salmista: \u201cIl Signore sta alla mia destra, non potr\u00f2 vacillare\u201d (Sal 16,8).<\/p>\n<\/div>\n<\/div><\/div><div id=\"panel-1614704033-0-0-2\" class=\"so-panel widget widget_ink-blog panel-last-child\" data-index=\"2\" ><div\n\t\t\t\n\t\t\tclass=\"so-widget-ink-blog so-widget-ink-blog-thumb-left-4ce76575a498-1614704033\"\n\t\t\t\n\t\t>\n\n\n\t<div class=\"iw-so-blog\">\n\n\t\t<div id=\"my-ajax-blog-widget\">\n\n\t\t\t<div class=\"iw-so-blog-container iw-so-blog-equal-height\">\n\n\t\t\t\t\n\t\t\t\t\t<div class=\"iw-so-article iw-so-thumb-left iw-so-blog-one-column iw-so-last-col\">\n\n\t\t\t\t\t\t\n\t\t\t\t\t\t\t<div class=\"iw-so-article-thumb iw-so-blog-article-responsive\">\n\n\t\t\t\t\t\t\t\t\n\t\t\t\t\t\t\t\t\t<a href=\"https:\/\/www.diocesicuneofossano.it\/old\/2021\/03\/15\/in-ascolto-del-vangelo-di-marco\/\">\n\t\t\t\t\t\t\t\t\t\t<center><a href=\"https:\/\/www.diocesicuneofossano.it\/old\/2021\/03\/15\/in-ascolto-del-vangelo-di-marco\/\" title=\"In ascolto del Vangelo di Marco\"><img loading=\"lazy\" decoding=\"async\" width=\"182\" height=\"300\" src=\"https:\/\/www.diocesicuneofossano.it\/old\/wp-content\/uploads\/sites\/2\/2022\/03\/cop_sussidio_vangelo_Marco-182x300.jpg\" class=\"attachment-medium size-medium wp-post-image\" alt=\"\" srcset=\"https:\/\/www.diocesicuneofossano.it\/old\/wp-content\/uploads\/sites\/2\/2022\/03\/cop_sussidio_vangelo_Marco-182x300.jpg 182w, https:\/\/www.diocesicuneofossano.it\/old\/wp-content\/uploads\/sites\/2\/2022\/03\/cop_sussidio_vangelo_Marco.jpg 549w\" sizes=\"(max-width: 182px) 100vw, 182px\" \/><\/a><\/center>\n\t\t\t\t\t\t\t\t\t\t\t\t\t\t\t\t\t\t\t<\/a>\n\n\t\t\t\t\t\t\t\t\n\t\t\t\t\t\t\t<\/div>\n\n\t\t\t\t\t\t\n\t\t\t\t\t\t<div class=\"iw-so-article-content iw-so-blog-article-responsive\">\n\n\t\t\t\t\t\t\t\n\t\t\t\t\t\t\t<h6 class=\"iw-so-article-title iw-text-left\">\n\t\t\t\t\t\t\t\t<a href=\"https:\/\/www.diocesicuneofossano.it\/old\/2021\/03\/15\/in-ascolto-del-vangelo-di-marco\/\">\t\t\t\t\t\t\t\t\tIn ascolto del Vangelo di Marco\t\t\t\t\t\t\t\t<\/a>\t\t\t\t\t\t\t<\/h6>\n\n\t\t\t\t\t\t\t\n\t\t\t\t\t\t\t\n\t\t\t\t\t\t\t\t<p class=\"iw-so-article-excerpt iw-text-left\">\n\t\t\t\t\t\t\t\t\t\t\t\t\t\t\t\t\t\t\t<a href=\"https:\/\/www.diocesicuneofossano.it\/old\/2021\/03\/15\/in-ascolto-del-vangelo-di-marco\/\">\n\t\t\t\t\t\t\t\t\t\t\tNella complessit\u00e0 del tempo in cui viviamo, per alimentare la nostra fede, per sostenere la nostra vita e per imparare a interpretare ci\u00f2 che avviene dentro e attorno a...\t\t\t\t\t\t\t\t\t\t<\/a>\n\t\t\t\t\t\t\t\t\t\t\t\t\t\t\t\t\t<\/p>\n\n\t\t\t\t\t\t\t\n\t\t\t\t\t\t\t\n\t\t\t\t\t\t\t\n\t\t\t\t\t\t<\/div>\n\n\t\t\t\t\t<\/div>\n\n\t\t\t\t\t\n\t\t\t\t\n\t\t\t\t\t<div class=\"iw-so-article iw-so-thumb-left iw-so-blog-one-column iw-so-last-col\">\n\n\t\t\t\t\t\t\n\t\t\t\t\t\t\t<div class=\"iw-so-article-thumb iw-so-blog-article-responsive\">\n\n\t\t\t\t\t\t\t\t\n\t\t\t\t\t\t\t\t\t<a href=\"https:\/\/www.diocesicuneofossano.it\/old\/2020\/03\/15\/in-ascolto-del-vangelo-di-matteo\/\">\n\t\t\t\t\t\t\t\t\t\t<center><a href=\"https:\/\/www.diocesicuneofossano.it\/old\/2020\/03\/15\/in-ascolto-del-vangelo-di-matteo\/\" title=\"In ascolto del Vangelo di Matteo\"><img loading=\"lazy\" decoding=\"async\" width=\"192\" height=\"300\" src=\"https:\/\/www.diocesicuneofossano.it\/old\/wp-content\/uploads\/sites\/2\/2020\/03\/catechesi-adulti-2019-2020-192x300.jpg\" class=\"attachment-medium size-medium wp-post-image\" alt=\"\" srcset=\"https:\/\/www.diocesicuneofossano.it\/old\/wp-content\/uploads\/sites\/2\/2020\/03\/catechesi-adulti-2019-2020-192x300.jpg 192w, https:\/\/www.diocesicuneofossano.it\/old\/wp-content\/uploads\/sites\/2\/2020\/03\/catechesi-adulti-2019-2020.jpg 328w\" sizes=\"(max-width: 192px) 100vw, 192px\" \/><\/a><\/center>\n\t\t\t\t\t\t\t\t\t\t\t\t\t\t\t\t\t\t\t<\/a>\n\n\t\t\t\t\t\t\t\t\n\t\t\t\t\t\t\t<\/div>\n\n\t\t\t\t\t\t\n\t\t\t\t\t\t<div class=\"iw-so-article-content iw-so-blog-article-responsive\">\n\n\t\t\t\t\t\t\t\n\t\t\t\t\t\t\t<h6 class=\"iw-so-article-title iw-text-left\">\n\t\t\t\t\t\t\t\t<a href=\"https:\/\/www.diocesicuneofossano.it\/old\/2020\/03\/15\/in-ascolto-del-vangelo-di-matteo\/\">\t\t\t\t\t\t\t\t\tIn ascolto del Vangelo di Matteo\t\t\t\t\t\t\t\t<\/a>\t\t\t\t\t\t\t<\/h6>\n\n\t\t\t\t\t\t\t\n\t\t\t\t\t\t\t\n\t\t\t\t\t\t\t\t<p class=\"iw-so-article-excerpt iw-text-left\">\n\t\t\t\t\t\t\t\t\t\t\t\t\t\t\t\t\t\t\t<a href=\"https:\/\/www.diocesicuneofossano.it\/old\/2020\/03\/15\/in-ascolto-del-vangelo-di-matteo\/\">\n\t\t\t\t\t\t\t\t\t\t\tNella complessit\u00e0 del tempo in cui viviamo e nella frenesia delle nostre giornate, per alimentare la nostra fede, per sostenere la nostra vita e per imparare a interpretare ci\u00f2...\t\t\t\t\t\t\t\t\t\t<\/a>\n\t\t\t\t\t\t\t\t\t\t\t\t\t\t\t\t\t<\/p>\n\n\t\t\t\t\t\t\t\n\t\t\t\t\t\t\t\n\t\t\t\t\t\t\t\n\t\t\t\t\t\t<\/div>\n\n\t\t\t\t\t<\/div>\n\n\t\t\t\t\t\n\t\t\t\t\n\t\t\t\t\t<div class=\"iw-so-article iw-so-thumb-left iw-so-blog-one-column iw-so-last-col\">\n\n\t\t\t\t\t\t\n\t\t\t\t\t\t\t<div class=\"iw-so-article-thumb iw-so-blog-article-responsive\">\n\n\t\t\t\t\t\t\t\t\n\t\t\t\t\t\t\t\t\t<a href=\"https:\/\/www.diocesicuneofossano.it\/old\/2018\/03\/15\/catechesi-per-adulti-e-famiglie-2017-2018\/\">\n\t\t\t\t\t\t\t\t\t\t<center><a href=\"https:\/\/www.diocesicuneofossano.it\/old\/2018\/03\/15\/catechesi-per-adulti-e-famiglie-2017-2018\/\" title=\"Catechesi per adulti e famiglie 2017-2018\"><img loading=\"lazy\" decoding=\"async\" width=\"175\" height=\"226\" src=\"https:\/\/www.diocesicuneofossano.it\/old\/wp-content\/uploads\/sites\/2\/2022\/03\/adulti-17_18-e1554968208586.jpg\" class=\"attachment-medium size-medium wp-post-image\" alt=\"\" \/><\/a><\/center>\n\t\t\t\t\t\t\t\t\t\t\t\t\t\t\t\t\t\t\t<\/a>\n\n\t\t\t\t\t\t\t\t\n\t\t\t\t\t\t\t<\/div>\n\n\t\t\t\t\t\t\n\t\t\t\t\t\t<div class=\"iw-so-article-content iw-so-blog-article-responsive\">\n\n\t\t\t\t\t\t\t\n\t\t\t\t\t\t\t<h6 class=\"iw-so-article-title iw-text-left\">\n\t\t\t\t\t\t\t\t<a href=\"https:\/\/www.diocesicuneofossano.it\/old\/2018\/03\/15\/catechesi-per-adulti-e-famiglie-2017-2018\/\">\t\t\t\t\t\t\t\t\tCatechesi per adulti e famiglie 2017-2018\t\t\t\t\t\t\t\t<\/a>\t\t\t\t\t\t\t<\/h6>\n\n\t\t\t\t\t\t\t\n\t\t\t\t\t\t\t\n\t\t\t\t\t\t\t\t<p class=\"iw-so-article-excerpt iw-text-left\">\n\t\t\t\t\t\t\t\t\t\t\t\t\t\t\t\t\t\t\t<a href=\"https:\/\/www.diocesicuneofossano.it\/old\/2018\/03\/15\/catechesi-per-adulti-e-famiglie-2017-2018\/\">\n\t\t\t\t\t\t\t\t\t\t\t\u201cUscire\u201d \u00e8 uno dei cinque verbi che hanno segnato il Convegno della Chiesa Italiana celebrato nel novembre 2015 a Firenze, ed \u00e8 il tema pastorale scelto per quest\u2019anno. Il...\t\t\t\t\t\t\t\t\t\t<\/a>\n\t\t\t\t\t\t\t\t\t\t\t\t\t\t\t\t\t<\/p>\n\n\t\t\t\t\t\t\t\n\t\t\t\t\t\t\t\n\t\t\t\t\t\t\t\n\t\t\t\t\t\t<\/div>\n\n\t\t\t\t\t<\/div>\n\n\t\t\t\t\t\n\t\t\t\t\n\t\t\t\t\t<div class=\"iw-so-article iw-so-thumb-left iw-so-blog-one-column iw-so-last-col\">\n\n\t\t\t\t\t\t\n\t\t\t\t\t\t\t<div class=\"iw-so-article-thumb iw-so-blog-article-responsive\">\n\n\t\t\t\t\t\t\t\t\n\t\t\t\t\t\t\t\t\t<a href=\"https:\/\/www.diocesicuneofossano.it\/old\/2016\/03\/15\/catechesi-adulti-e-famiglie-2014-2016\/\">\n\t\t\t\t\t\t\t\t\t\t<center><a href=\"https:\/\/www.diocesicuneofossano.it\/old\/2016\/03\/15\/catechesi-adulti-e-famiglie-2014-2016\/\" title=\"Catechesi adulti e famiglie 2014 \u2013 2016\"><img loading=\"lazy\" decoding=\"async\" width=\"175\" height=\"172\" src=\"https:\/\/www.diocesicuneofossano.it\/old\/wp-content\/uploads\/sites\/2\/2022\/03\/adulti-15-16.jpg\" class=\"attachment-medium size-medium wp-post-image\" alt=\"\" \/><\/a><\/center>\n\t\t\t\t\t\t\t\t\t\t\t\t\t\t\t\t\t\t\t<\/a>\n\n\t\t\t\t\t\t\t\t\n\t\t\t\t\t\t\t<\/div>\n\n\t\t\t\t\t\t\n\t\t\t\t\t\t<div class=\"iw-so-article-content iw-so-blog-article-responsive\">\n\n\t\t\t\t\t\t\t\n\t\t\t\t\t\t\t<h6 class=\"iw-so-article-title iw-text-left\">\n\t\t\t\t\t\t\t\t<a href=\"https:\/\/www.diocesicuneofossano.it\/old\/2016\/03\/15\/catechesi-adulti-e-famiglie-2014-2016\/\">\t\t\t\t\t\t\t\t\tCatechesi adulti e famiglie 2014 \u2013 2016\t\t\t\t\t\t\t\t<\/a>\t\t\t\t\t\t\t<\/h6>\n\n\t\t\t\t\t\t\t\n\t\t\t\t\t\t\t\n\t\t\t\t\t\t\t\t<p class=\"iw-so-article-excerpt iw-text-left\">\n\t\t\t\t\t\t\t\t\t\t\t\t\t\t\t\t\t\t\t<a href=\"https:\/\/www.diocesicuneofossano.it\/old\/2016\/03\/15\/catechesi-adulti-e-famiglie-2014-2016\/\">\n\t\t\t\t\t\t\t\t\t\t\tIl tema portante del biennio pastorale 2014-2016 sar\u00e0 la famiglia. Il percorso proposto in questo sussidio \u00e8 un invito agli adulti, soprattutto alle coppie di sposi a prendere in...\t\t\t\t\t\t\t\t\t\t<\/a>\n\t\t\t\t\t\t\t\t\t\t\t\t\t\t\t\t\t<\/p>\n\n\t\t\t\t\t\t\t\n\t\t\t\t\t\t\t\n\t\t\t\t\t\t\t\n\t\t\t\t\t\t<\/div>\n\n\t\t\t\t\t<\/div>\n\n\t\t\t\t\t\n\t\t\t\t\n\t\t\t\t\t<div class=\"iw-so-article iw-so-thumb-left iw-so-blog-one-column iw-so-last-col\">\n\n\t\t\t\t\t\t\n\t\t\t\t\t\t\t<div class=\"iw-so-article-thumb iw-so-blog-article-responsive\">\n\n\t\t\t\t\t\t\t\t\n\t\t\t\t\t\t\t\t\t<a href=\"https:\/\/www.diocesicuneofossano.it\/old\/2014\/03\/15\/catechesi-adulti-e-famiglie-2012-2014\/\">\n\t\t\t\t\t\t\t\t\t\t<center><a href=\"https:\/\/www.diocesicuneofossano.it\/old\/2014\/03\/15\/catechesi-adulti-e-famiglie-2012-2014\/\" title=\"Catechesi adulti e famiglie 2012-2014\"><img loading=\"lazy\" decoding=\"async\" width=\"225\" height=\"300\" src=\"https:\/\/www.diocesicuneofossano.it\/old\/wp-content\/uploads\/sites\/2\/2022\/03\/annus-fidei_indicazioni-225x300.jpg\" class=\"attachment-medium size-medium wp-post-image\" alt=\"\" srcset=\"https:\/\/www.diocesicuneofossano.it\/old\/wp-content\/uploads\/sites\/2\/2022\/03\/annus-fidei_indicazioni-225x300.jpg 225w, https:\/\/www.diocesicuneofossano.it\/old\/wp-content\/uploads\/sites\/2\/2022\/03\/annus-fidei_indicazioni.jpg 262w\" sizes=\"(max-width: 225px) 100vw, 225px\" \/><\/a><\/center>\n\t\t\t\t\t\t\t\t\t\t\t\t\t\t\t\t\t\t\t<\/a>\n\n\t\t\t\t\t\t\t\t\n\t\t\t\t\t\t\t<\/div>\n\n\t\t\t\t\t\t\n\t\t\t\t\t\t<div class=\"iw-so-article-content iw-so-blog-article-responsive\">\n\n\t\t\t\t\t\t\t\n\t\t\t\t\t\t\t<h6 class=\"iw-so-article-title iw-text-left\">\n\t\t\t\t\t\t\t\t<a href=\"https:\/\/www.diocesicuneofossano.it\/old\/2014\/03\/15\/catechesi-adulti-e-famiglie-2012-2014\/\">\t\t\t\t\t\t\t\t\tCatechesi adulti e famiglie 2012-2014\t\t\t\t\t\t\t\t<\/a>\t\t\t\t\t\t\t<\/h6>\n\n\t\t\t\t\t\t\t\n\t\t\t\t\t\t\t\n\t\t\t\t\t\t\t\t<p class=\"iw-so-article-excerpt iw-text-left\">\n\t\t\t\t\t\t\t\t\t\t\t\t\t\t\t\t\t\t\t<a href=\"https:\/\/www.diocesicuneofossano.it\/old\/2014\/03\/15\/catechesi-adulti-e-famiglie-2012-2014\/\">\n\t\t\t\t\t\t\t\t\t\t\tL\u2019Anno della fede \u00e8 un tempo di grazia per scoprire la bellezza della nostra fede, per approfondirla e testimoniarla. La nostra idea di Dio talvolta \u00e8 confusa, impropria, persino...\t\t\t\t\t\t\t\t\t\t<\/a>\n\t\t\t\t\t\t\t\t\t\t\t\t\t\t\t\t\t<\/p>\n\n\t\t\t\t\t\t\t\n\t\t\t\t\t\t\t\n\t\t\t\t\t\t\t\n\t\t\t\t\t\t<\/div>\n\n\t\t\t\t\t<\/div>\n\n\t\t\t\t\t\n\t\t\t\t\n\t\t\t<\/div>\n\n\t\t\t\n\t\t\t\t\n\t\t\t\t\t<h3 class=\"screen-reader-text\">Posts Navigation<\/h3>\n\t\t\t<nav id='iw-so-blog-pagination' class=\"iw-so-blog-pagination iw-so-blog-prev-next iw-so-navi-btn iw-so-navi-btn-hover iw-so-navi-btn-click\" role=\"navigation\">\n\t\t\t\t<ul>\n\t\t\t\t\t<li class=\"iw-so-blog-previous\"><\/li>\n\t\t\t\t\t<li class=\"iw-so-blog-next\"><\/li>\n\t\t\t\t<\/ul>\n\t\t\t<\/nav>\n\t\t\n\t\t\n\t\n\t\t\t\n\t\t<\/div>\n\n\t<\/div>\n\n\n<\/div><\/div><\/div><\/div><\/div>","protected":false},"excerpt":{"rendered":"<p>O Dio, vieni a salvarmi! \u00c8 l\u2019invocazione con la quale, pi\u00f9 volte al giorno, la Chiesa propone di iniziare la liturgia delle ore. La stessa preghiera dovrebbe ispirare ogni incontro di riflessione in gruppo e cadenzare la vita di ognuno. La fede, per svilupparsi, ha bisogno dell\u2019ascolto della parola di Dio, della ricerca e del confronto. Essa, per\u00f2, \u00e8 un dono del Signore: cresce se &hellip; <a href=\"https:\/\/www.diocesicuneofossano.it\/old\/2014\/03\/15\/catechesi-adulti-e-famiglie-2012-2014\/\" class=\"more-link\">Continua a leggere <span class=\"screen-reader-text\">Catechesi adulti e famiglie 2012-2014<\/span> <span class=\"meta-nav\">&raquo;<\/span><\/a><\/p>\n","protected":false},"author":8,"featured_media":0,"parent":0,"menu_order":0,"comment_status":"closed","ping_status":"closed","template":"","meta":{"_acf_changed":false,"footnotes":""},"class_list":["post-1614704033","page","type-page","status-publish","hentry"],"acf":[],"yoast_head":"<!-- This site is optimized with the Yoast SEO plugin v25.3 - https:\/\/yoast.com\/wordpress\/plugins\/seo\/ -->\n<title>Schede catechesi adulti - famiglie - OLD - Diocesi di Cuneo e di Fossano<\/title>\n<meta name=\"robots\" content=\"noindex, follow, max-snippet:-1, max-image-preview:large, max-video-preview:-1\" \/>\n<meta property=\"og:locale\" content=\"it_IT\" \/>\n<meta property=\"og:type\" content=\"article\" \/>\n<meta property=\"og:title\" content=\"Schede catechesi adulti - famiglie - OLD - Diocesi di Cuneo e di Fossano\" \/>\n<meta property=\"og:description\" content=\"O Dio, vieni a salvarmi! \u00c8 l\u2019invocazione con la quale, pi\u00f9 volte al giorno, la Chiesa propone di iniziare la liturgia delle ore. La stessa preghiera dovrebbe ispirare ogni incontro di riflessione in gruppo e cadenzare la vita di ognuno. La fede, per svilupparsi, ha bisogno dell\u2019ascolto della parola di Dio, della ricerca e del confronto. Essa, per\u00f2, \u00e8 un dono del Signore: cresce se &hellip; Continua a leggere Catechesi adulti e famiglie 2012-2014 &raquo;\" \/>\n<meta property=\"og:url\" content=\"https:\/\/www.diocesicuneofossano.it\/old\/schede-catechesi-adulti-famiglie\/\" \/>\n<meta property=\"og:site_name\" content=\"OLD - Diocesi di Cuneo e di Fossano\" \/>\n<meta property=\"article:modified_time\" content=\"2022-03-16T14:11:38+00:00\" \/>\n<meta name=\"twitter:card\" content=\"summary_large_image\" \/>\n<meta name=\"twitter:label1\" content=\"Tempo di lettura stimato\" \/>\n\t<meta name=\"twitter:data1\" content=\"1 minuto\" \/>\n<script type=\"application\/ld+json\" class=\"yoast-schema-graph\">{\"@context\":\"https:\/\/schema.org\",\"@graph\":[{\"@type\":\"WebPage\",\"@id\":\"https:\/\/www.diocesicuneofossano.it\/old\/schede-catechesi-adulti-famiglie\/\",\"url\":\"https:\/\/www.diocesicuneofossano.it\/old\/schede-catechesi-adulti-famiglie\/\",\"name\":\"Schede catechesi adulti - famiglie - OLD - Diocesi di Cuneo e di Fossano\",\"isPartOf\":{\"@id\":\"https:\/\/www.diocesicuneofossano.it\/old\/#website\"},\"datePublished\":\"2021-10-12T07:44:33+00:00\",\"dateModified\":\"2022-03-16T14:11:38+00:00\",\"breadcrumb\":{\"@id\":\"https:\/\/www.diocesicuneofossano.it\/old\/schede-catechesi-adulti-famiglie\/#breadcrumb\"},\"inLanguage\":\"it-IT\",\"potentialAction\":[{\"@type\":\"ReadAction\",\"target\":[\"https:\/\/www.diocesicuneofossano.it\/old\/schede-catechesi-adulti-famiglie\/\"]}]},{\"@type\":\"BreadcrumbList\",\"@id\":\"https:\/\/www.diocesicuneofossano.it\/old\/schede-catechesi-adulti-famiglie\/#breadcrumb\",\"itemListElement\":[{\"@type\":\"ListItem\",\"position\":1,\"name\":\"Home\",\"item\":\"https:\/\/www.diocesicuneofossano.it\/old\/\"},{\"@type\":\"ListItem\",\"position\":2,\"name\":\"Schede catechesi adulti &#8211; famiglie\"}]},{\"@type\":\"WebSite\",\"@id\":\"https:\/\/www.diocesicuneofossano.it\/old\/#website\",\"url\":\"https:\/\/www.diocesicuneofossano.it\/old\/\",\"name\":\"OLD - Diocesi di Cuneo e di Fossano\",\"description\":\"\",\"potentialAction\":[{\"@type\":\"SearchAction\",\"target\":{\"@type\":\"EntryPoint\",\"urlTemplate\":\"https:\/\/www.diocesicuneofossano.it\/old\/?s={search_term_string}\"},\"query-input\":{\"@type\":\"PropertyValueSpecification\",\"valueRequired\":true,\"valueName\":\"search_term_string\"}}],\"inLanguage\":\"it-IT\"}]}<\/script>\n<!-- \/ Yoast SEO plugin. -->","yoast_head_json":{"title":"Schede catechesi adulti - famiglie - OLD - Diocesi di Cuneo e di Fossano","robots":{"index":"noindex","follow":"follow","max-snippet":"max-snippet:-1","max-image-preview":"max-image-preview:large","max-video-preview":"max-video-preview:-1"},"og_locale":"it_IT","og_type":"article","og_title":"Schede catechesi adulti - famiglie - OLD - Diocesi di Cuneo e di Fossano","og_description":"O Dio, vieni a salvarmi! \u00c8 l\u2019invocazione con la quale, pi\u00f9 volte al giorno, la Chiesa propone di iniziare la liturgia delle ore. La stessa preghiera dovrebbe ispirare ogni incontro di riflessione in gruppo e cadenzare la vita di ognuno. La fede, per svilupparsi, ha bisogno dell\u2019ascolto della parola di Dio, della ricerca e del confronto. Essa, per\u00f2, \u00e8 un dono del Signore: cresce se &hellip; Continua a leggere Catechesi adulti e famiglie 2012-2014 &raquo;","og_url":"https:\/\/www.diocesicuneofossano.it\/old\/schede-catechesi-adulti-famiglie\/","og_site_name":"OLD - Diocesi di Cuneo e di Fossano","article_modified_time":"2022-03-16T14:11:38+00:00","twitter_card":"summary_large_image","twitter_misc":{"Tempo di lettura stimato":"1 minuto"},"schema":{"@context":"https:\/\/schema.org","@graph":[{"@type":"WebPage","@id":"https:\/\/www.diocesicuneofossano.it\/old\/schede-catechesi-adulti-famiglie\/","url":"https:\/\/www.diocesicuneofossano.it\/old\/schede-catechesi-adulti-famiglie\/","name":"Schede catechesi adulti - famiglie - OLD - Diocesi di Cuneo e di Fossano","isPartOf":{"@id":"https:\/\/www.diocesicuneofossano.it\/old\/#website"},"datePublished":"2021-10-12T07:44:33+00:00","dateModified":"2022-03-16T14:11:38+00:00","breadcrumb":{"@id":"https:\/\/www.diocesicuneofossano.it\/old\/schede-catechesi-adulti-famiglie\/#breadcrumb"},"inLanguage":"it-IT","potentialAction":[{"@type":"ReadAction","target":["https:\/\/www.diocesicuneofossano.it\/old\/schede-catechesi-adulti-famiglie\/"]}]},{"@type":"BreadcrumbList","@id":"https:\/\/www.diocesicuneofossano.it\/old\/schede-catechesi-adulti-famiglie\/#breadcrumb","itemListElement":[{"@type":"ListItem","position":1,"name":"Home","item":"https:\/\/www.diocesicuneofossano.it\/old\/"},{"@type":"ListItem","position":2,"name":"Schede catechesi adulti &#8211; famiglie"}]},{"@type":"WebSite","@id":"https:\/\/www.diocesicuneofossano.it\/old\/#website","url":"https:\/\/www.diocesicuneofossano.it\/old\/","name":"OLD - Diocesi di Cuneo e di Fossano","description":"","potentialAction":[{"@type":"SearchAction","target":{"@type":"EntryPoint","urlTemplate":"https:\/\/www.diocesicuneofossano.it\/old\/?s={search_term_string}"},"query-input":{"@type":"PropertyValueSpecification","valueRequired":true,"valueName":"search_term_string"}}],"inLanguage":"it-IT"}]}},"_links":{"self":[{"href":"https:\/\/www.diocesicuneofossano.it\/old\/wp-json\/wp\/v2\/pages\/1614704033"}],"collection":[{"href":"https:\/\/www.diocesicuneofossano.it\/old\/wp-json\/wp\/v2\/pages"}],"about":[{"href":"https:\/\/www.diocesicuneofossano.it\/old\/wp-json\/wp\/v2\/types\/page"}],"author":[{"embeddable":true,"href":"https:\/\/www.diocesicuneofossano.it\/old\/wp-json\/wp\/v2\/users\/8"}],"replies":[{"embeddable":true,"href":"https:\/\/www.diocesicuneofossano.it\/old\/wp-json\/wp\/v2\/comments?post=1614704033"}],"version-history":[{"count":6,"href":"https:\/\/www.diocesicuneofossano.it\/old\/wp-json\/wp\/v2\/pages\/1614704033\/revisions"}],"predecessor-version":[{"id":1614706987,"href":"https:\/\/www.diocesicuneofossano.it\/old\/wp-json\/wp\/v2\/pages\/1614704033\/revisions\/1614706987"}],"wp:attachment":[{"href":"https:\/\/www.diocesicuneofossano.it\/old\/wp-json\/wp\/v2\/media?parent=1614704033"}],"curies":[{"name":"wp","href":"https:\/\/api.w.org\/{rel}","templated":true}]}}