{"id":1614704025,"date":"2021-10-12T09:35:14","date_gmt":"2021-10-12T07:35:14","guid":{"rendered":"https:\/\/www.diocesicuneofossano.it\/?page_id=1614704025"},"modified":"2021-10-12T11:11:44","modified_gmt":"2021-10-12T09:11:44","slug":"pastorale-pre-post-battesimale","status":"publish","type":"page","link":"https:\/\/www.diocesicuneofossano.it\/old\/pastorale-pre-post-battesimale\/","title":{"rendered":"Pastorale pre post battesimale"},"content":{"rendered":"<div id=\"pl-1614704025\"  class=\"panel-layout\" ><div id=\"pg-1614704025-0\"  class=\"panel-grid panel-no-style\" ><div id=\"pgc-1614704025-0-0\"  class=\"panel-grid-cell\" ><div id=\"panel-1614704025-0-0-0\" class=\"so-panel widget widget_siteorigin-panels-post-content panel-first-child\" data-index=\"0\" ><h1 class=\"entry-title\">Pastorale pre post battesimale<\/h1><\/div><div id=\"panel-1614704025-0-0-1\" class=\"so-panel widget widget_sow-editor\" data-index=\"1\" ><div\n\t\t\t\n\t\t\tclass=\"so-widget-sow-editor so-widget-sow-editor-base\"\n\t\t\t\n\t\t>\n<div class=\"siteorigin-widget-tinymce textwidget\">\n\t<p>La pastorale pre e post battesimale chiama in causa le nostre comunit\u00e0 cristiane e pone al centro la famiglia. Riconosce che i genitori cristiani sono i primi annunciatori del Vangelo e che la famiglia ha un ruolo fondamentale nell\u2019educazione alla fede. Un compito permanente, ma insostituibile nei primi anni di vita del bambino.<\/p>\n<\/div>\n<\/div><\/div><div id=\"panel-1614704025-0-0-2\" class=\"so-panel widget widget_ink-blog panel-last-child\" data-index=\"2\" ><div\n\t\t\t\n\t\t\tclass=\"so-widget-ink-blog so-widget-ink-blog-thumb-left-07782a5402f5-1614704025\"\n\t\t\t\n\t\t>\n\n\n\t<div class=\"iw-so-blog\">\n\n\t\t<div id=\"my-ajax-blog-widget\">\n\n\t\t\t<div class=\"iw-so-blog-container iw-so-blog-equal-height\">\n\n\t\t\t\t\n\t\t\t\t\t<div class=\"iw-so-article iw-so-thumb-left iw-so-blog-one-column iw-so-last-col\">\n\n\t\t\t\t\t\t\n\t\t\t\t\t\t\t<div class=\"iw-so-article-thumb iw-so-blog-article-responsive\">\n\n\t\t\t\t\t\t\t\t <div class=\"iw-so-article-thumb-wrap\"> \n\t\t\t\t\t\t\t\t\t<a href=\"https:\/\/www.diocesicuneofossano.it\/old\/2022\/03\/17\/uno-strumento-per-accompagnare-i-genitori-che-chiedono-il-battesimo-dei-figli-2\/\">\n\t\t\t\t\t\t\t\t\t\t<center><a href=\"https:\/\/www.diocesicuneofossano.it\/old\/2022\/03\/17\/uno-strumento-per-accompagnare-i-genitori-che-chiedono-il-battesimo-dei-figli-2\/\" title=\"Uno strumento per accompagnare i genitori che chiedono il battesimo dei figli\"><img loading=\"lazy\" decoding=\"async\" width=\"150\" height=\"150\" src=\"https:\/\/www.diocesicuneofossano.it\/old\/wp-content\/uploads\/sites\/2\/2021\/12\/Battesimo-150x150.jpg\" class=\"attachment-thumbnail size-thumbnail wp-post-image\" alt=\"\" \/><\/a><\/center>\n\t\t\t\t\t\t\t\t\t\t\t\t\t\t\t\t\t\t\t<\/a>\n\n\t\t\t\t\t\t\t\t <\/div> \n\t\t\t\t\t\t\t<\/div>\n\n\t\t\t\t\t\t\n\t\t\t\t\t\t<div class=\"iw-so-article-content iw-so-blog-article-responsive\">\n\n\t\t\t\t\t\t\t\n\t\t\t\t\t\t\t<h6 class=\"iw-so-article-title iw-text-left\">\n\t\t\t\t\t\t\t\t<a href=\"https:\/\/www.diocesicuneofossano.it\/old\/2022\/03\/17\/uno-strumento-per-accompagnare-i-genitori-che-chiedono-il-battesimo-dei-figli-2\/\">\t\t\t\t\t\t\t\t\tUno strumento per accompagnare i genitori che chiedono il battesimo dei figli\t\t\t\t\t\t\t\t<\/a>\t\t\t\t\t\t\t<\/h6>\n\n\t\t\t\t\t\t\t\n\t\t\t\t\t\t\t\n\t\t\t\t\t\t\t\t<p class=\"iw-so-article-excerpt iw-text-left\">\n\t\t\t\t\t\t\t\t\t\t\t\t\t\t\t\t\t\t\t\u00c8 a disposizione \u201cIl Nido\u201d, opuscolo curato dal gruppo guidato da don Alberto Aimar che anima la pastorale prima e dopo il battesimo dei bambini, nell\u2019ambito dell\u2019Ufficio catechistico delle...\t\t\t\t\t\t\t\t\t\t\t\t\t\t\t\t\t<\/p>\n\n\t\t\t\t\t\t\t\n\t\t\t\t\t\t\t\n\t\t\t\t\t\t\t\n\t\t\t\t\t\t<\/div>\n\n\t\t\t\t\t<\/div>\n\n\t\t\t\t\t\n\t\t\t\t\n\t\t\t\t\t<div class=\"iw-so-article iw-so-thumb-left iw-so-blog-one-column iw-so-last-col\">\n\n\t\t\t\t\t\t\n\t\t\t\t\t\t\t<div class=\"iw-so-article-thumb iw-so-blog-article-responsive\">\n\n\t\t\t\t\t\t\t\t <div class=\"iw-so-article-thumb-wrap\"> \n\t\t\t\t\t\t\t\t\t<a href=\"https:\/\/www.diocesicuneofossano.it\/old\/2020\/03\/09\/lalbero-dove-i-piccoli-trovano-il-nido\/\">\n\t\t\t\t\t\t\t\t\t\t<center><a href=\"https:\/\/www.diocesicuneofossano.it\/old\/2020\/03\/09\/lalbero-dove-i-piccoli-trovano-il-nido\/\" title=\"L\u2019albero dove i piccoli trovano il nido\"><img loading=\"lazy\" decoding=\"async\" width=\"150\" height=\"150\" src=\"https:\/\/www.diocesicuneofossano.it\/old\/wp-content\/uploads\/sites\/2\/2022\/01\/nido-150x150.jpg\" class=\"attachment-thumbnail size-thumbnail wp-post-image\" alt=\"\" \/><\/a><\/center>\n\t\t\t\t\t\t\t\t\t\t\t\t\t\t\t\t\t\t\t<\/a>\n\n\t\t\t\t\t\t\t\t <\/div> \n\t\t\t\t\t\t\t<\/div>\n\n\t\t\t\t\t\t\n\t\t\t\t\t\t<div class=\"iw-so-article-content iw-so-blog-article-responsive\">\n\n\t\t\t\t\t\t\t\n\t\t\t\t\t\t\t<h6 class=\"iw-so-article-title iw-text-left\">\n\t\t\t\t\t\t\t\t<a href=\"https:\/\/www.diocesicuneofossano.it\/old\/2020\/03\/09\/lalbero-dove-i-piccoli-trovano-il-nido\/\">\t\t\t\t\t\t\t\t\tL\u2019albero dove i piccoli trovano il nido\t\t\t\t\t\t\t\t<\/a>\t\t\t\t\t\t\t<\/h6>\n\n\t\t\t\t\t\t\t\n\t\t\t\t\t\t\t\n\t\t\t\t\t\t\t\t<p class=\"iw-so-article-excerpt iw-text-left\">\n\t\t\t\t\t\t\t\t\t\t\t\t\t\t\t\t\t\t\tGes\u00f9 paragona il suo regno a un granello di senape che, seminato, diventa \u201cun albero tanto grande che gli uccelli del cielo vengono a fare il nido fra i...\t\t\t\t\t\t\t\t\t\t\t\t\t\t\t\t\t<\/p>\n\n\t\t\t\t\t\t\t\n\t\t\t\t\t\t\t\n\t\t\t\t\t\t\t\n\t\t\t\t\t\t<\/div>\n\n\t\t\t\t\t<\/div>\n\n\t\t\t\t\t\n\t\t\t\t\n\t\t\t\t\t<div class=\"iw-so-article iw-so-thumb-left iw-so-blog-one-column iw-so-last-col\">\n\n\t\t\t\t\t\t\n\t\t\t\t\t\t\t<div class=\"iw-so-article-thumb iw-so-blog-article-responsive\">\n\n\t\t\t\t\t\t\t\t <div class=\"iw-so-article-thumb-wrap\"> \n\t\t\t\t\t\t\t\t\t<a href=\"https:\/\/www.diocesicuneofossano.it\/old\/2020\/03\/09\/orientamenti-e-linee-operative\/\">\n\t\t\t\t\t\t\t\t\t\t<center><a href=\"https:\/\/www.diocesicuneofossano.it\/old\/2020\/03\/09\/orientamenti-e-linee-operative\/\" title=\"Orientamenti e linee operative\"><img loading=\"lazy\" decoding=\"async\" width=\"150\" height=\"150\" src=\"https:\/\/www.diocesicuneofossano.it\/old\/wp-content\/uploads\/sites\/2\/2022\/01\/vite-150x150.jpg\" class=\"attachment-thumbnail size-thumbnail wp-post-image\" alt=\"\" \/><\/a><\/center>\n\t\t\t\t\t\t\t\t\t\t\t\t\t\t\t\t\t\t\t<\/a>\n\n\t\t\t\t\t\t\t\t <\/div> \n\t\t\t\t\t\t\t<\/div>\n\n\t\t\t\t\t\t\n\t\t\t\t\t\t<div class=\"iw-so-article-content iw-so-blog-article-responsive\">\n\n\t\t\t\t\t\t\t\n\t\t\t\t\t\t\t<h6 class=\"iw-so-article-title iw-text-left\">\n\t\t\t\t\t\t\t\t<a href=\"https:\/\/www.diocesicuneofossano.it\/old\/2020\/03\/09\/orientamenti-e-linee-operative\/\">\t\t\t\t\t\t\t\t\tOrientamenti e linee operative\t\t\t\t\t\t\t\t<\/a>\t\t\t\t\t\t\t<\/h6>\n\n\t\t\t\t\t\t\t\n\t\t\t\t\t\t\t\n\t\t\t\t\t\t\t\t<p class=\"iw-so-article-excerpt iw-text-left\">\n\t\t\t\t\t\t\t\t\t\t\t\t\t\t\t\t\t\t\tLa famiglia resta la comunit\u00e0 in cui si colloca la radice pi\u00f9 intima e pi\u00f9 potente della generazione alla vita, alla fede e all\u2019amore\u201d (Educare alla vita buona del...\t\t\t\t\t\t\t\t\t\t\t\t\t\t\t\t\t<\/p>\n\n\t\t\t\t\t\t\t\n\t\t\t\t\t\t\t\n\t\t\t\t\t\t\t\n\t\t\t\t\t\t<\/div>\n\n\t\t\t\t\t<\/div>\n\n\t\t\t\t\t\n\t\t\t\t\n\t\t\t\t\t<div class=\"iw-so-article iw-so-thumb-left iw-so-blog-one-column iw-so-last-col\">\n\n\t\t\t\t\t\t\n\t\t\t\t\t\t\t<div class=\"iw-so-article-thumb iw-so-blog-article-responsive\">\n\n\t\t\t\t\t\t\t\t <div class=\"iw-so-article-thumb-wrap\"> \n\t\t\t\t\t\t\t\t\t<a href=\"https:\/\/www.diocesicuneofossano.it\/old\/2020\/03\/09\/sussidiazione\/\">\n\t\t\t\t\t\t\t\t\t\t<center><a href=\"https:\/\/www.diocesicuneofossano.it\/old\/2020\/03\/09\/sussidiazione\/\" title=\"Sussidiazione\"><img loading=\"lazy\" decoding=\"async\" width=\"150\" height=\"150\" src=\"https:\/\/www.diocesicuneofossano.it\/old\/wp-content\/uploads\/sites\/2\/2022\/01\/images-150x150.jpg\" class=\"attachment-thumbnail size-thumbnail wp-post-image\" alt=\"\" srcset=\"https:\/\/www.diocesicuneofossano.it\/old\/wp-content\/uploads\/sites\/2\/2022\/01\/images-150x150.jpg 150w, https:\/\/www.diocesicuneofossano.it\/old\/wp-content\/uploads\/sites\/2\/2022\/01\/images.jpg 225w\" sizes=\"(max-width: 150px) 100vw, 150px\" \/><\/a><\/center>\n\t\t\t\t\t\t\t\t\t\t\t\t\t\t\t\t\t\t\t<\/a>\n\n\t\t\t\t\t\t\t\t <\/div> \n\t\t\t\t\t\t\t<\/div>\n\n\t\t\t\t\t\t\n\t\t\t\t\t\t<div class=\"iw-so-article-content iw-so-blog-article-responsive\">\n\n\t\t\t\t\t\t\t\n\t\t\t\t\t\t\t<h6 class=\"iw-so-article-title iw-text-left\">\n\t\t\t\t\t\t\t\t<a href=\"https:\/\/www.diocesicuneofossano.it\/old\/2020\/03\/09\/sussidiazione\/\">\t\t\t\t\t\t\t\t\tSussidiazione\t\t\t\t\t\t\t\t<\/a>\t\t\t\t\t\t\t<\/h6>\n\n\t\t\t\t\t\t\t\n\t\t\t\t\t\t\t\n\t\t\t\t\t\t\t\t<p class=\"iw-so-article-excerpt iw-text-left\">\n\t\t\t\t\t\t\t\t\t\t\t\t\t\t\t\t\t\t\tI. Dall\u2019attesa al Battesimo La prima parte\u00a0della sussidiazione \u00e8 stata pubblicata dall\u2019Elledici e trovate il cofanetto in tutte le libreria cattoliche. II. Dal battesimo a tre anni La seconda...\t\t\t\t\t\t\t\t\t\t\t\t\t\t\t\t\t<\/p>\n\n\t\t\t\t\t\t\t\n\t\t\t\t\t\t\t\n\t\t\t\t\t\t\t\n\t\t\t\t\t\t<\/div>\n\n\t\t\t\t\t<\/div>\n\n\t\t\t\t\t\n\t\t\t\t\n\t\t\t\t\t<div class=\"iw-so-article iw-so-thumb-left iw-so-blog-one-column iw-so-last-col\">\n\n\t\t\t\t\t\t\n\t\t\t\t\t\t\t<div class=\"iw-so-article-thumb iw-so-blog-article-responsive\">\n\n\t\t\t\t\t\t\t\t <div class=\"iw-so-article-thumb-wrap\"> \n\t\t\t\t\t\t\t\t\t<a href=\"https:\/\/www.diocesicuneofossano.it\/old\/2020\/03\/09\/buone-prassi\/\">\n\t\t\t\t\t\t\t\t\t\t<center><a href=\"https:\/\/www.diocesicuneofossano.it\/old\/2020\/03\/09\/buone-prassi\/\" title=\"Buone prassi\"><img loading=\"lazy\" decoding=\"async\" width=\"150\" height=\"150\" src=\"https:\/\/www.diocesicuneofossano.it\/old\/wp-content\/uploads\/sites\/2\/2020\/03\/condivisione-300x300-1-150x150.jpg\" class=\"attachment-thumbnail size-thumbnail wp-post-image\" alt=\"\" srcset=\"https:\/\/www.diocesicuneofossano.it\/old\/wp-content\/uploads\/sites\/2\/2020\/03\/condivisione-300x300-1-150x150.jpg 150w, https:\/\/www.diocesicuneofossano.it\/old\/wp-content\/uploads\/sites\/2\/2020\/03\/condivisione-300x300-1.jpg 300w\" sizes=\"(max-width: 150px) 100vw, 150px\" \/><\/a><\/center>\n\t\t\t\t\t\t\t\t\t\t\t\t\t\t\t\t\t\t\t<\/a>\n\n\t\t\t\t\t\t\t\t <\/div> \n\t\t\t\t\t\t\t<\/div>\n\n\t\t\t\t\t\t\n\t\t\t\t\t\t<div class=\"iw-so-article-content iw-so-blog-article-responsive\">\n\n\t\t\t\t\t\t\t\n\t\t\t\t\t\t\t<h6 class=\"iw-so-article-title iw-text-left\">\n\t\t\t\t\t\t\t\t<a href=\"https:\/\/www.diocesicuneofossano.it\/old\/2020\/03\/09\/buone-prassi\/\">\t\t\t\t\t\t\t\t\tBuone prassi\t\t\t\t\t\t\t\t<\/a>\t\t\t\t\t\t\t<\/h6>\n\n\t\t\t\t\t\t\t\n\t\t\t\t\t\t\t\n\t\t\t\t\t\t\t\t<p class=\"iw-so-article-excerpt iw-text-left\">\n\t\t\t\t\t\t\t\t\t\t\t\t\t\t\t\t\t\t\tUn incontro originale e ben riuscito, una celebrazione coinvolgente, una bella idea per un dono alle famiglie, una tradizione consolidata ma sempre significativa, un momento di preghiera adatto anche...\t\t\t\t\t\t\t\t\t\t\t\t\t\t\t\t\t<\/p>\n\n\t\t\t\t\t\t\t\n\t\t\t\t\t\t\t\n\t\t\t\t\t\t\t\n\t\t\t\t\t\t<\/div>\n\n\t\t\t\t\t<\/div>\n\n\t\t\t\t\t\n\t\t\t\t\n\t\t\t<\/div>\n\n\t\t\t\n\t\t\t\t\n\t\t\t\t\t<h3 class=\"screen-reader-text\">Posts Navigation<\/h3>\n\t\t\t<nav id='iw-so-blog-pagination' class=\"iw-so-blog-pagination iw-so-blog-prev-next iw-so-navi-btn iw-so-navi-btn-hover iw-so-navi-btn-click\" role=\"navigation\">\n\t\t\t\t<ul>\n\t\t\t\t\t<li class=\"iw-so-blog-previous\"><\/li>\n\t\t\t\t\t<li class=\"iw-so-blog-next\"><\/li>\n\t\t\t\t<\/ul>\n\t\t\t<\/nav>\n\t\t\n\t\t\n\t\n\t\t\t\n\t\t<\/div>\n\n\t<\/div>\n\n\n<\/div><\/div><\/div><\/div><\/div>","protected":false},"excerpt":{"rendered":"<p>La pastorale pre e post battesimale chiama in causa le nostre comunit\u00e0 cristiane e pone al centro la famiglia. Riconosce che i genitori cristiani sono i primi annunciatori del Vangelo e che la famiglia ha un ruolo fondamentale nell\u2019educazione alla fede. Un compito permanente, ma insostituibile nei primi anni di vita del bambino.<\/p>\n","protected":false},"author":8,"featured_media":0,"parent":0,"menu_order":0,"comment_status":"closed","ping_status":"closed","template":"","meta":{"_acf_changed":false,"footnotes":""},"class_list":["post-1614704025","page","type-page","status-publish","hentry"],"acf":[],"yoast_head":"<!-- This site is optimized with the Yoast SEO plugin v25.3 - https:\/\/yoast.com\/wordpress\/plugins\/seo\/ -->\n<title>Pastorale pre post battesimale - OLD - Diocesi di Cuneo e di Fossano<\/title>\n<meta name=\"robots\" content=\"noindex, follow, max-snippet:-1, max-image-preview:large, max-video-preview:-1\" \/>\n<meta property=\"og:locale\" content=\"it_IT\" \/>\n<meta property=\"og:type\" content=\"article\" \/>\n<meta property=\"og:title\" content=\"Pastorale pre post battesimale - OLD - Diocesi di Cuneo e di Fossano\" \/>\n<meta property=\"og:description\" content=\"La pastorale pre e post battesimale chiama in causa le nostre comunit\u00e0 cristiane e pone al centro la famiglia. Riconosce che i genitori cristiani sono i primi annunciatori del Vangelo e che la famiglia ha un ruolo fondamentale nell\u2019educazione alla fede. Un compito permanente, ma insostituibile nei primi anni di vita del bambino.\" \/>\n<meta property=\"og:url\" content=\"https:\/\/www.diocesicuneofossano.it\/old\/pastorale-pre-post-battesimale\/\" \/>\n<meta property=\"og:site_name\" content=\"OLD - Diocesi di Cuneo e di Fossano\" \/>\n<meta property=\"article:modified_time\" content=\"2021-10-12T09:11:44+00:00\" \/>\n<meta name=\"twitter:card\" content=\"summary_large_image\" \/>\n<script type=\"application\/ld+json\" class=\"yoast-schema-graph\">{\"@context\":\"https:\/\/schema.org\",\"@graph\":[{\"@type\":\"WebPage\",\"@id\":\"https:\/\/www.diocesicuneofossano.it\/old\/pastorale-pre-post-battesimale\/\",\"url\":\"https:\/\/www.diocesicuneofossano.it\/old\/pastorale-pre-post-battesimale\/\",\"name\":\"Pastorale pre post battesimale - OLD - Diocesi di Cuneo e di Fossano\",\"isPartOf\":{\"@id\":\"https:\/\/www.diocesicuneofossano.it\/old\/#website\"},\"datePublished\":\"2021-10-12T07:35:14+00:00\",\"dateModified\":\"2021-10-12T09:11:44+00:00\",\"breadcrumb\":{\"@id\":\"https:\/\/www.diocesicuneofossano.it\/old\/pastorale-pre-post-battesimale\/#breadcrumb\"},\"inLanguage\":\"it-IT\",\"potentialAction\":[{\"@type\":\"ReadAction\",\"target\":[\"https:\/\/www.diocesicuneofossano.it\/old\/pastorale-pre-post-battesimale\/\"]}]},{\"@type\":\"BreadcrumbList\",\"@id\":\"https:\/\/www.diocesicuneofossano.it\/old\/pastorale-pre-post-battesimale\/#breadcrumb\",\"itemListElement\":[{\"@type\":\"ListItem\",\"position\":1,\"name\":\"Home\",\"item\":\"https:\/\/www.diocesicuneofossano.it\/old\/\"},{\"@type\":\"ListItem\",\"position\":2,\"name\":\"Pastorale pre post battesimale\"}]},{\"@type\":\"WebSite\",\"@id\":\"https:\/\/www.diocesicuneofossano.it\/old\/#website\",\"url\":\"https:\/\/www.diocesicuneofossano.it\/old\/\",\"name\":\"OLD - Diocesi di Cuneo e di Fossano\",\"description\":\"\",\"potentialAction\":[{\"@type\":\"SearchAction\",\"target\":{\"@type\":\"EntryPoint\",\"urlTemplate\":\"https:\/\/www.diocesicuneofossano.it\/old\/?s={search_term_string}\"},\"query-input\":{\"@type\":\"PropertyValueSpecification\",\"valueRequired\":true,\"valueName\":\"search_term_string\"}}],\"inLanguage\":\"it-IT\"}]}<\/script>\n<!-- \/ Yoast SEO plugin. -->","yoast_head_json":{"title":"Pastorale pre post battesimale - OLD - Diocesi di Cuneo e di Fossano","robots":{"index":"noindex","follow":"follow","max-snippet":"max-snippet:-1","max-image-preview":"max-image-preview:large","max-video-preview":"max-video-preview:-1"},"og_locale":"it_IT","og_type":"article","og_title":"Pastorale pre post battesimale - OLD - Diocesi di Cuneo e di Fossano","og_description":"La pastorale pre e post battesimale chiama in causa le nostre comunit\u00e0 cristiane e pone al centro la famiglia. Riconosce che i genitori cristiani sono i primi annunciatori del Vangelo e che la famiglia ha un ruolo fondamentale nell\u2019educazione alla fede. Un compito permanente, ma insostituibile nei primi anni di vita del bambino.","og_url":"https:\/\/www.diocesicuneofossano.it\/old\/pastorale-pre-post-battesimale\/","og_site_name":"OLD - Diocesi di Cuneo e di Fossano","article_modified_time":"2021-10-12T09:11:44+00:00","twitter_card":"summary_large_image","schema":{"@context":"https:\/\/schema.org","@graph":[{"@type":"WebPage","@id":"https:\/\/www.diocesicuneofossano.it\/old\/pastorale-pre-post-battesimale\/","url":"https:\/\/www.diocesicuneofossano.it\/old\/pastorale-pre-post-battesimale\/","name":"Pastorale pre post battesimale - OLD - Diocesi di Cuneo e di Fossano","isPartOf":{"@id":"https:\/\/www.diocesicuneofossano.it\/old\/#website"},"datePublished":"2021-10-12T07:35:14+00:00","dateModified":"2021-10-12T09:11:44+00:00","breadcrumb":{"@id":"https:\/\/www.diocesicuneofossano.it\/old\/pastorale-pre-post-battesimale\/#breadcrumb"},"inLanguage":"it-IT","potentialAction":[{"@type":"ReadAction","target":["https:\/\/www.diocesicuneofossano.it\/old\/pastorale-pre-post-battesimale\/"]}]},{"@type":"BreadcrumbList","@id":"https:\/\/www.diocesicuneofossano.it\/old\/pastorale-pre-post-battesimale\/#breadcrumb","itemListElement":[{"@type":"ListItem","position":1,"name":"Home","item":"https:\/\/www.diocesicuneofossano.it\/old\/"},{"@type":"ListItem","position":2,"name":"Pastorale pre post battesimale"}]},{"@type":"WebSite","@id":"https:\/\/www.diocesicuneofossano.it\/old\/#website","url":"https:\/\/www.diocesicuneofossano.it\/old\/","name":"OLD - Diocesi di Cuneo e di Fossano","description":"","potentialAction":[{"@type":"SearchAction","target":{"@type":"EntryPoint","urlTemplate":"https:\/\/www.diocesicuneofossano.it\/old\/?s={search_term_string}"},"query-input":{"@type":"PropertyValueSpecification","valueRequired":true,"valueName":"search_term_string"}}],"inLanguage":"it-IT"}]}},"_links":{"self":[{"href":"https:\/\/www.diocesicuneofossano.it\/old\/wp-json\/wp\/v2\/pages\/1614704025"}],"collection":[{"href":"https:\/\/www.diocesicuneofossano.it\/old\/wp-json\/wp\/v2\/pages"}],"about":[{"href":"https:\/\/www.diocesicuneofossano.it\/old\/wp-json\/wp\/v2\/types\/page"}],"author":[{"embeddable":true,"href":"https:\/\/www.diocesicuneofossano.it\/old\/wp-json\/wp\/v2\/users\/8"}],"replies":[{"embeddable":true,"href":"https:\/\/www.diocesicuneofossano.it\/old\/wp-json\/wp\/v2\/comments?post=1614704025"}],"version-history":[{"count":3,"href":"https:\/\/www.diocesicuneofossano.it\/old\/wp-json\/wp\/v2\/pages\/1614704025\/revisions"}],"predecessor-version":[{"id":1614706976,"href":"https:\/\/www.diocesicuneofossano.it\/old\/wp-json\/wp\/v2\/pages\/1614704025\/revisions\/1614706976"}],"wp:attachment":[{"href":"https:\/\/www.diocesicuneofossano.it\/old\/wp-json\/wp\/v2\/media?parent=1614704025"}],"curies":[{"name":"wp","href":"https:\/\/api.w.org\/{rel}","templated":true}]}}